{"id":145,"date":"2016-11-28T10:46:34","date_gmt":"2016-11-28T10:46:34","guid":{"rendered":"https:\/\/www.sutearo.eus\/?page_id=145"},"modified":"2026-03-17T12:03:16","modified_gmt":"2026-03-17T11:03:16","slug":"preguntas-sobre-extintores","status":"publish","type":"page","link":"https:\/\/www.sutearo.eus\/es\/preguntas-sobre-extintores\/","title":{"rendered":"SOBRE LOS EXTINTORES"},"content":{"rendered":"<p>[et_pb_section fb_built=\u00bb1&#8243; custom_padding_last_edited=\u00bbon|desktop\u00bb admin_label=\u00bbsection\u00bb _builder_version=\u00bb4.16&#8243; background_color=\u00bb#c7bfb6&#8243; custom_padding_tablet=\u00bb50px|0|50px|0&#8243; transparent_background=\u00bboff\u00bb padding_mobile=\u00bboff\u00bb make_fullwidth=\u00bboff\u00bb use_custom_width=\u00bboff\u00bb width_unit=\u00bbon\u00bb custom_width_px=\u00bb1080px\u00bb custom_width_percent=\u00bb80%\u00bb global_colors_info=\u00bb{}\u00bb custom_padding_phone=\u00bb50px|0|50px|0&#8243;][et_pb_row padding_mobile=\u00bboff\u00bb column_padding_mobile=\u00bbon\u00bb admin_label=\u00bbFila\u00bb _builder_version=\u00bb4.16&#8243; background_size=\u00bbinitial\u00bb background_position=\u00bbtop_left\u00bb background_repeat=\u00bbrepeat\u00bb custom_margin=\u00bb-30px|||\u00bb make_fullwidth=\u00bboff\u00bb use_custom_width=\u00bboff\u00bb width_unit=\u00bbon\u00bb custom_width_px=\u00bb1080px\u00bb custom_width_percent=\u00bb80%\u00bb global_colors_info=\u00bb{}\u00bb][et_pb_column type=\u00bb4_4&#8243; _builder_version=\u00bb4.16&#8243; custom_padding=\u00bb|||\u00bb global_colors_info=\u00bb{}\u00bb custom_padding__hover=\u00bb|||\u00bb][et_pb_text admin_label=\u00bbTexto\u00bb _builder_version=\u00bb4.16&#8243; text_text_color=\u00bb#978a7c\u00bb header_font=\u00bbRoboto Condensed||||\u00bb header_text_color=\u00bb#978a7c\u00bb header_font_size=\u00bb35px\u00bb background_size=\u00bbinitial\u00bb background_position=\u00bbtop_left\u00bb background_repeat=\u00bbrepeat\u00bb custom_margin=\u00bb-20px|||\u00bb use_border_color=\u00bboff\u00bb border_style=\u00bbsolid\u00bb global_colors_info=\u00bb{}\u00bb]<\/p>\n<h1><span style=\"color: #ffffff;\">PREGUNTAS SOBRE\u00a0EXTINTORES<\/span><\/h1>\n<hr \/>\n<p>[\/et_pb_text][\/et_pb_column][\/et_pb_row][et_pb_row use_custom_gutter=\u00bbon\u00bb gutter_width=\u00bb2&#8243; padding_mobile=\u00bboff\u00bb column_padding_mobile=\u00bbon\u00bb admin_label=\u00bbrow\u00bb _builder_version=\u00bb4.16&#8243; background_size=\u00bbinitial\u00bb background_position=\u00bbtop_left\u00bb background_repeat=\u00bbrepeat\u00bb custom_margin=\u00bb-50px|||\u00bb make_fullwidth=\u00bboff\u00bb use_custom_width=\u00bboff\u00bb width_unit=\u00bbon\u00bb custom_width_px=\u00bb1080px\u00bb custom_width_percent=\u00bb80%\u00bb global_colors_info=\u00bb{}\u00bb column_structure=\u00bb1_3,1_3,1_3&#8243;][et_pb_column type=\u00bb1_3&#8243; _builder_version=\u00bb4.16&#8243; custom_padding=\u00bb|||\u00bb global_colors_info=\u00bb{}\u00bb custom_padding__hover=\u00bb|||\u00bb][et_pb_image src=\u00bbhttps:\/\/www.sutearo.eus\/wp-content\/uploads\/2016\/11\/su-itzalgailua.jpg\u00bb align_tablet=\u00bbcenter\u00bb align_last_edited=\u00bbon|desktop\u00bb admin_label=\u00bbImagen\u00bb _builder_version=\u00bb4.16&#8243; use_border_color=\u00bboff\u00bb border_color=\u00bb#ffffff\u00bb border_width=\u00bb1px\u00bb border_style=\u00bbsolid\u00bb animation=\u00bboff\u00bb sticky=\u00bboff\u00bb always_center_on_mobile=\u00bbon\u00bb global_colors_info=\u00bb{}\u00bb align_phone=\u00bbcenter\u00bb] [\/et_pb_image][\/et_pb_column][et_pb_column type=\u00bb1_3&#8243; _builder_version=\u00bb4.16&#8243; custom_padding=\u00bb|||\u00bb global_colors_info=\u00bb{}\u00bb custom_padding__hover=\u00bb|||\u00bb][et_pb_toggle title=\u00bb\u00bfLos extintores deben cambiarse anualmente?\u00bb open_toggle_text_color=\u00bb#d4782f\u00bb closed_toggle_text_color=\u00bb#ffffff\u00bb closed_toggle_background_color=\u00bb#c31e1f\u00bb icon_color=\u00bb#d4782f\u00bb open_icon_color=\u00bb#d4782f\u00bb admin_label=\u00bbCambio anual\u00bb _builder_version=\u00bb4.16&#8243; title_font=\u00bbMerriweather||||\u00bb title_font_size=\u00bb22&#8243; title_line_height=\u00bb1.1em\u00bb body_text_color=\u00bb#32211e\u00bb background_size=\u00bbinitial\u00bb background_position=\u00bbtop_left\u00bb background_repeat=\u00bbrepeat\u00bb use_border_color=\u00bboff\u00bb border_color=\u00bb#ffffff\u00bb border_width=\u00bb1px\u00bb border_style=\u00bbsolid\u00bb saved_tabs=\u00bball\u00bb global_colors_info=\u00bb{}\u00bb]No. La bombona del extintor tiene una caducidad de 20 a\u00f1os. El material que posee en el interior debe ser cambiado cada cinco a\u00f1os, cambio que realiza Sutearo con la colaboraci\u00f3n de todas las personas asociadas.<\/p>\n<p>Lo que es aconsejable es revisar si la aguja que marca la presi\u00f3n del extintor est\u00e1 en la zona verde. Esta revisi\u00f3n hay que hacerla por lo menos anualmente. Si la aguja est\u00e1 en la zona roja izquierda a la zona verde, hay que cambiar el extintor porque ha perdido la presi\u00f3n. Este cambio es gratuito. Es conveniente tambi\u00e9n, anualmente descolgar el extintor, moverlo poni\u00e9ndolo cabeza abajo, y volverlo a colgar.<br \/>\n[\/et_pb_toggle][et_pb_button button_url=\u00bbhttps:\/\/www.sutearo.eus\/wp-content\/uploads\/2016\/11\/Su-itzalgailuak-2016.pdf\u00bb button_text=\u00bbVer pdf\u00bb button_alignment=\u00bbleft\u00bb admin_label=\u00bbBot\u00f3n\u00bb _builder_version=\u00bb4.16&#8243; custom_button=\u00bbon\u00bb button_text_size=\u00bb17&#8243; button_text_color=\u00bb#32211e\u00bb button_bg_color=\u00bb#ffffff\u00bb button_border_color=\u00bb#978a7c\u00bb button_icon=\u00bb&#x39;||divi||400&#8243; button_border_radius_hover=\u00bb12&#8243; button_letter_spacing_hover=\u00bb22&#8243; saved_tabs=\u00bball\u00bb global_colors_info=\u00bb{}\u00bb button_text_size__hover_enabled=\u00bboff\u00bb button_one_text_size__hover_enabled=\u00bboff\u00bb button_two_text_size__hover_enabled=\u00bboff\u00bb button_text_color__hover_enabled=\u00bboff\u00bb button_one_text_color__hover_enabled=\u00bboff\u00bb button_two_text_color__hover_enabled=\u00bboff\u00bb button_border_width__hover_enabled=\u00bboff\u00bb button_one_border_width__hover_enabled=\u00bboff\u00bb button_two_border_width__hover_enabled=\u00bboff\u00bb button_border_color__hover_enabled=\u00bboff\u00bb button_one_border_color__hover_enabled=\u00bboff\u00bb button_two_border_color__hover_enabled=\u00bboff\u00bb button_border_radius__hover_enabled=\u00bbon\u00bb button_border_radius__hover=\u00bb12&#8243; button_one_border_radius__hover_enabled=\u00bboff\u00bb button_two_border_radius__hover_enabled=\u00bboff\u00bb button_letter_spacing__hover_enabled=\u00bbon\u00bb button_letter_spacing__hover=\u00bb22&#8243; button_one_letter_spacing__hover_enabled=\u00bboff\u00bb button_two_letter_spacing__hover_enabled=\u00bboff\u00bb button_bg_color__hover_enabled=\u00bboff\u00bb button_one_bg_color__hover_enabled=\u00bboff\u00bb button_two_bg_color__hover_enabled=\u00bboff\u00bb] [\/et_pb_button][\/et_pb_column][et_pb_column type=\u00bb1_3&#8243; _builder_version=\u00bb4.16&#8243; custom_padding=\u00bb|||\u00bb global_colors_info=\u00bb{}\u00bb custom_padding__hover=\u00bb|||\u00bb][et_pb_toggle title=\u00bb\u00bfD\u00f3nde se debe colocar el extintor?\u00bb open_toggle_text_color=\u00bb#d4782f\u00bb closed_toggle_text_color=\u00bb#ffffff\u00bb closed_toggle_background_color=\u00bb#c31e1f\u00bb icon_color=\u00bb#d4782f\u00bb open_icon_color=\u00bb#d4782f\u00bb admin_label=\u00bbColocaci\u00f3n extintor\u00bb _builder_version=\u00bb4.16&#8243; title_font=\u00bbMerriweather||||\u00bb title_font_size=\u00bb22&#8243; title_line_height=\u00bb1.1em\u00bb body_text_color=\u00bb#32211e\u00bb background_size=\u00bbinitial\u00bb background_position=\u00bbtop_left\u00bb background_repeat=\u00bbrepeat\u00bb use_border_color=\u00bboff\u00bb border_color=\u00bb#ffffff\u00bb border_width=\u00bb1px\u00bb border_style=\u00bbsolid\u00bb saved_tabs=\u00bball\u00bb global_colors_info=\u00bb{}\u00bb]Lo m\u00e1s cerca posible, por dentro o por fuera, de la puerta que utilizamos para salir de casa y colgado a una altura aproximada de 1,70 del suelo.<br \/>\n[\/et_pb_toggle][\/et_pb_column][\/et_pb_row][\/et_pb_section]<\/p>\n","protected":false},"excerpt":{"rendered":"<p>PREGUNTAS SOBRE\u00a0EXTINTORES No. La bombona del extintor tiene una caducidad de 20 a\u00f1os. El material que posee en el interior debe ser cambiado cada cinco a\u00f1os, cambio que realiza Sutearo con la colaboraci\u00f3n de todas las personas asociadas. Lo que es aconsejable es revisar si la aguja que marca la presi\u00f3n del extintor est\u00e1 en [&hellip;]<\/p>\n","protected":false},"author":1,"featured_media":0,"parent":0,"menu_order":0,"comment_status":"closed","ping_status":"closed","template":"","meta":{"_et_pb_use_builder":"on","_et_pb_old_content":"","_et_gb_content_width":"","footnotes":""},"class_list":["post-145","page","type-page","status-publish","hentry"],"yoast_head":"<!-- This site is optimized with the Yoast SEO plugin v27.2 - https:\/\/yoast.com\/product\/yoast-seo-wordpress\/ -->\n<title>PREGUNTAS SOBRE LOS EXTINTORES<\/title>\n<meta name=\"description\" content=\"\u00bfLos extintores deben cambiarse anualmente? \u00bfD\u00f3nde se debe colocar el extintor?\" \/>\n<meta name=\"robots\" content=\"index, follow, max-snippet:-1, max-image-preview:large, max-video-preview:-1\" \/>\n<link rel=\"canonical\" href=\"https:\/\/www.sutearo.eus\/su-itzalgailuei-buruzko-galderak\/\" \/>\n<meta property=\"og:locale\" content=\"es_ES\" \/>\n<meta property=\"og:type\" content=\"article\" \/>\n<meta property=\"og:title\" content=\"PREGUNTAS SOBRE LOS EXTINTORES\" \/>\n<meta property=\"og:description\" content=\"\u00bfLos extintores deben cambiarse anualmente? \u00bfD\u00f3nde se debe colocar el extintor?\" \/>\n<meta property=\"og:url\" content=\"https:\/\/www.sutearo.eus\/su-itzalgailuei-buruzko-galderak\/\" \/>\n<meta property=\"og:site_name\" content=\"Sutearo. Elkarri Laguntzeko Erakundea. Entidad de ayuda mutua\" \/>\n<meta property=\"article:modified_time\" content=\"2026-03-17T11:03:16+00:00\" \/>\n<meta name=\"twitter:card\" content=\"summary_large_image\" \/>\n<meta name=\"twitter:label1\" content=\"Tiempo de lectura\" \/>\n\t<meta name=\"twitter:data1\" content=\"4 minutos\" \/>\n<script type=\"application\/ld+json\" class=\"yoast-schema-graph\">{\"@context\":\"https:\/\/schema.org\",\"@graph\":[{\"@type\":\"WebPage\",\"@id\":\"https:\/\/www.sutearo.eus\/su-itzalgailuei-buruzko-galderak\/\",\"url\":\"https:\/\/www.sutearo.eus\/su-itzalgailuei-buruzko-galderak\/\",\"name\":\"PREGUNTAS SOBRE LOS EXTINTORES\",\"isPartOf\":{\"@id\":\"https:\/\/www.sutearo.eus\/#website\"},\"datePublished\":\"2016-11-28T10:46:34+00:00\",\"dateModified\":\"2026-03-17T11:03:16+00:00\",\"description\":\"\u00bfLos extintores deben cambiarse anualmente? \u00bfD\u00f3nde se debe colocar el extintor?\",\"breadcrumb\":{\"@id\":\"https:\/\/www.sutearo.eus\/su-itzalgailuei-buruzko-galderak\/#breadcrumb\"},\"inLanguage\":\"es\",\"potentialAction\":[{\"@type\":\"ReadAction\",\"target\":[\"https:\/\/www.sutearo.eus\/su-itzalgailuei-buruzko-galderak\/\"]}]},{\"@type\":\"BreadcrumbList\",\"@id\":\"https:\/\/www.sutearo.eus\/su-itzalgailuei-buruzko-galderak\/#breadcrumb\",\"itemListElement\":[{\"@type\":\"ListItem\",\"position\":1,\"name\":\"Portada\",\"item\":\"https:\/\/www.sutearo.eus\/es\/\"},{\"@type\":\"ListItem\",\"position\":2,\"name\":\"SOBRE LOS EXTINTORES\"}]},{\"@type\":\"WebSite\",\"@id\":\"https:\/\/www.sutearo.eus\/#website\",\"url\":\"https:\/\/www.sutearo.eus\/\",\"name\":\"Sutearo. Elkarri Laguntzeko Erakundea. Entidad de ayuda mutua\",\"description\":\"Respondemos de los posibles da\u00f1os que se puedan ocasionar en nuestras viviendas\",\"potentialAction\":[{\"@type\":\"SearchAction\",\"target\":{\"@type\":\"EntryPoint\",\"urlTemplate\":\"https:\/\/www.sutearo.eus\/?s={search_term_string}\"},\"query-input\":{\"@type\":\"PropertyValueSpecification\",\"valueRequired\":true,\"valueName\":\"search_term_string\"}}],\"inLanguage\":\"es\"}]}<\/script>\n<!-- \/ Yoast SEO plugin. -->","yoast_head_json":{"title":"PREGUNTAS SOBRE LOS EXTINTORES","description":"\u00bfLos extintores deben cambiarse anualmente? \u00bfD\u00f3nde se debe colocar el extintor?","robots":{"index":"index","follow":"follow","max-snippet":"max-snippet:-1","max-image-preview":"max-image-preview:large","max-video-preview":"max-video-preview:-1"},"canonical":"https:\/\/www.sutearo.eus\/su-itzalgailuei-buruzko-galderak\/","og_locale":"es_ES","og_type":"article","og_title":"PREGUNTAS SOBRE LOS EXTINTORES","og_description":"\u00bfLos extintores deben cambiarse anualmente? \u00bfD\u00f3nde se debe colocar el extintor?","og_url":"https:\/\/www.sutearo.eus\/su-itzalgailuei-buruzko-galderak\/","og_site_name":"Sutearo. Elkarri Laguntzeko Erakundea. Entidad de ayuda mutua","article_modified_time":"2026-03-17T11:03:16+00:00","twitter_card":"summary_large_image","twitter_misc":{"Tiempo de lectura":"4 minutos"},"schema":{"@context":"https:\/\/schema.org","@graph":[{"@type":"WebPage","@id":"https:\/\/www.sutearo.eus\/su-itzalgailuei-buruzko-galderak\/","url":"https:\/\/www.sutearo.eus\/su-itzalgailuei-buruzko-galderak\/","name":"PREGUNTAS SOBRE LOS EXTINTORES","isPartOf":{"@id":"https:\/\/www.sutearo.eus\/#website"},"datePublished":"2016-11-28T10:46:34+00:00","dateModified":"2026-03-17T11:03:16+00:00","description":"\u00bfLos extintores deben cambiarse anualmente? \u00bfD\u00f3nde se debe colocar el extintor?","breadcrumb":{"@id":"https:\/\/www.sutearo.eus\/su-itzalgailuei-buruzko-galderak\/#breadcrumb"},"inLanguage":"es","potentialAction":[{"@type":"ReadAction","target":["https:\/\/www.sutearo.eus\/su-itzalgailuei-buruzko-galderak\/"]}]},{"@type":"BreadcrumbList","@id":"https:\/\/www.sutearo.eus\/su-itzalgailuei-buruzko-galderak\/#breadcrumb","itemListElement":[{"@type":"ListItem","position":1,"name":"Portada","item":"https:\/\/www.sutearo.eus\/es\/"},{"@type":"ListItem","position":2,"name":"SOBRE LOS EXTINTORES"}]},{"@type":"WebSite","@id":"https:\/\/www.sutearo.eus\/#website","url":"https:\/\/www.sutearo.eus\/","name":"Sutearo. Elkarri Laguntzeko Erakundea. Entidad de ayuda mutua","description":"Respondemos de los posibles da\u00f1os que se puedan ocasionar en nuestras viviendas","potentialAction":[{"@type":"SearchAction","target":{"@type":"EntryPoint","urlTemplate":"https:\/\/www.sutearo.eus\/?s={search_term_string}"},"query-input":{"@type":"PropertyValueSpecification","valueRequired":true,"valueName":"search_term_string"}}],"inLanguage":"es"}]}},"_links":{"self":[{"href":"https:\/\/www.sutearo.eus\/es\/wp-json\/wp\/v2\/pages\/145","targetHints":{"allow":["GET"]}}],"collection":[{"href":"https:\/\/www.sutearo.eus\/es\/wp-json\/wp\/v2\/pages"}],"about":[{"href":"https:\/\/www.sutearo.eus\/es\/wp-json\/wp\/v2\/types\/page"}],"author":[{"embeddable":true,"href":"https:\/\/www.sutearo.eus\/es\/wp-json\/wp\/v2\/users\/1"}],"replies":[{"embeddable":true,"href":"https:\/\/www.sutearo.eus\/es\/wp-json\/wp\/v2\/comments?post=145"}],"version-history":[{"count":28,"href":"https:\/\/www.sutearo.eus\/es\/wp-json\/wp\/v2\/pages\/145\/revisions"}],"predecessor-version":[{"id":5752,"href":"https:\/\/www.sutearo.eus\/es\/wp-json\/wp\/v2\/pages\/145\/revisions\/5752"}],"wp:attachment":[{"href":"https:\/\/www.sutearo.eus\/es\/wp-json\/wp\/v2\/media?parent=145"}],"curies":[{"name":"wp","href":"https:\/\/api.w.org\/{rel}","templated":true}]}}