{"id":1845,"date":"2017-01-02T12:03:40","date_gmt":"2017-01-02T12:03:40","guid":{"rendered":"https:\/\/www.sutearo.eus\/?page_id=1845"},"modified":"2026-03-17T12:10:47","modified_gmt":"2026-03-17T11:10:47","slug":"mapa-web","status":"publish","type":"page","link":"https:\/\/www.sutearo.eus\/es\/mapa-web\/","title":{"rendered":"MAPA WEB"},"content":{"rendered":"<p>[et_pb_section fb_built=\u00bb1&#8243; custom_padding_last_edited=\u00bbon|desktop\u00bb admin_label=\u00bbsection\u00bb _builder_version=\u00bb4.16&#8243; background_color=\u00bb#efece9&#8243; custom_padding_tablet=\u00bb50px|0|50px|0&#8243; transparent_background=\u00bboff\u00bb padding_mobile=\u00bboff\u00bb make_fullwidth=\u00bboff\u00bb use_custom_width=\u00bboff\u00bb width_unit=\u00bbon\u00bb global_colors_info=\u00bb{}\u00bb custom_padding_phone=\u00bb50px|0|50px|0&#8243;][et_pb_row padding_mobile=\u00bboff\u00bb column_padding_mobile=\u00bbon\u00bb admin_label=\u00bbFila\u00bb _builder_version=\u00bb4.16&#8243; background_size=\u00bbinitial\u00bb background_position=\u00bbtop_left\u00bb background_repeat=\u00bbrepeat\u00bb custom_margin=\u00bb-30px|||\u00bb make_fullwidth=\u00bboff\u00bb use_custom_width=\u00bboff\u00bb width_unit=\u00bbon\u00bb global_colors_info=\u00bb{}\u00bb][et_pb_column type=\u00bb4_4&#8243; _builder_version=\u00bb4.16&#8243; custom_padding=\u00bb|||\u00bb global_colors_info=\u00bb{}\u00bb custom_padding__hover=\u00bb|||\u00bb][et_pb_text admin_label=\u00bbTexto\u00bb _builder_version=\u00bb4.16&#8243; text_text_color=\u00bb#978a7c\u00bb header_font=\u00bbRoboto Condensed||||\u00bb header_text_color=\u00bb#978a7c\u00bb header_font_size=\u00bb45&#8243; background_size=\u00bbinitial\u00bb background_position=\u00bbtop_left\u00bb background_repeat=\u00bbrepeat\u00bb use_border_color=\u00bboff\u00bb border_color=\u00bb#ffffff\u00bb border_style=\u00bbsolid\u00bb global_colors_info=\u00bb{}\u00bb]<\/p>\n<h1><span style=\"color: #c31e1f;\">MAPA WEB<\/span><\/h1>\n<hr \/>\n<p>&nbsp;<br \/>\n[\/et_pb_text][\/et_pb_column][\/et_pb_row][et_pb_row use_custom_gutter=\u00bbon\u00bb gutter_width=\u00bb2&#8243; padding_mobile=\u00bboff\u00bb column_padding_mobile=\u00bbon\u00bb admin_label=\u00bbrow\u00bb _builder_version=\u00bb4.16&#8243; background_size=\u00bbinitial\u00bb background_position=\u00bbtop_left\u00bb background_repeat=\u00bbrepeat\u00bb custom_margin=\u00bb-50px|||\u00bb make_fullwidth=\u00bboff\u00bb use_custom_width=\u00bboff\u00bb width_unit=\u00bbon\u00bb global_colors_info=\u00bb{}\u00bb column_structure=\u00bb1_4,1_4,1_4,1_4&#8243;][et_pb_column type=\u00bb1_4&#8243; _builder_version=\u00bb4.16&#8243; custom_padding=\u00bb|||\u00bb global_colors_info=\u00bb{}\u00bb custom_padding__hover=\u00bb|||\u00bb][et_pb_text admin_label=\u00bbTexto\u00bb _builder_version=\u00bb4.16&#8243; background_size=\u00bbinitial\u00bb background_position=\u00bbtop_left\u00bb background_repeat=\u00bbrepeat\u00bb use_border_color=\u00bboff\u00bb border_color=\u00bb#ffffff\u00bb border_style=\u00bbsolid\u00bb global_colors_info=\u00bb{}\u00bb]<\/p>\n<hr size=\"4px\" \/>\n<h4><a href=\"https:\/\/www.sutearo.eus\/es\/\"><strong>Inicio<\/strong><\/a><\/h4>\n<hr size=\"4px\" \/>\n<h4><a href=\"https:\/\/www.sutearo.eus\/es\/somos-sutearo\/\"><strong>Somos Sutearo<\/strong><\/a><\/h4>\n<ul>\n<li><a href=\"https:\/\/www.sutearo.eus\/es\/tipos-de-vivienda\/\">Tipos de vivienda<br \/>\n<\/a><\/li>\n<li><a href=\"https:\/\/www.sutearo.eus\/es\/ambito-de-sutearo\/\">\u00c1mbito de Sutearo<br \/>\n<\/a><\/li>\n<li><a href=\"https:\/\/www.sutearo.eus\/es\/no-somos-una-compania-de-seguros\/\">No somos una compa\u00f1\u00eda de seguros<br \/>\n<\/a><\/li>\n<li><a href=\"https:\/\/www.sutearo.eus\/es\/derechos\/\">Derechos<br \/>\n<\/a><\/li>\n<li><a href=\"https:\/\/www.sutearo.eus\/es\/obligaciones\/\">Obligaciones<br \/>\n<\/a><\/li>\n<li><a href=\"https:\/\/www.sutearo.eus\/es\/autogestion\/\">Autogesti\u00f3n<br \/>\n<\/a><\/li>\n<li><a href=\"https:\/\/www.sutearo.eus\/es\/economia\/\">Econom\u00eda<\/a><\/li>\n<\/ul>\n<p>[\/et_pb_text][\/et_pb_column][et_pb_column type=\u00bb1_4&#8243; _builder_version=\u00bb4.16&#8243; custom_padding=\u00bb|||\u00bb global_colors_info=\u00bb{}\u00bb custom_padding__hover=\u00bb|||\u00bb][et_pb_text admin_label=\u00bbTexto\u00bb _builder_version=\u00bb4.16&#8243; background_size=\u00bbinitial\u00bb background_position=\u00bbtop_left\u00bb background_repeat=\u00bbrepeat\u00bb use_border_color=\u00bboff\u00bb border_color=\u00bb#ffffff\u00bb border_style=\u00bbsolid\u00bb global_colors_info=\u00bb{}\u00bb]<\/p>\n<hr size=\"4px\" \/>\n<h4><strong><a href=\"https:\/\/www.sutearo.eus\/es\/como-nos-organizamos\/\">C\u00f3mo nos organizamos<\/a><\/strong><\/h4>\n<hr size=\"4px\" \/>\n<h4><strong><a href=\"https:\/\/www.sutearo.eus\/es\/tipos-de-ayuda\/\">Tipos de ayuda<\/a><\/strong><\/h4>\n<hr size=\"4px\" \/>\n<h4><strong><a href=\"https:\/\/www.sutearo.eus\/es\/responsabilidad-civil\/\">Responsabilidad Civil<\/a><\/strong><\/h4>\n<p>[\/et_pb_text][\/et_pb_column][et_pb_column type=\u00bb1_4&#8243; _builder_version=\u00bb4.16&#8243; custom_padding=\u00bb|||\u00bb global_colors_info=\u00bb{}\u00bb custom_padding__hover=\u00bb|||\u00bb][et_pb_text admin_label=\u00bbTexto\u00bb _builder_version=\u00bb4.16&#8243; background_size=\u00bbinitial\u00bb background_position=\u00bbtop_left\u00bb background_repeat=\u00bbrepeat\u00bb use_border_color=\u00bboff\u00bb border_color=\u00bb#ffffff\u00bb border_style=\u00bbsolid\u00bb global_colors_info=\u00bb{}\u00bb]<\/p>\n<hr size=\"4px\" \/>\n<h4><strong><a href=\"https:\/\/www.sutearo.eus\/es\/preguntas-frecuentes\/\">Preguntas frecuentes<\/a><\/strong><\/h4>\n<ul>\n<li><a href=\"https:\/\/www.sutearo.eus\/es\/sobre-ayudas\/\">Sobre las ayudas de Sutearo<\/a><\/li>\n<li><a href=\"https:\/\/www.sutearo.eus\/es\/preguntas-sobre-los-perros\/\">Sobre los perros<\/a><\/li>\n<li><a href=\"https:\/\/www.sutearo.eus\/es\/preguntas-sobre-coste-de-asociacion-recibos-y-caducidad-de-la-inscripcion\/\">Sobre los extintores<\/a><\/li>\n<li><a href=\"https:\/\/www.sutearo.eus\/es\/preguntas-sobre-coste-de-asociacion-recibos-y-caducidad-de-la-inscripcion\/\">Sobre el coste de asociaci\u00f3n, recibos y la caducidad de la inscripci\u00f3n<\/a><\/li>\n<li><a href=\"https:\/\/www.sutearo.eus\/es\/preguntas-sobre-obras-en-las-viviendas\/\">Sobre obras en las viviendas<\/a><\/li>\n<li><a href=\"https:\/\/www.sutearo.eus\/es\/preguntas-sobre-devoluciones-por-bajas-de-personas-asociadas\/\">Sobre las devoluciones por bajas de personas asociadas<\/a><\/li>\n<li><a href=\"https:\/\/www.sutearo.eus\/es\/preguntas-sobre-medidas-preventivas\/\">Sobre medidas preventivas<\/a><\/li>\n<\/ul>\n<hr size=\"4px\" \/>\n<h4><a href=\"https:\/\/www.sutearo.eus\/es\/simulacion\/\"><strong>Simulaci\u00f3n<\/strong><\/a><\/h4>\n<p>&nbsp;<br \/>\n[\/et_pb_text][\/et_pb_column][et_pb_column type=\u00bb1_4&#8243; _builder_version=\u00bb4.16&#8243; custom_padding=\u00bb|||\u00bb global_colors_info=\u00bb{}\u00bb custom_padding__hover=\u00bb|||\u00bb][et_pb_text admin_label=\u00bbTexto\u00bb _builder_version=\u00bb4.16&#8243; background_size=\u00bbinitial\u00bb background_position=\u00bbtop_left\u00bb background_repeat=\u00bbrepeat\u00bb use_border_color=\u00bboff\u00bb border_color=\u00bb#ffffff\u00bb border_style=\u00bbsolid\u00bb global_colors_info=\u00bb{}\u00bb]<\/p>\n<hr size=\"4px\" \/>\n<h4><a href=\"https:\/\/www.sutearo.eus\/es\/contacto\/\"><strong>Contacto<\/strong><\/a><\/h4>\n<hr size=\"4px\" \/>\n<h4><strong><a href=\"http:\/\/bazkidea.sutearo.eus\/socios\/login.jsp\">Acceso socios\/as<\/a><\/strong><\/h4>\n<hr size=\"4px\" \/>\n<h4><a href=\"https:\/\/www.sutearo.eus\/es\/como-funciona-el-extintor\/\"><strong>\u00bfC\u00f3mo funciona el extintor?<\/strong><\/a><\/h4>\n<hr size=\"4px\" \/>\n<h4><a href=\"https:\/\/www.sutearo.eus\/es\/medidas-de-seguridad-en-caso-de-incendio\/\"><strong>Medidas de seguridad en caso de incendio<\/strong><\/a><\/h4>\n<hr size=\"4px\" \/>\n<h4><a href=\"https:\/\/www.sutearo.eus\/expresiones-que-no-describen-de-forma-adecuada-a-sutearo\/\"><strong>Expresiones que no definen a Sutearo<\/strong><\/a><\/h4>\n<hr size=\"4px\" \/>\n<h4><a href=\"https:\/\/www.sutearo.eus\/es\/nuestros-consejos\/\"><strong>Nuestros consejos<\/strong><\/a><\/h4>\n<hr \/>\n<h4><a href=\"https:\/\/www.sutearo.eus\/es\/aviso-legal\/\"><strong>Aviso legal<\/strong><\/a><\/h4>\n<hr size=\"4px\" \/>\n<h4><a href=\"https:\/\/www.sutearo.eus\/es\/politica-de-cookies\/\"><strong>Pol\u00edtica de cookies<\/strong><\/a><\/h4>\n<p>[\/et_pb_text][\/et_pb_column][\/et_pb_row][\/et_pb_section]<\/p>\n","protected":false},"excerpt":{"rendered":"<p>MAPA WEB &nbsp; Inicio Somos Sutearo Tipos de vivienda \u00c1mbito de Sutearo No somos una compa\u00f1\u00eda de seguros Derechos Obligaciones Autogesti\u00f3n Econom\u00eda C\u00f3mo nos organizamos Tipos de ayuda Responsabilidad Civil Preguntas frecuentes Sobre las ayudas de Sutearo Sobre los perros Sobre los extintores Sobre el coste de asociaci\u00f3n, recibos y la caducidad de la inscripci\u00f3n [&hellip;]<\/p>\n","protected":false},"author":1,"featured_media":0,"parent":0,"menu_order":0,"comment_status":"closed","ping_status":"closed","template":"","meta":{"_et_pb_use_builder":"on","_et_pb_old_content":"","_et_gb_content_width":"","footnotes":""},"class_list":["post-1845","page","type-page","status-publish","hentry"],"yoast_head":"<!-- This site is optimized with the Yoast SEO plugin v27.2 - https:\/\/yoast.com\/product\/yoast-seo-wordpress\/ -->\n<title>MAPA WEB - Sutearo. Elkarri Laguntzeko Erakundea. Entidad de ayuda mutua<\/title>\n<meta name=\"robots\" content=\"index, follow, max-snippet:-1, max-image-preview:large, max-video-preview:-1\" \/>\n<link rel=\"canonical\" href=\"https:\/\/www.sutearo.eus\/es\/mapa-web\/\" \/>\n<meta property=\"og:locale\" content=\"es_ES\" \/>\n<meta property=\"og:type\" content=\"article\" \/>\n<meta property=\"og:title\" content=\"MAPA WEB - Sutearo. Elkarri Laguntzeko Erakundea. Entidad de ayuda mutua\" \/>\n<meta property=\"og:description\" content=\"MAPA WEB &nbsp; Inicio Somos Sutearo Tipos de vivienda \u00c1mbito de Sutearo No somos una compa\u00f1\u00eda de seguros Derechos Obligaciones Autogesti\u00f3n Econom\u00eda C\u00f3mo nos organizamos Tipos de ayuda Responsabilidad Civil Preguntas frecuentes Sobre las ayudas de Sutearo Sobre los perros Sobre los extintores Sobre el coste de asociaci\u00f3n, recibos y la caducidad de la inscripci\u00f3n [&hellip;]\" \/>\n<meta property=\"og:url\" content=\"https:\/\/www.sutearo.eus\/es\/mapa-web\/\" \/>\n<meta property=\"og:site_name\" content=\"Sutearo. Elkarri Laguntzeko Erakundea. Entidad de ayuda mutua\" \/>\n<meta property=\"article:modified_time\" content=\"2026-03-17T11:10:47+00:00\" \/>\n<meta name=\"twitter:card\" content=\"summary_large_image\" \/>\n<meta name=\"twitter:label1\" content=\"Tiempo de lectura\" \/>\n\t<meta name=\"twitter:data1\" content=\"3 minutos\" \/>\n<script type=\"application\/ld+json\" class=\"yoast-schema-graph\">{\"@context\":\"https:\/\/schema.org\",\"@graph\":[{\"@type\":\"WebPage\",\"@id\":\"https:\/\/www.sutearo.eus\/es\/mapa-web\/\",\"url\":\"https:\/\/www.sutearo.eus\/es\/mapa-web\/\",\"name\":\"MAPA WEB - Sutearo. Elkarri Laguntzeko Erakundea. Entidad de ayuda mutua\",\"isPartOf\":{\"@id\":\"https:\/\/www.sutearo.eus\/#website\"},\"datePublished\":\"2017-01-02T12:03:40+00:00\",\"dateModified\":\"2026-03-17T11:10:47+00:00\",\"breadcrumb\":{\"@id\":\"https:\/\/www.sutearo.eus\/es\/mapa-web\/#breadcrumb\"},\"inLanguage\":\"es\",\"potentialAction\":[{\"@type\":\"ReadAction\",\"target\":[\"https:\/\/www.sutearo.eus\/es\/mapa-web\/\"]}]},{\"@type\":\"BreadcrumbList\",\"@id\":\"https:\/\/www.sutearo.eus\/es\/mapa-web\/#breadcrumb\",\"itemListElement\":[{\"@type\":\"ListItem\",\"position\":1,\"name\":\"Portada\",\"item\":\"https:\/\/www.sutearo.eus\/es\/\"},{\"@type\":\"ListItem\",\"position\":2,\"name\":\"MAPA WEB\"}]},{\"@type\":\"WebSite\",\"@id\":\"https:\/\/www.sutearo.eus\/#website\",\"url\":\"https:\/\/www.sutearo.eus\/\",\"name\":\"Sutearo. Elkarri Laguntzeko Erakundea. Entidad de ayuda mutua\",\"description\":\"Respondemos de los posibles da\u00f1os que se puedan ocasionar en nuestras viviendas\",\"potentialAction\":[{\"@type\":\"SearchAction\",\"target\":{\"@type\":\"EntryPoint\",\"urlTemplate\":\"https:\/\/www.sutearo.eus\/?s={search_term_string}\"},\"query-input\":{\"@type\":\"PropertyValueSpecification\",\"valueRequired\":true,\"valueName\":\"search_term_string\"}}],\"inLanguage\":\"es\"}]}<\/script>\n<!-- \/ Yoast SEO plugin. -->","yoast_head_json":{"title":"MAPA WEB - Sutearo. Elkarri Laguntzeko Erakundea. Entidad de ayuda mutua","robots":{"index":"index","follow":"follow","max-snippet":"max-snippet:-1","max-image-preview":"max-image-preview:large","max-video-preview":"max-video-preview:-1"},"canonical":"https:\/\/www.sutearo.eus\/es\/mapa-web\/","og_locale":"es_ES","og_type":"article","og_title":"MAPA WEB - Sutearo. Elkarri Laguntzeko Erakundea. Entidad de ayuda mutua","og_description":"MAPA WEB &nbsp; Inicio Somos Sutearo Tipos de vivienda \u00c1mbito de Sutearo No somos una compa\u00f1\u00eda de seguros Derechos Obligaciones Autogesti\u00f3n Econom\u00eda C\u00f3mo nos organizamos Tipos de ayuda Responsabilidad Civil Preguntas frecuentes Sobre las ayudas de Sutearo Sobre los perros Sobre los extintores Sobre el coste de asociaci\u00f3n, recibos y la caducidad de la inscripci\u00f3n [&hellip;]","og_url":"https:\/\/www.sutearo.eus\/es\/mapa-web\/","og_site_name":"Sutearo. Elkarri Laguntzeko Erakundea. Entidad de ayuda mutua","article_modified_time":"2026-03-17T11:10:47+00:00","twitter_card":"summary_large_image","twitter_misc":{"Tiempo de lectura":"3 minutos"},"schema":{"@context":"https:\/\/schema.org","@graph":[{"@type":"WebPage","@id":"https:\/\/www.sutearo.eus\/es\/mapa-web\/","url":"https:\/\/www.sutearo.eus\/es\/mapa-web\/","name":"MAPA WEB - Sutearo. Elkarri Laguntzeko Erakundea. Entidad de ayuda mutua","isPartOf":{"@id":"https:\/\/www.sutearo.eus\/#website"},"datePublished":"2017-01-02T12:03:40+00:00","dateModified":"2026-03-17T11:10:47+00:00","breadcrumb":{"@id":"https:\/\/www.sutearo.eus\/es\/mapa-web\/#breadcrumb"},"inLanguage":"es","potentialAction":[{"@type":"ReadAction","target":["https:\/\/www.sutearo.eus\/es\/mapa-web\/"]}]},{"@type":"BreadcrumbList","@id":"https:\/\/www.sutearo.eus\/es\/mapa-web\/#breadcrumb","itemListElement":[{"@type":"ListItem","position":1,"name":"Portada","item":"https:\/\/www.sutearo.eus\/es\/"},{"@type":"ListItem","position":2,"name":"MAPA WEB"}]},{"@type":"WebSite","@id":"https:\/\/www.sutearo.eus\/#website","url":"https:\/\/www.sutearo.eus\/","name":"Sutearo. Elkarri Laguntzeko Erakundea. Entidad de ayuda mutua","description":"Respondemos de los posibles da\u00f1os que se puedan ocasionar en nuestras viviendas","potentialAction":[{"@type":"SearchAction","target":{"@type":"EntryPoint","urlTemplate":"https:\/\/www.sutearo.eus\/?s={search_term_string}"},"query-input":{"@type":"PropertyValueSpecification","valueRequired":true,"valueName":"search_term_string"}}],"inLanguage":"es"}]}},"_links":{"self":[{"href":"https:\/\/www.sutearo.eus\/es\/wp-json\/wp\/v2\/pages\/1845","targetHints":{"allow":["GET"]}}],"collection":[{"href":"https:\/\/www.sutearo.eus\/es\/wp-json\/wp\/v2\/pages"}],"about":[{"href":"https:\/\/www.sutearo.eus\/es\/wp-json\/wp\/v2\/types\/page"}],"author":[{"embeddable":true,"href":"https:\/\/www.sutearo.eus\/es\/wp-json\/wp\/v2\/users\/1"}],"replies":[{"embeddable":true,"href":"https:\/\/www.sutearo.eus\/es\/wp-json\/wp\/v2\/comments?post=1845"}],"version-history":[{"count":65,"href":"https:\/\/www.sutearo.eus\/es\/wp-json\/wp\/v2\/pages\/1845\/revisions"}],"predecessor-version":[{"id":5763,"href":"https:\/\/www.sutearo.eus\/es\/wp-json\/wp\/v2\/pages\/1845\/revisions\/5763"}],"wp:attachment":[{"href":"https:\/\/www.sutearo.eus\/es\/wp-json\/wp\/v2\/media?parent=1845"}],"curies":[{"name":"wp","href":"https:\/\/api.w.org\/{rel}","templated":true}]}}