{"id":3041,"date":"2018-05-31T06:00:11","date_gmt":"2018-05-31T06:00:11","guid":{"rendered":"https:\/\/www.sutearo.eus\/?page_id=3041"},"modified":"2018-05-31T11:33:30","modified_gmt":"2018-05-31T11:33:30","slug":"nuestros-consejos-berria","status":"publish","type":"page","link":"https:\/\/www.sutearo.eus\/es\/nuestros-consejos-berria\/","title":{"rendered":"Nuestros consejos berria"},"content":{"rendered":"<p>[et_pb_section bb_built=\u00bb1&#8243; _builder_version=\u00bb3.4.1&#8243; background_color=\u00bb#970237&#8243; custom_padding=\u00bb54px|0px|0|0px|false|false\u00bb next_background_color=\u00bb#c7bfb6&#8243;][et_pb_row padding_mobile=\u00bboff\u00bb custom_margin=\u00bb-30px|||\u00bb column_padding_mobile=\u00bbon\u00bb parallax_method_1=\u00bboff\u00bb _builder_version=\u00bb3.4.1&#8243; background_size=\u00bbinitial\u00bb background_position=\u00bbtop_left\u00bb background_repeat=\u00bbrepeat\u00bb][et_pb_column type=\u00bb4_4&#8243;][et_pb_text _builder_version=\u00bb3.4.1&#8243; text_text_color=\u00bb#978a7c\u00bb header_font=\u00bbRoboto Condensed||||\u00bb header_text_color=\u00bb#d4782f\u00bb header_font_size=\u00bb45&#8243; background_size=\u00bbinitial\u00bb background_position=\u00bbtop_left\u00bb background_repeat=\u00bbrepeat\u00bb use_border_color=\u00bboff\u00bb]<\/p>\n<h1><span style=\"color: #ffffff;\">NUESTROS CONSEJOS<\/span><\/h1>\n<p>[\/et_pb_text][\/et_pb_column][\/et_pb_row][\/et_pb_section][et_pb_section bb_built=\u00bb1&#8243; admin_label=\u00bbsection\u00bb custom_padding_last_edited=\u00bbon|desktop\u00bb _builder_version=\u00bb3.4.1&#8243; background_color=\u00bb#c7bfb6&#8243; background_image=\u00bbhttps:\/\/www.sutearo.eus\/wp-content\/uploads\/2018\/05\/oinaztua.jpg\u00bb custom_padding_tablet=\u00bb50px|0|50px|0&#8243; transparent_background=\u00bboff\u00bb prev_background_color=\u00bb#970237&#8243; next_background_color=\u00bb#c7bfb6&#8243; border_color_all=\u00bb#ffffff\u00bb background_blend=\u00bbmultiply\u00bb border_width_top=\u00bb1px\u00bb][et_pb_row admin_label=\u00bbrow\u00bb custom_margin=\u00bb-50px|||\u00bb column_padding_mobile=\u00bbon\u00bb parallax_method_1=\u00bboff\u00bb parallax_method_2=\u00bboff\u00bb parallax_method_3=\u00bboff\u00bb _builder_version=\u00bb3.4.1&#8243; background_size=\u00bbinitial\u00bb background_position=\u00bbtop_left\u00bb background_repeat=\u00bbrepeat\u00bb custom_padding=\u00bb20px|||\u00bb][et_pb_column type=\u00bb2_3&#8243;][et_pb_text _builder_version=\u00bb3.4.1&#8243; text_text_color=\u00bb#ffffff\u00bb text_font_size=\u00bb20&#8243; text_line_height=\u00bb1.5em\u00bb header_font=\u00bbMerriweather||||\u00bb background_color=\u00bbrgba(255,255,255,0)\u00bb background_size=\u00bbinitial\u00bb background_position=\u00bbtop_left\u00bb background_repeat=\u00bbrepeat\u00bb background_layout=\u00bbdark\u00bb use_border_color=\u00bboff\u00bb header_text_shadow_style=\u00bbpreset1&#8243;]<\/p>\n<h1>PROTECCI\u00d3N CONTRA SOBRETENSIONES<\/h1>\n<p>Sutearo responde a las aver\u00edas producidas en aparatos el\u00e9ctricos como consecuencia de sobretensiones producidas por el rayo (no en cambio las causadas por Iberdrola), pero se establecen unas FRANQUICIAS \u00aba no ser que el edificio asegurado disponga de aparatos protectores\u00bb (Acuerdo 1, punto 3, p\u00e1ginas 13-14 del Libro de Acuerdos para la prestaci\u00f3n de ayudas).<\/p>\n<p>Las franquicias establecidas son las siguientes:<\/p>\n<p>\u2022 10% en el primer siniestro.<br \/>\n\u2022 30% en el segundo siniestro.<br \/>\n\u2022 50% en el tercer siniestro.<br \/>\n\u2022 A partir del cuarto siniestro NO habr\u00e1 cobertura.<\/p>\n<p>Para que una protecci\u00f3n contra sobretensiones sea correcta y eficaz deben protegerse las l\u00edneas de alimentaci\u00f3n y de telecomunicaciones de la instalaci\u00f3n a proteger:<\/p>\n<p>\u2022 Acometida el\u00e9ctrica.<br \/>\n\u2022 L\u00ednea telef\u00f3nica.<br \/>\n\u2022 Se\u00f1al de Televisi\u00f3n.<\/p>\n<p>Sutearo dispone de estos dispositivos de protecci\u00f3n en sus oficinas. Estos protectores evitan que los cambios bruscos de tensi\u00f3n (sobretensiones) deterioren los equipos y consumidores el\u00e9ctricos y electr\u00f3nicos. Para instalar estos protectores, existen dos opciones:<\/p>\n<p><strong>a.<\/strong>\u00a0La persona asociada los puede comprar e instalarlos ella misma.<\/p>\n<p><strong>b.<\/strong>\u00a0Puede solicitar a Sutearo que env\u00ede a un\/una instalador\/a a su vivienda para que los coloque. Bastar\u00eda con llamar a Sutearo al tel\u00e9fono 94 630 00 62.<\/p>\n<p><strong> Importante:<\/strong><br \/>\nLa protecci\u00f3n de la instalaci\u00f3n\/vivienda contra los da\u00f1os derivados de un impacto directo en la misma, requieren medidas adicionales de protecci\u00f3n contra rayos.<\/p>\n<h1>\u00a1No pongas en peligro tu instalaci\u00f3n!<\/h1>\n<p><span style=\"color: #d4782f;\"><br \/>\nM\u00c1S INFORMACI\u00d3N EN DEHN IB\u00c9RICA:<\/span><\/p>\n<p>[\/et_pb_text][et_pb_button _builder_version=\u00bb3.4.1&#8243; button_text=\u00bbwww.dehn.es\u00bb button_url=\u00bbhttps:\/\/www.dehn.es\/es\u00bb url_new_window=\u00bbon\u00bb custom_button=\u00bbon\u00bb button_border_color=\u00bb#ffffff\u00bb \/][\/et_pb_column][et_pb_column type=\u00bb1_3&#8243;][et_pb_text _builder_version=\u00bb3.4.1&#8243; background_color=\u00bb#ffffff\u00bb custom_padding=\u00bb20px|10px|40px|10px\u00bb custom_margin=\u00bb0px|0px|0px|0px\u00bb header_font=\u00bbMerriweather||||||||\u00bb header_font_size=\u00bb16px\u00bb text_line_height=\u00bb1em\u00bb]<\/p>\n<h1 style=\"text-align: center;\"><strong><span style=\"color: #d4782f;\">PROTECCI\u00d3N GENERAL DE LA INSTALACI\u00d3N EL\u00c9CTRICA<\/span><\/strong><br \/>\n<img loading=\"lazy\" decoding=\"async\" class=\"alignnone size-medium wp-image-3061\" src=\"https:\/\/www.sutearo.eus\/wp-content\/uploads\/2018\/05\/DEHNlink-TC-2-l-300x234.jpg\" alt=\"\" width=\"300\" height=\"234\" srcset=\"https:\/\/www.sutearo.eus\/wp-content\/uploads\/2018\/05\/DEHNlink-TC-2-l-300x234.jpg 300w, https:\/\/www.sutearo.eus\/wp-content\/uploads\/2018\/05\/DEHNlink-TC-2-l.jpg 320w\" sizes=\"(max-width: 300px) 100vw, 300px\" \/><\/h1>\n<p style=\"text-align: center;\"><strong>DEHNguard M TT 2P 275<\/strong><br \/>\nEjecuci\u00f3n monof\u00e1sica \/ Art. N\u00ba 952 110<\/p>\n<p style=\"text-align: center;\"><img loading=\"lazy\" decoding=\"async\" class=\"size-medium wp-image-3076 aligncenter\" src=\"https:\/\/www.sutearo.eus\/wp-content\/uploads\/2018\/05\/DEHNguard-M-TT-275-300x234.jpg\" alt=\"\" width=\"300\" height=\"234\" srcset=\"https:\/\/www.sutearo.eus\/wp-content\/uploads\/2018\/05\/DEHNguard-M-TT-275-300x234.jpg 300w, https:\/\/www.sutearo.eus\/wp-content\/uploads\/2018\/05\/DEHNguard-M-TT-275.jpg 320w\" sizes=\"(max-width: 300px) 100vw, 300px\" \/><\/p>\n<p style=\"text-align: center;\"><strong>DEHNguard M TT 275.<\/strong><br \/>\nEjecuci\u00f3n trif\u00e1sica \/ Art. N\u00ba 952 310<\/p>\n<hr \/>\n<h1 style=\"text-align: center;\"><strong><span style=\"color: #d4782f;\">PROTECCI\u00d3N DE TV, SAT, V\u00cdDEO<\/span><\/strong><br \/>\n<img loading=\"lazy\" decoding=\"async\" class=\"alignnone wp-image-3080 size-medium\" src=\"https:\/\/www.sutearo.eus\/wp-content\/uploads\/2018\/05\/DEHNgate-300x234.jpg\" alt=\"\" width=\"300\" height=\"234\" srcset=\"https:\/\/www.sutearo.eus\/wp-content\/uploads\/2018\/05\/DEHNgate-300x234.jpg 300w, https:\/\/www.sutearo.eus\/wp-content\/uploads\/2018\/05\/DEHNgate.jpg 320w\" sizes=\"(max-width: 300px) 100vw, 300px\" \/><\/h1>\n<p style=\"text-align: center;\"><strong>DEHNgate.<\/strong><br \/>\nArt. N\u00ba 909 703<\/p>\n<hr \/>\n<h1 style=\"text-align: center;\"><strong><span style=\"color: #d4782f;\">PROTECCI\u00d3N PARA L\u00cdNEAS TELEF\u00d3NICAS<\/span><\/strong><\/h1>\n<p style=\"text-align: center;\"><strong><img loading=\"lazy\" decoding=\"async\" class=\"alignnone wp-image-3093 \" src=\"https:\/\/www.sutearo.eus\/wp-content\/uploads\/2018\/05\/DEHNlink-TC-2-l-2-300x261.jpg\" alt=\"\" width=\"238\" height=\"205\" \/><br \/>\nDEHNlink TC 2 l<\/strong><br \/>\nArt. N\u00ba 929 028<\/p>\n<p>[\/et_pb_text][\/et_pb_column][\/et_pb_row][\/et_pb_section][et_pb_section bb_built=\u00bb1&#8243; admin_label=\u00bbsection\u00bb custom_padding_last_edited=\u00bbon|desktop\u00bb _builder_version=\u00bb3.4.1&#8243; background_color=\u00bb#c7bfb6&#8243; background_image=\u00bbhttps:\/\/www.sutearo.eus\/wp-content\/uploads\/2016\/12\/tximinia-atzekoa.jpg\u00bb custom_padding_tablet=\u00bb50px|0|50px|0&#8243; prev_background_color=\u00bb#c7bfb6&#8243; top_divider_color=\u00bb#000000&#8243; border_color_all=\u00bb#ffffff\u00bb border_width_top=\u00bb1&#8243;][et_pb_row admin_label=\u00bbrow\u00bb padding_mobile=\u00bboff\u00bb custom_margin=\u00bb-50px|||\u00bb column_padding_mobile=\u00bbon\u00bb parallax_method_1=\u00bboff\u00bb parallax_method_2=\u00bboff\u00bb parallax_method_3=\u00bboff\u00bb _builder_version=\u00bb3.0.47&#8243; background_size=\u00bbinitial\u00bb background_position=\u00bbtop_left\u00bb background_repeat=\u00bbrepeat\u00bb][et_pb_column type=\u00bb1_3&#8243;][et_pb_text _builder_version=\u00bb3.0.47&#8243; text_text_color=\u00bb#ffffff\u00bb text_font_size=\u00bb20&#8243; text_line_height=\u00bb1.5em\u00bb header_font=\u00bbMerriweather||||\u00bb background_color=\u00bbrgba(255,255,255,0)\u00bb background_size=\u00bbinitial\u00bb background_position=\u00bbtop_left\u00bb background_repeat=\u00bbrepeat\u00bb background_layout=\u00bbdark\u00bb use_border_color=\u00bboff\u00bb border_style=\u00bbsolid\u00bb]<\/p>\n<h1>MANTENER LAS CHIMENEAS LIMPIAS<\/h1>\n<p>Mantener las chimeneas limpias y en buen estado es fundamental para evitar siniestros de fuego. A continuaci\u00f3n os se\u00f1alamos \u2028los datos de contacto de algunos <strong>DESHOLLINADORES<\/strong>. Si os interesa contratar sus servicios ten\u00e9is que contactar <strong>DIRECTAMENTE CON ELLOS<\/strong>.<\/p>\n<p>[\/et_pb_text][\/et_pb_column][et_pb_column type=\u00bb1_3&#8243;][et_pb_blurb _builder_version=\u00bb3.0.47&#8243; header_font=\u00bbMerriweather||||\u00bb header_text_color=\u00bb#ffffff\u00bb header_font_size=\u00bb22&#8243; body_text_color=\u00bb#ffffff\u00bb body_font_size=\u00bb17&#8243; body_line_height=\u00bb1.2em\u00bb background_color=\u00bb#c31e1f\u00bb background_size=\u00bbinitial\u00bb background_position=\u00bbtop_left\u00bb background_repeat=\u00bbrepeat\u00bb border_width_all=\u00bb1px\u00bb border_color_all=\u00bb#ffffff\u00bb border_style_all=\u00bbsolid\u00bb custom_padding=\u00bb20px|30px|40px|20px\u00bb use_border_color=\u00bbon\u00bb border_color=\u00bb#ffffff\u00bb border_width=\u00bb1px\u00bb border_style=\u00bbsolid\u00bb image_max_width=\u00bb100%\u00bb]<\/p>\n<h4>GoikoGarbi<\/h4>\n<p>696 27 42 00<br \/>\ngoikogarbi@goikogarbi.com<\/p>\n<h4>Jose Manuel Otero<\/h4>\n<p>607 39 21 35<\/p>\n<h4 style=\"background-color: #c31e1f;\">Urko Ziarsolo<\/h4>\n<p style=\"background-color: #c31e1f; font-size: 17px;\">605 770 754<\/p>\n<h4>Txin Tximini Deshollinadores<\/h4>\n<p>657 77 94 58<br \/>\nwww.txin\u2013tximini.com<\/p>\n<h4>Jose Maria Albizu<\/h4>\n<p>652 92 08 48<br \/>\nPresta sus servicios mayoritariamente en Gipuzkoa.<\/p>\n<h4>Sutan<\/h4>\n<p>665 73 73 02<br \/>\nwww.sutan.biz<br \/>\nUrretxu.<br \/>\nPresta sus servicios mayoritariamente en Gipuzkoa.<\/p>\n<p>[\/et_pb_blurb][\/et_pb_column][et_pb_column type=\u00bb1_3&#8243;][\/et_pb_column][\/et_pb_row][\/et_pb_section]<\/p>\n","protected":false},"excerpt":{"rendered":"<p>NUESTROS CONSEJOS PROTECCI\u00d3N CONTRA SOBRETENSIONES Sutearo responde a las aver\u00edas producidas en aparatos el\u00e9ctricos como consecuencia de sobretensiones producidas por el rayo (no en cambio las causadas por Iberdrola), pero se establecen unas FRANQUICIAS \u00aba no ser que el edificio asegurado disponga de aparatos protectores\u00bb (Acuerdo 1, punto 3, p\u00e1ginas 13-14 del Libro de Acuerdos [&hellip;]<\/p>\n","protected":false},"author":1,"featured_media":0,"parent":0,"menu_order":0,"comment_status":"closed","ping_status":"closed","template":"","meta":{"_et_pb_use_builder":"on","_et_pb_old_content":"","_et_gb_content_width":"","footnotes":""},"class_list":["post-3041","page","type-page","status-publish","hentry"],"yoast_head":"<!-- This site is optimized with the Yoast SEO plugin v27.2 - https:\/\/yoast.com\/product\/yoast-seo-wordpress\/ -->\n<title>Nuestros consejos berria - Sutearo. Elkarri Laguntzeko Erakundea. Entidad de ayuda mutua<\/title>\n<meta name=\"robots\" content=\"index, follow, max-snippet:-1, max-image-preview:large, max-video-preview:-1\" \/>\n<link rel=\"canonical\" href=\"https:\/\/www.sutearo.eus\/es\/nuestros-consejos-berria\/\" \/>\n<meta property=\"og:locale\" content=\"es_ES\" \/>\n<meta property=\"og:type\" content=\"article\" \/>\n<meta property=\"og:title\" content=\"Nuestros consejos berria - Sutearo. Elkarri Laguntzeko Erakundea. Entidad de ayuda mutua\" \/>\n<meta property=\"og:description\" content=\"NUESTROS CONSEJOS PROTECCI\u00d3N CONTRA SOBRETENSIONES Sutearo responde a las aver\u00edas producidas en aparatos el\u00e9ctricos como consecuencia de sobretensiones producidas por el rayo (no en cambio las causadas por Iberdrola), pero se establecen unas FRANQUICIAS &quot;a no ser que el edificio asegurado disponga de aparatos protectores&quot; (Acuerdo 1, punto 3, p\u00e1ginas 13-14 del Libro de Acuerdos [&hellip;]\" \/>\n<meta property=\"og:url\" content=\"https:\/\/www.sutearo.eus\/es\/nuestros-consejos-berria\/\" \/>\n<meta property=\"og:site_name\" content=\"Sutearo. Elkarri Laguntzeko Erakundea. Entidad de ayuda mutua\" \/>\n<meta property=\"article:modified_time\" content=\"2018-05-31T11:33:30+00:00\" \/>\n<meta property=\"og:image\" content=\"https:\/\/www.sutearo.eus\/wp-content\/uploads\/2018\/05\/DEHNlink-TC-2-l.jpg\" \/>\n\t<meta property=\"og:image:width\" content=\"320\" \/>\n\t<meta property=\"og:image:height\" content=\"250\" \/>\n\t<meta property=\"og:image:type\" content=\"image\/jpeg\" \/>\n<meta name=\"twitter:card\" content=\"summary_large_image\" \/>\n<meta name=\"twitter:label1\" content=\"Tiempo de lectura\" \/>\n\t<meta name=\"twitter:data1\" content=\"5 minutos\" \/>\n<script type=\"application\/ld+json\" class=\"yoast-schema-graph\">{\"@context\":\"https:\/\/schema.org\",\"@graph\":[{\"@type\":\"WebPage\",\"@id\":\"https:\/\/www.sutearo.eus\/es\/nuestros-consejos-berria\/\",\"url\":\"https:\/\/www.sutearo.eus\/es\/nuestros-consejos-berria\/\",\"name\":\"Nuestros consejos berria - Sutearo. Elkarri Laguntzeko Erakundea. Entidad de ayuda mutua\",\"isPartOf\":{\"@id\":\"https:\/\/www.sutearo.eus\/#website\"},\"primaryImageOfPage\":{\"@id\":\"https:\/\/www.sutearo.eus\/es\/nuestros-consejos-berria\/#primaryimage\"},\"image\":{\"@id\":\"https:\/\/www.sutearo.eus\/es\/nuestros-consejos-berria\/#primaryimage\"},\"thumbnailUrl\":\"https:\/\/www.sutearo.eus\/wp-content\/uploads\/2018\/05\/DEHNlink-TC-2-l-300x234.jpg\",\"datePublished\":\"2018-05-31T06:00:11+00:00\",\"dateModified\":\"2018-05-31T11:33:30+00:00\",\"breadcrumb\":{\"@id\":\"https:\/\/www.sutearo.eus\/es\/nuestros-consejos-berria\/#breadcrumb\"},\"inLanguage\":\"es\",\"potentialAction\":[{\"@type\":\"ReadAction\",\"target\":[\"https:\/\/www.sutearo.eus\/es\/nuestros-consejos-berria\/\"]}]},{\"@type\":\"ImageObject\",\"inLanguage\":\"es\",\"@id\":\"https:\/\/www.sutearo.eus\/es\/nuestros-consejos-berria\/#primaryimage\",\"url\":\"https:\/\/www.sutearo.eus\/wp-content\/uploads\/2018\/05\/DEHNlink-TC-2-l-300x234.jpg\",\"contentUrl\":\"https:\/\/www.sutearo.eus\/wp-content\/uploads\/2018\/05\/DEHNlink-TC-2-l-300x234.jpg\"},{\"@type\":\"BreadcrumbList\",\"@id\":\"https:\/\/www.sutearo.eus\/es\/nuestros-consejos-berria\/#breadcrumb\",\"itemListElement\":[{\"@type\":\"ListItem\",\"position\":1,\"name\":\"Portada\",\"item\":\"https:\/\/www.sutearo.eus\/es\/\"},{\"@type\":\"ListItem\",\"position\":2,\"name\":\"Nuestros consejos berria\"}]},{\"@type\":\"WebSite\",\"@id\":\"https:\/\/www.sutearo.eus\/#website\",\"url\":\"https:\/\/www.sutearo.eus\/\",\"name\":\"Sutearo. Elkarri Laguntzeko Erakundea. Entidad de ayuda mutua\",\"description\":\"Respondemos de los posibles da\u00f1os que se puedan ocasionar en nuestras viviendas\",\"potentialAction\":[{\"@type\":\"SearchAction\",\"target\":{\"@type\":\"EntryPoint\",\"urlTemplate\":\"https:\/\/www.sutearo.eus\/?s={search_term_string}\"},\"query-input\":{\"@type\":\"PropertyValueSpecification\",\"valueRequired\":true,\"valueName\":\"search_term_string\"}}],\"inLanguage\":\"es\"}]}<\/script>\n<!-- \/ Yoast SEO plugin. -->","yoast_head_json":{"title":"Nuestros consejos berria - Sutearo. Elkarri Laguntzeko Erakundea. Entidad de ayuda mutua","robots":{"index":"index","follow":"follow","max-snippet":"max-snippet:-1","max-image-preview":"max-image-preview:large","max-video-preview":"max-video-preview:-1"},"canonical":"https:\/\/www.sutearo.eus\/es\/nuestros-consejos-berria\/","og_locale":"es_ES","og_type":"article","og_title":"Nuestros consejos berria - Sutearo. Elkarri Laguntzeko Erakundea. Entidad de ayuda mutua","og_description":"NUESTROS CONSEJOS PROTECCI\u00d3N CONTRA SOBRETENSIONES Sutearo responde a las aver\u00edas producidas en aparatos el\u00e9ctricos como consecuencia de sobretensiones producidas por el rayo (no en cambio las causadas por Iberdrola), pero se establecen unas FRANQUICIAS \"a no ser que el edificio asegurado disponga de aparatos protectores\" (Acuerdo 1, punto 3, p\u00e1ginas 13-14 del Libro de Acuerdos [&hellip;]","og_url":"https:\/\/www.sutearo.eus\/es\/nuestros-consejos-berria\/","og_site_name":"Sutearo. Elkarri Laguntzeko Erakundea. Entidad de ayuda mutua","article_modified_time":"2018-05-31T11:33:30+00:00","og_image":[{"width":320,"height":250,"url":"https:\/\/www.sutearo.eus\/wp-content\/uploads\/2018\/05\/DEHNlink-TC-2-l.jpg","type":"image\/jpeg"}],"twitter_card":"summary_large_image","twitter_misc":{"Tiempo de lectura":"5 minutos"},"schema":{"@context":"https:\/\/schema.org","@graph":[{"@type":"WebPage","@id":"https:\/\/www.sutearo.eus\/es\/nuestros-consejos-berria\/","url":"https:\/\/www.sutearo.eus\/es\/nuestros-consejos-berria\/","name":"Nuestros consejos berria - Sutearo. Elkarri Laguntzeko Erakundea. Entidad de ayuda mutua","isPartOf":{"@id":"https:\/\/www.sutearo.eus\/#website"},"primaryImageOfPage":{"@id":"https:\/\/www.sutearo.eus\/es\/nuestros-consejos-berria\/#primaryimage"},"image":{"@id":"https:\/\/www.sutearo.eus\/es\/nuestros-consejos-berria\/#primaryimage"},"thumbnailUrl":"https:\/\/www.sutearo.eus\/wp-content\/uploads\/2018\/05\/DEHNlink-TC-2-l-300x234.jpg","datePublished":"2018-05-31T06:00:11+00:00","dateModified":"2018-05-31T11:33:30+00:00","breadcrumb":{"@id":"https:\/\/www.sutearo.eus\/es\/nuestros-consejos-berria\/#breadcrumb"},"inLanguage":"es","potentialAction":[{"@type":"ReadAction","target":["https:\/\/www.sutearo.eus\/es\/nuestros-consejos-berria\/"]}]},{"@type":"ImageObject","inLanguage":"es","@id":"https:\/\/www.sutearo.eus\/es\/nuestros-consejos-berria\/#primaryimage","url":"https:\/\/www.sutearo.eus\/wp-content\/uploads\/2018\/05\/DEHNlink-TC-2-l-300x234.jpg","contentUrl":"https:\/\/www.sutearo.eus\/wp-content\/uploads\/2018\/05\/DEHNlink-TC-2-l-300x234.jpg"},{"@type":"BreadcrumbList","@id":"https:\/\/www.sutearo.eus\/es\/nuestros-consejos-berria\/#breadcrumb","itemListElement":[{"@type":"ListItem","position":1,"name":"Portada","item":"https:\/\/www.sutearo.eus\/es\/"},{"@type":"ListItem","position":2,"name":"Nuestros consejos berria"}]},{"@type":"WebSite","@id":"https:\/\/www.sutearo.eus\/#website","url":"https:\/\/www.sutearo.eus\/","name":"Sutearo. Elkarri Laguntzeko Erakundea. Entidad de ayuda mutua","description":"Respondemos de los posibles da\u00f1os que se puedan ocasionar en nuestras viviendas","potentialAction":[{"@type":"SearchAction","target":{"@type":"EntryPoint","urlTemplate":"https:\/\/www.sutearo.eus\/?s={search_term_string}"},"query-input":{"@type":"PropertyValueSpecification","valueRequired":true,"valueName":"search_term_string"}}],"inLanguage":"es"}]}},"_links":{"self":[{"href":"https:\/\/www.sutearo.eus\/es\/wp-json\/wp\/v2\/pages\/3041","targetHints":{"allow":["GET"]}}],"collection":[{"href":"https:\/\/www.sutearo.eus\/es\/wp-json\/wp\/v2\/pages"}],"about":[{"href":"https:\/\/www.sutearo.eus\/es\/wp-json\/wp\/v2\/types\/page"}],"author":[{"embeddable":true,"href":"https:\/\/www.sutearo.eus\/es\/wp-json\/wp\/v2\/users\/1"}],"replies":[{"embeddable":true,"href":"https:\/\/www.sutearo.eus\/es\/wp-json\/wp\/v2\/comments?post=3041"}],"version-history":[{"count":80,"href":"https:\/\/www.sutearo.eus\/es\/wp-json\/wp\/v2\/pages\/3041\/revisions"}],"predecessor-version":[{"id":3131,"href":"https:\/\/www.sutearo.eus\/es\/wp-json\/wp\/v2\/pages\/3041\/revisions\/3131"}],"wp:attachment":[{"href":"https:\/\/www.sutearo.eus\/es\/wp-json\/wp\/v2\/media?parent=3041"}],"curies":[{"name":"wp","href":"https:\/\/api.w.org\/{rel}","templated":true}]}}