{"id":3293,"date":"2018-10-24T08:11:28","date_gmt":"2018-10-24T08:11:28","guid":{"rendered":"https:\/\/www.sutearo.eus\/?page_id=3293"},"modified":"2026-03-17T12:00:38","modified_gmt":"2026-03-17T11:00:38","slug":"servicio-24-horas","status":"publish","type":"page","link":"https:\/\/www.sutearo.eus\/es\/servicio-24-horas\/","title":{"rendered":"SOBRE UN SERVICIO DE 24 HORAS"},"content":{"rendered":"<p>[et_pb_section fb_built=\u00bb1&#8243; custom_padding_last_edited=\u00bbon|desktop\u00bb admin_label=\u00bbsection\u00bb _builder_version=\u00bb4.16&#8243; background_color=\u00bb#c7bfb6&#8243; custom_padding_tablet=\u00bb50px|0|50px|0&#8243; custom_padding_phone=\u00bb\u00bb transparent_background=\u00bboff\u00bb padding_mobile=\u00bboff\u00bb make_fullwidth=\u00bboff\u00bb use_custom_width=\u00bboff\u00bb width_unit=\u00bbon\u00bb custom_width_px=\u00bb1080px\u00bb custom_width_percent=\u00bb80%\u00bb global_colors_info=\u00bb{}\u00bb][et_pb_row padding_mobile=\u00bboff\u00bb column_padding_mobile=\u00bbon\u00bb _builder_version=\u00bb4.16&#8243; background_size=\u00bbinitial\u00bb background_position=\u00bbtop_left\u00bb background_repeat=\u00bbrepeat\u00bb custom_margin=\u00bb-30px|||\u00bb make_fullwidth=\u00bboff\u00bb use_custom_width=\u00bboff\u00bb width_unit=\u00bbon\u00bb custom_width_px=\u00bb1080px\u00bb custom_width_percent=\u00bb80%\u00bb global_colors_info=\u00bb{}\u00bb][et_pb_column type=\u00bb4_4&#8243; _builder_version=\u00bb4.16&#8243; custom_padding=\u00bb|||\u00bb global_colors_info=\u00bb{}\u00bb custom_padding__hover=\u00bb|||\u00bb][et_pb_text _builder_version=\u00bb4.16&#8243; text_text_color=\u00bb#978a7c\u00bb header_font=\u00bbRoboto Condensed||||\u00bb header_text_color=\u00bb#978a7c\u00bb header_font_size=\u00bb35px\u00bb background_size=\u00bbinitial\u00bb background_position=\u00bbtop_left\u00bb background_repeat=\u00bbrepeat\u00bb custom_margin=\u00bb-20px|||\u00bb use_border_color=\u00bboff\u00bb global_colors_info=\u00bb{}\u00bb]<\/p>\n<h1><span style=\"color: #ffffff;\">PREGUNTAS SOBRE UN SERVICIO DE 24 HORAS<\/span><\/h1>\n<hr \/>\n<p>[\/et_pb_text][\/et_pb_column][\/et_pb_row][et_pb_row use_custom_gutter=\u00bbon\u00bb gutter_width=\u00bb2&#8243; padding_mobile=\u00bboff\u00bb column_padding_mobile=\u00bbon\u00bb admin_label=\u00bbrow\u00bb _builder_version=\u00bb4.16&#8243; background_size=\u00bbinitial\u00bb background_position=\u00bbtop_left\u00bb background_repeat=\u00bbrepeat\u00bb custom_margin=\u00bb-50px|||\u00bb make_fullwidth=\u00bboff\u00bb use_custom_width=\u00bboff\u00bb width_unit=\u00bbon\u00bb custom_width_px=\u00bb1080px\u00bb custom_width_percent=\u00bb80%\u00bb global_colors_info=\u00bb{}\u00bb column_structure=\u00bb1_3,1_3,1_3&#8243;][et_pb_column type=\u00bb1_3&#8243; _builder_version=\u00bb4.16&#8243; custom_padding=\u00bb|||\u00bb global_colors_info=\u00bb{}\u00bb custom_padding__hover=\u00bb|||\u00bb][et_pb_image src=\u00bbhttps:\/\/www.sutearo.eus\/wp-content\/uploads\/2018\/10\/24-ORDUKO-ARRETA-ZERBITZUA.jpg\u00bb align_tablet=\u00bbcenter\u00bb align_last_edited=\u00bbon|desktop\u00bb _builder_version=\u00bb4.16&#8243; use_border_color=\u00bboff\u00bb global_colors_info=\u00bb{}\u00bb align_phone=\u00bbcenter\u00bb][\/et_pb_image][\/et_pb_column][et_pb_column type=\u00bb1_3&#8243; _builder_version=\u00bb4.16&#8243; custom_padding=\u00bb|||\u00bb global_colors_info=\u00bb{}\u00bb custom_padding__hover=\u00bb|||\u00bb][et_pb_toggle title=\u00bbHe llamado por la noche o el fin de semana, pero no dispon\u00e9is de un servicio de 24 horas\u00bb open_toggle_text_color=\u00bb#d4782f\u00bb closed_toggle_text_color=\u00bb#ffffff\u00bb closed_toggle_background_color=\u00bb#970237&#8243; icon_color=\u00bb#d4782f\u00bb open_icon_color=\u00bb#d4782f\u00bb admin_label=\u00bb24 horas\u00bb _builder_version=\u00bb4.16&#8243; title_font=\u00bbMerriweather||||\u00bb title_font_size=\u00bb22&#8243; title_line_height=\u00bb1.1em\u00bb body_text_color=\u00bb#32211e\u00bb background_size=\u00bbinitial\u00bb background_position=\u00bbtop_left\u00bb background_repeat=\u00bbrepeat\u00bb use_border_color=\u00bboff\u00bb saved_tabs=\u00bball\u00bb global_colors_info=\u00bb{}\u00bb]Sutearo no dispone de gremios o reparadores propios para la reparaci\u00f3n de da\u00f1os derivados de un siniestro. Este hecho descarta la necesidad de que exista un servicio de 24 horas. Si una persona asociada sufre un da\u00f1o en horario fuera de oficina o el fin de semana, ser\u00e1 ella misma la que se encargue de buscar al reparador que realice el arreglo de urgencia correspondiente. Tras este arreglo de urgencia, ser\u00e1 el perito quien realice la valoraci\u00f3n de los da\u00f1os correspondientes y explique los pasos que haya que dar a continuaci\u00f3n.<br \/>\n[\/et_pb_toggle][\/et_pb_column][et_pb_column type=\u00bb1_3&#8243; _builder_version=\u00bb4.16&#8243; custom_padding=\u00bb|||\u00bb global_colors_info=\u00bb{}\u00bb custom_padding__hover=\u00bb|||\u00bb][\/et_pb_column][\/et_pb_row][\/et_pb_section]<\/p>\n","protected":false},"excerpt":{"rendered":"<p>PREGUNTAS SOBRE UN SERVICIO DE 24 HORAS Sutearo no dispone de gremios o reparadores propios para la reparaci\u00f3n de da\u00f1os derivados de un siniestro. Este hecho descarta la necesidad de que exista un servicio de 24 horas. Si una persona asociada sufre un da\u00f1o en horario fuera de oficina o el fin de semana, ser\u00e1 [&hellip;]<\/p>\n","protected":false},"author":1,"featured_media":0,"parent":0,"menu_order":0,"comment_status":"closed","ping_status":"closed","template":"","meta":{"_et_pb_use_builder":"on","_et_pb_old_content":"","_et_gb_content_width":"","footnotes":""},"class_list":["post-3293","page","type-page","status-publish","hentry"],"yoast_head":"<!-- This site is optimized with the Yoast SEO plugin v27.2 - https:\/\/yoast.com\/product\/yoast-seo-wordpress\/ -->\n<title>SOBRE UN SERVICIO DE 24 HORAS - Sutearo. Elkarri Laguntzeko Erakundea. Entidad de ayuda mutua<\/title>\n<meta name=\"robots\" content=\"index, follow, max-snippet:-1, max-image-preview:large, max-video-preview:-1\" \/>\n<link rel=\"canonical\" href=\"https:\/\/www.sutearo.eus\/24-orduko-arreta-zerbitzuri-buruzko-galderak\/\" \/>\n<meta property=\"og:locale\" content=\"es_ES\" \/>\n<meta property=\"og:type\" content=\"article\" \/>\n<meta property=\"og:title\" content=\"SOBRE UN SERVICIO DE 24 HORAS - Sutearo. Elkarri Laguntzeko Erakundea. Entidad de ayuda mutua\" \/>\n<meta property=\"og:description\" content=\"PREGUNTAS SOBRE UN SERVICIO DE 24 HORAS Sutearo no dispone de gremios o reparadores propios para la reparaci\u00f3n de da\u00f1os derivados de un siniestro. Este hecho descarta la necesidad de que exista un servicio de 24 horas. Si una persona asociada sufre un da\u00f1o en horario fuera de oficina o el fin de semana, ser\u00e1 [&hellip;]\" \/>\n<meta property=\"og:url\" content=\"https:\/\/www.sutearo.eus\/24-orduko-arreta-zerbitzuri-buruzko-galderak\/\" \/>\n<meta property=\"og:site_name\" content=\"Sutearo. Elkarri Laguntzeko Erakundea. Entidad de ayuda mutua\" \/>\n<meta property=\"article:modified_time\" content=\"2026-03-17T11:00:38+00:00\" \/>\n<meta name=\"twitter:card\" content=\"summary_large_image\" \/>\n<meta name=\"twitter:label1\" content=\"Tiempo de lectura\" \/>\n\t<meta name=\"twitter:data1\" content=\"3 minutos\" \/>\n<script type=\"application\/ld+json\" class=\"yoast-schema-graph\">{\"@context\":\"https:\/\/schema.org\",\"@graph\":[{\"@type\":\"WebPage\",\"@id\":\"https:\/\/www.sutearo.eus\/24-orduko-arreta-zerbitzuri-buruzko-galderak\/\",\"url\":\"https:\/\/www.sutearo.eus\/24-orduko-arreta-zerbitzuri-buruzko-galderak\/\",\"name\":\"SOBRE UN SERVICIO DE 24 HORAS - Sutearo. Elkarri Laguntzeko Erakundea. Entidad de ayuda mutua\",\"isPartOf\":{\"@id\":\"https:\/\/www.sutearo.eus\/#website\"},\"datePublished\":\"2018-10-24T08:11:28+00:00\",\"dateModified\":\"2026-03-17T11:00:38+00:00\",\"breadcrumb\":{\"@id\":\"https:\/\/www.sutearo.eus\/24-orduko-arreta-zerbitzuri-buruzko-galderak\/#breadcrumb\"},\"inLanguage\":\"es\",\"potentialAction\":[{\"@type\":\"ReadAction\",\"target\":[\"https:\/\/www.sutearo.eus\/24-orduko-arreta-zerbitzuri-buruzko-galderak\/\"]}]},{\"@type\":\"BreadcrumbList\",\"@id\":\"https:\/\/www.sutearo.eus\/24-orduko-arreta-zerbitzuri-buruzko-galderak\/#breadcrumb\",\"itemListElement\":[{\"@type\":\"ListItem\",\"position\":1,\"name\":\"Portada\",\"item\":\"https:\/\/www.sutearo.eus\/es\/\"},{\"@type\":\"ListItem\",\"position\":2,\"name\":\"SOBRE UN SERVICIO DE 24 HORAS\"}]},{\"@type\":\"WebSite\",\"@id\":\"https:\/\/www.sutearo.eus\/#website\",\"url\":\"https:\/\/www.sutearo.eus\/\",\"name\":\"Sutearo. Elkarri Laguntzeko Erakundea. Entidad de ayuda mutua\",\"description\":\"Respondemos de los posibles da\u00f1os que se puedan ocasionar en nuestras viviendas\",\"potentialAction\":[{\"@type\":\"SearchAction\",\"target\":{\"@type\":\"EntryPoint\",\"urlTemplate\":\"https:\/\/www.sutearo.eus\/?s={search_term_string}\"},\"query-input\":{\"@type\":\"PropertyValueSpecification\",\"valueRequired\":true,\"valueName\":\"search_term_string\"}}],\"inLanguage\":\"es\"}]}<\/script>\n<!-- \/ Yoast SEO plugin. -->","yoast_head_json":{"title":"SOBRE UN SERVICIO DE 24 HORAS - Sutearo. Elkarri Laguntzeko Erakundea. Entidad de ayuda mutua","robots":{"index":"index","follow":"follow","max-snippet":"max-snippet:-1","max-image-preview":"max-image-preview:large","max-video-preview":"max-video-preview:-1"},"canonical":"https:\/\/www.sutearo.eus\/24-orduko-arreta-zerbitzuri-buruzko-galderak\/","og_locale":"es_ES","og_type":"article","og_title":"SOBRE UN SERVICIO DE 24 HORAS - Sutearo. Elkarri Laguntzeko Erakundea. Entidad de ayuda mutua","og_description":"PREGUNTAS SOBRE UN SERVICIO DE 24 HORAS Sutearo no dispone de gremios o reparadores propios para la reparaci\u00f3n de da\u00f1os derivados de un siniestro. Este hecho descarta la necesidad de que exista un servicio de 24 horas. Si una persona asociada sufre un da\u00f1o en horario fuera de oficina o el fin de semana, ser\u00e1 [&hellip;]","og_url":"https:\/\/www.sutearo.eus\/24-orduko-arreta-zerbitzuri-buruzko-galderak\/","og_site_name":"Sutearo. Elkarri Laguntzeko Erakundea. Entidad de ayuda mutua","article_modified_time":"2026-03-17T11:00:38+00:00","twitter_card":"summary_large_image","twitter_misc":{"Tiempo de lectura":"3 minutos"},"schema":{"@context":"https:\/\/schema.org","@graph":[{"@type":"WebPage","@id":"https:\/\/www.sutearo.eus\/24-orduko-arreta-zerbitzuri-buruzko-galderak\/","url":"https:\/\/www.sutearo.eus\/24-orduko-arreta-zerbitzuri-buruzko-galderak\/","name":"SOBRE UN SERVICIO DE 24 HORAS - Sutearo. Elkarri Laguntzeko Erakundea. Entidad de ayuda mutua","isPartOf":{"@id":"https:\/\/www.sutearo.eus\/#website"},"datePublished":"2018-10-24T08:11:28+00:00","dateModified":"2026-03-17T11:00:38+00:00","breadcrumb":{"@id":"https:\/\/www.sutearo.eus\/24-orduko-arreta-zerbitzuri-buruzko-galderak\/#breadcrumb"},"inLanguage":"es","potentialAction":[{"@type":"ReadAction","target":["https:\/\/www.sutearo.eus\/24-orduko-arreta-zerbitzuri-buruzko-galderak\/"]}]},{"@type":"BreadcrumbList","@id":"https:\/\/www.sutearo.eus\/24-orduko-arreta-zerbitzuri-buruzko-galderak\/#breadcrumb","itemListElement":[{"@type":"ListItem","position":1,"name":"Portada","item":"https:\/\/www.sutearo.eus\/es\/"},{"@type":"ListItem","position":2,"name":"SOBRE UN SERVICIO DE 24 HORAS"}]},{"@type":"WebSite","@id":"https:\/\/www.sutearo.eus\/#website","url":"https:\/\/www.sutearo.eus\/","name":"Sutearo. Elkarri Laguntzeko Erakundea. Entidad de ayuda mutua","description":"Respondemos de los posibles da\u00f1os que se puedan ocasionar en nuestras viviendas","potentialAction":[{"@type":"SearchAction","target":{"@type":"EntryPoint","urlTemplate":"https:\/\/www.sutearo.eus\/?s={search_term_string}"},"query-input":{"@type":"PropertyValueSpecification","valueRequired":true,"valueName":"search_term_string"}}],"inLanguage":"es"}]}},"_links":{"self":[{"href":"https:\/\/www.sutearo.eus\/es\/wp-json\/wp\/v2\/pages\/3293","targetHints":{"allow":["GET"]}}],"collection":[{"href":"https:\/\/www.sutearo.eus\/es\/wp-json\/wp\/v2\/pages"}],"about":[{"href":"https:\/\/www.sutearo.eus\/es\/wp-json\/wp\/v2\/types\/page"}],"author":[{"embeddable":true,"href":"https:\/\/www.sutearo.eus\/es\/wp-json\/wp\/v2\/users\/1"}],"replies":[{"embeddable":true,"href":"https:\/\/www.sutearo.eus\/es\/wp-json\/wp\/v2\/comments?post=3293"}],"version-history":[{"count":6,"href":"https:\/\/www.sutearo.eus\/es\/wp-json\/wp\/v2\/pages\/3293\/revisions"}],"predecessor-version":[{"id":5747,"href":"https:\/\/www.sutearo.eus\/es\/wp-json\/wp\/v2\/pages\/3293\/revisions\/5747"}],"wp:attachment":[{"href":"https:\/\/www.sutearo.eus\/es\/wp-json\/wp\/v2\/media?parent=3293"}],"curies":[{"name":"wp","href":"https:\/\/api.w.org\/{rel}","templated":true}]}}