{"id":3301,"date":"2018-10-24T08:18:42","date_gmt":"2018-10-24T08:18:42","guid":{"rendered":"https:\/\/www.sutearo.eus\/?page_id=3301"},"modified":"2026-03-17T12:01:11","modified_gmt":"2026-03-17T11:01:11","slug":"los-gremios-los-trabajos-reparacion","status":"publish","type":"page","link":"https:\/\/www.sutearo.eus\/es\/los-gremios-los-trabajos-reparacion\/","title":{"rendered":"SOBRE LOS GREMIOS EN LOS TRABAJOS DE REPARACI\u00d3N"},"content":{"rendered":"<p>[et_pb_section fb_built=\u00bb1&#8243; custom_padding_last_edited=\u00bbon|desktop\u00bb admin_label=\u00bbsection\u00bb _builder_version=\u00bb4.16&#8243; background_color=\u00bb#c7bfb6&#8243; custom_padding_tablet=\u00bb50px|0|50px|0&#8243; custom_padding_phone=\u00bb\u00bb transparent_background=\u00bboff\u00bb padding_mobile=\u00bboff\u00bb global_colors_info=\u00bb{}\u00bb][et_pb_row padding_mobile=\u00bboff\u00bb column_padding_mobile=\u00bbon\u00bb _builder_version=\u00bb4.16&#8243; background_size=\u00bbinitial\u00bb background_position=\u00bbtop_left\u00bb background_repeat=\u00bbrepeat\u00bb custom_margin=\u00bb-30px|||\u00bb global_colors_info=\u00bb{}\u00bb][et_pb_column type=\u00bb4_4&#8243; _builder_version=\u00bb4.16&#8243; custom_padding=\u00bb|||\u00bb global_colors_info=\u00bb{}\u00bb custom_padding__hover=\u00bb|||\u00bb][et_pb_text _builder_version=\u00bb4.16&#8243; text_text_color=\u00bb#978a7c\u00bb header_font=\u00bbRoboto Condensed||||\u00bb header_text_color=\u00bb#978a7c\u00bb header_font_size=\u00bb35px\u00bb background_size=\u00bbinitial\u00bb background_position=\u00bbtop_left\u00bb background_repeat=\u00bbrepeat\u00bb custom_margin=\u00bb-20px|||\u00bb use_border_color=\u00bboff\u00bb global_colors_info=\u00bb{}\u00bb]<\/p>\n<h1><span style=\"color: #ffffff;\">PREGUNTAS SOBRE LOS GREMIOS EN LOS TRABAJOS DE REPARACI\u00d3N<\/span><\/h1>\n<hr \/>\n<p>[\/et_pb_text][\/et_pb_column][\/et_pb_row][et_pb_row use_custom_gutter=\u00bbon\u00bb gutter_width=\u00bb2&#8243; padding_mobile=\u00bboff\u00bb column_padding_mobile=\u00bbon\u00bb admin_label=\u00bbrow\u00bb _builder_version=\u00bb4.16&#8243; background_size=\u00bbinitial\u00bb background_position=\u00bbtop_left\u00bb background_repeat=\u00bbrepeat\u00bb custom_margin=\u00bb-50px|||\u00bb global_colors_info=\u00bb{}\u00bb column_structure=\u00bb1_3,1_3,1_3&#8243;][et_pb_column type=\u00bb1_3&#8243; _builder_version=\u00bb4.16&#8243; custom_padding=\u00bb|||\u00bb global_colors_info=\u00bb{}\u00bb custom_padding__hover=\u00bb|||\u00bb][et_pb_image src=\u00bbhttps:\/\/www.sutearo.eus\/wp-content\/uploads\/2018\/10\/GREMIOAK-TEKNIKOAK.jpg\u00bb align_tablet=\u00bbcenter\u00bb align_last_edited=\u00bbon|desktop\u00bb _builder_version=\u00bb4.16&#8243; use_border_color=\u00bboff\u00bb border_color=\u00bb#ffffff\u00bb border_width=\u00bb1px\u00bb border_style=\u00bbsolid\u00bb animation=\u00bboff\u00bb sticky=\u00bboff\u00bb global_colors_info=\u00bb{}\u00bb align_phone=\u00bbcenter\u00bb][\/et_pb_image][\/et_pb_column][et_pb_column type=\u00bb1_3&#8243; _builder_version=\u00bb4.16&#8243; custom_padding=\u00bb|||\u00bb global_colors_info=\u00bb{}\u00bb custom_padding__hover=\u00bb|||\u00bb][et_pb_toggle title=\u00bbHe tenido un siniestro; me gustar\u00eda que Sutearo enviara a un gremio o a un\/a t\u00e9cnico\/a para realizar los trabajos de reparaci\u00f3n.\u00bb open_toggle_text_color=\u00bb#d4782f\u00bb closed_toggle_text_color=\u00bb#ffffff\u00bb closed_toggle_background_color=\u00bb#970237&#8243; icon_color=\u00bb#d4782f\u00bb open_icon_color=\u00bb#d4782f\u00bb admin_label=\u00bbGremios en los trabajo de reparaci\u00f3n\u00bb _builder_version=\u00bb4.16&#8243; title_font=\u00bbMerriweather||||\u00bb title_font_size=\u00bb22&#8243; title_line_height=\u00bb1.1em\u00bb body_text_color=\u00bb#32211e\u00bb use_border_color=\u00bboff\u00bb border_color=\u00bb#ffffff\u00bb border_width=\u00bb1px\u00bb border_style=\u00bbsolid\u00bb saved_tabs=\u00bball\u00bb global_colors_info=\u00bb{}\u00bb]<\/p>\n<p>En Sutearo no existen gremios ni t\u00e9cnicos propios que vayan a realizar los trabajos de reparaci\u00f3n derivados de un siniestro. En muchas ocasiones, las personas asociadas solicitan este servicio porque las \u201cdem\u00e1s compa\u00f1\u00edas aseguradoras\u201d as\u00ed lo hacen.<\/p>\n<p>Hemos insistido una y otra vez en que las diferencias entre las Compa\u00f1\u00edas Aseguradoras y Sutearo son grandes; la gesti\u00f3n de los gremios es una de ellas. La filosof\u00eda de Sutearo se basa en distribuir el trabajo entre las propias personas asociadas o entre los profesionales y t\u00e9cnicos de nuestros pueblos o alrededores. Es habitual que los servicios de reparaci\u00f3n que ofrecen las compa\u00f1\u00edas aseguradoras est\u00e9n centralizados, y no es de extra\u00f1ar que el t\u00e9cnico se desplace de un lugar situado incluso a una distancia de hasta 50 kil\u00f3metros de nuestra vivienda, cuando entre los propios familiares o en nuestro pueblo hay personas capaces de realizar esos mismos trabajos.<\/p>\n<p>Es innegable que la existencia de grandes superficies comerciales, la utilizaci\u00f3n de las nuevas tecnolog\u00edas a la hora de hacer compras, etc. han tra\u00eddo cambios significativos a nuestros h\u00e1bitos de consumo. No nos corresponde a nosotros\/as debatir sobre las ventajas y desventajas de estos nuevos medios de consumo, pero est\u00e1 claro que afectan directamente al peque\u00f1o comercio, y que son cada vez m\u00e1s los comercios o empresas locales que se ven obligados a cerrar sus puertas como consecuencia de dicha competencia.<\/p>\n<p>Desde Sutearo, nos gustar\u00eda, en la medida de lo posible, ayudar a romper esta din\u00e1mica. Para ello, nos hemos marcado como objetivo tratar de distribuir el trabajo entre las personas asociadas, para que sus frutos queden en el pueblo y para el pueblo.<\/p>\n<p>Bas\u00e1ndonos en esta idea, cuando una persona asociada sufre un da\u00f1o, instamos a que sea ella misma la que se encargue de elegir el gremio o t\u00e9cnico que vaya a hacer la reparaci\u00f3n, teniendo en cuenta que la cercan\u00eda y confianza en el\/la reparador\/a son fundamentales para su propia satisfacci\u00f3n.<\/p>\n<p>[\/et_pb_toggle][\/et_pb_column][et_pb_column type=\u00bb1_3&#8243; _builder_version=\u00bb4.16&#8243; custom_padding=\u00bb|||\u00bb global_colors_info=\u00bb{}\u00bb custom_padding__hover=\u00bb|||\u00bb][\/et_pb_column][\/et_pb_row][\/et_pb_section]<\/p>\n","protected":false},"excerpt":{"rendered":"<p>PREGUNTAS SOBRE LOS GREMIOS EN LOS TRABAJOS DE REPARACI\u00d3NEn Sutearo no existen gremios ni t\u00e9cnicos propios que vayan a realizar los trabajos de reparaci\u00f3n derivados de un siniestro. En muchas ocasiones, las personas asociadas solicitan este servicio porque las \u201cdem\u00e1s compa\u00f1\u00edas aseguradoras\u201d as\u00ed lo hacen. Hemos insistido una y otra vez en que las diferencias [&hellip;]<\/p>\n","protected":false},"author":1,"featured_media":0,"parent":0,"menu_order":0,"comment_status":"closed","ping_status":"closed","template":"","meta":{"_et_pb_use_builder":"on","_et_pb_old_content":"","_et_gb_content_width":"","footnotes":""},"class_list":["post-3301","page","type-page","status-publish","hentry"],"yoast_head":"<!-- This site is optimized with the Yoast SEO plugin v27.2 - https:\/\/yoast.com\/product\/yoast-seo-wordpress\/ -->\n<title>SOBRE LOS GREMIOS EN LOS TRABAJOS DE REPARACI\u00d3N - Sutearo. Elkarri Laguntzeko Erakundea. Entidad de ayuda mutua<\/title>\n<meta name=\"robots\" content=\"index, follow, max-snippet:-1, max-image-preview:large, max-video-preview:-1\" \/>\n<link rel=\"canonical\" href=\"https:\/\/www.sutearo.eus\/gremio-edo-konpontzaileei-buruzko-galderak\/\" \/>\n<meta property=\"og:locale\" content=\"es_ES\" \/>\n<meta property=\"og:type\" content=\"article\" \/>\n<meta property=\"og:title\" content=\"SOBRE LOS GREMIOS EN LOS TRABAJOS DE REPARACI\u00d3N - Sutearo. Elkarri Laguntzeko Erakundea. Entidad de ayuda mutua\" \/>\n<meta property=\"og:description\" content=\"PREGUNTAS SOBRE LOS GREMIOS EN LOS TRABAJOS DE REPARACI\u00d3NEn Sutearo no existen gremios ni t\u00e9cnicos propios que vayan a realizar los trabajos de reparaci\u00f3n derivados de un siniestro. En muchas ocasiones, las personas asociadas solicitan este servicio porque las \u201cdem\u00e1s compa\u00f1\u00edas aseguradoras\u201d as\u00ed lo hacen. Hemos insistido una y otra vez en que las diferencias [&hellip;]\" \/>\n<meta property=\"og:url\" content=\"https:\/\/www.sutearo.eus\/gremio-edo-konpontzaileei-buruzko-galderak\/\" \/>\n<meta property=\"og:site_name\" content=\"Sutearo. Elkarri Laguntzeko Erakundea. Entidad de ayuda mutua\" \/>\n<meta property=\"article:modified_time\" content=\"2026-03-17T11:01:11+00:00\" \/>\n<meta name=\"twitter:card\" content=\"summary_large_image\" \/>\n<meta name=\"twitter:label1\" content=\"Tiempo de lectura\" \/>\n\t<meta name=\"twitter:data1\" content=\"4 minutos\" \/>\n<script type=\"application\/ld+json\" class=\"yoast-schema-graph\">{\"@context\":\"https:\/\/schema.org\",\"@graph\":[{\"@type\":\"WebPage\",\"@id\":\"https:\/\/www.sutearo.eus\/gremio-edo-konpontzaileei-buruzko-galderak\/\",\"url\":\"https:\/\/www.sutearo.eus\/gremio-edo-konpontzaileei-buruzko-galderak\/\",\"name\":\"SOBRE LOS GREMIOS EN LOS TRABAJOS DE REPARACI\u00d3N - Sutearo. Elkarri Laguntzeko Erakundea. Entidad de ayuda mutua\",\"isPartOf\":{\"@id\":\"https:\/\/www.sutearo.eus\/#website\"},\"datePublished\":\"2018-10-24T08:18:42+00:00\",\"dateModified\":\"2026-03-17T11:01:11+00:00\",\"breadcrumb\":{\"@id\":\"https:\/\/www.sutearo.eus\/gremio-edo-konpontzaileei-buruzko-galderak\/#breadcrumb\"},\"inLanguage\":\"es\",\"potentialAction\":[{\"@type\":\"ReadAction\",\"target\":[\"https:\/\/www.sutearo.eus\/gremio-edo-konpontzaileei-buruzko-galderak\/\"]}]},{\"@type\":\"BreadcrumbList\",\"@id\":\"https:\/\/www.sutearo.eus\/gremio-edo-konpontzaileei-buruzko-galderak\/#breadcrumb\",\"itemListElement\":[{\"@type\":\"ListItem\",\"position\":1,\"name\":\"Portada\",\"item\":\"https:\/\/www.sutearo.eus\/es\/\"},{\"@type\":\"ListItem\",\"position\":2,\"name\":\"SOBRE LOS GREMIOS EN LOS TRABAJOS DE REPARACI\u00d3N\"}]},{\"@type\":\"WebSite\",\"@id\":\"https:\/\/www.sutearo.eus\/#website\",\"url\":\"https:\/\/www.sutearo.eus\/\",\"name\":\"Sutearo. Elkarri Laguntzeko Erakundea. Entidad de ayuda mutua\",\"description\":\"Respondemos de los posibles da\u00f1os que se puedan ocasionar en nuestras viviendas\",\"potentialAction\":[{\"@type\":\"SearchAction\",\"target\":{\"@type\":\"EntryPoint\",\"urlTemplate\":\"https:\/\/www.sutearo.eus\/?s={search_term_string}\"},\"query-input\":{\"@type\":\"PropertyValueSpecification\",\"valueRequired\":true,\"valueName\":\"search_term_string\"}}],\"inLanguage\":\"es\"}]}<\/script>\n<!-- \/ Yoast SEO plugin. -->","yoast_head_json":{"title":"SOBRE LOS GREMIOS EN LOS TRABAJOS DE REPARACI\u00d3N - Sutearo. Elkarri Laguntzeko Erakundea. Entidad de ayuda mutua","robots":{"index":"index","follow":"follow","max-snippet":"max-snippet:-1","max-image-preview":"max-image-preview:large","max-video-preview":"max-video-preview:-1"},"canonical":"https:\/\/www.sutearo.eus\/gremio-edo-konpontzaileei-buruzko-galderak\/","og_locale":"es_ES","og_type":"article","og_title":"SOBRE LOS GREMIOS EN LOS TRABAJOS DE REPARACI\u00d3N - Sutearo. Elkarri Laguntzeko Erakundea. Entidad de ayuda mutua","og_description":"PREGUNTAS SOBRE LOS GREMIOS EN LOS TRABAJOS DE REPARACI\u00d3NEn Sutearo no existen gremios ni t\u00e9cnicos propios que vayan a realizar los trabajos de reparaci\u00f3n derivados de un siniestro. En muchas ocasiones, las personas asociadas solicitan este servicio porque las \u201cdem\u00e1s compa\u00f1\u00edas aseguradoras\u201d as\u00ed lo hacen. Hemos insistido una y otra vez en que las diferencias [&hellip;]","og_url":"https:\/\/www.sutearo.eus\/gremio-edo-konpontzaileei-buruzko-galderak\/","og_site_name":"Sutearo. Elkarri Laguntzeko Erakundea. Entidad de ayuda mutua","article_modified_time":"2026-03-17T11:01:11+00:00","twitter_card":"summary_large_image","twitter_misc":{"Tiempo de lectura":"4 minutos"},"schema":{"@context":"https:\/\/schema.org","@graph":[{"@type":"WebPage","@id":"https:\/\/www.sutearo.eus\/gremio-edo-konpontzaileei-buruzko-galderak\/","url":"https:\/\/www.sutearo.eus\/gremio-edo-konpontzaileei-buruzko-galderak\/","name":"SOBRE LOS GREMIOS EN LOS TRABAJOS DE REPARACI\u00d3N - Sutearo. Elkarri Laguntzeko Erakundea. Entidad de ayuda mutua","isPartOf":{"@id":"https:\/\/www.sutearo.eus\/#website"},"datePublished":"2018-10-24T08:18:42+00:00","dateModified":"2026-03-17T11:01:11+00:00","breadcrumb":{"@id":"https:\/\/www.sutearo.eus\/gremio-edo-konpontzaileei-buruzko-galderak\/#breadcrumb"},"inLanguage":"es","potentialAction":[{"@type":"ReadAction","target":["https:\/\/www.sutearo.eus\/gremio-edo-konpontzaileei-buruzko-galderak\/"]}]},{"@type":"BreadcrumbList","@id":"https:\/\/www.sutearo.eus\/gremio-edo-konpontzaileei-buruzko-galderak\/#breadcrumb","itemListElement":[{"@type":"ListItem","position":1,"name":"Portada","item":"https:\/\/www.sutearo.eus\/es\/"},{"@type":"ListItem","position":2,"name":"SOBRE LOS GREMIOS EN LOS TRABAJOS DE REPARACI\u00d3N"}]},{"@type":"WebSite","@id":"https:\/\/www.sutearo.eus\/#website","url":"https:\/\/www.sutearo.eus\/","name":"Sutearo. Elkarri Laguntzeko Erakundea. Entidad de ayuda mutua","description":"Respondemos de los posibles da\u00f1os que se puedan ocasionar en nuestras viviendas","potentialAction":[{"@type":"SearchAction","target":{"@type":"EntryPoint","urlTemplate":"https:\/\/www.sutearo.eus\/?s={search_term_string}"},"query-input":{"@type":"PropertyValueSpecification","valueRequired":true,"valueName":"search_term_string"}}],"inLanguage":"es"}]}},"_links":{"self":[{"href":"https:\/\/www.sutearo.eus\/es\/wp-json\/wp\/v2\/pages\/3301","targetHints":{"allow":["GET"]}}],"collection":[{"href":"https:\/\/www.sutearo.eus\/es\/wp-json\/wp\/v2\/pages"}],"about":[{"href":"https:\/\/www.sutearo.eus\/es\/wp-json\/wp\/v2\/types\/page"}],"author":[{"embeddable":true,"href":"https:\/\/www.sutearo.eus\/es\/wp-json\/wp\/v2\/users\/1"}],"replies":[{"embeddable":true,"href":"https:\/\/www.sutearo.eus\/es\/wp-json\/wp\/v2\/comments?post=3301"}],"version-history":[{"count":6,"href":"https:\/\/www.sutearo.eus\/es\/wp-json\/wp\/v2\/pages\/3301\/revisions"}],"predecessor-version":[{"id":5748,"href":"https:\/\/www.sutearo.eus\/es\/wp-json\/wp\/v2\/pages\/3301\/revisions\/5748"}],"wp:attachment":[{"href":"https:\/\/www.sutearo.eus\/es\/wp-json\/wp\/v2\/media?parent=3301"}],"curies":[{"name":"wp","href":"https:\/\/api.w.org\/{rel}","templated":true}]}}