{"id":337,"date":"2016-11-29T09:36:03","date_gmt":"2016-11-29T09:36:03","guid":{"rendered":"https:\/\/www.sutearo.eus\/?page_id=337"},"modified":"2026-03-17T12:05:26","modified_gmt":"2026-03-17T11:05:26","slug":"tipos-de-ayuda","status":"publish","type":"page","link":"https:\/\/www.sutearo.eus\/es\/tipos-de-ayuda\/","title":{"rendered":"TIPOS DE AYUDA"},"content":{"rendered":"<p>[et_pb_section fb_built=\u00bb1&#8243; custom_padding_last_edited=\u00bbon|desktop\u00bb admin_label=\u00bbsection\u00bb _builder_version=\u00bb4.16&#8243; background_color=\u00bbrgba(239,236,233,0)\u00bb background_image=\u00bbhttps:\/\/www.sutearo.eus\/wp-content\/uploads\/2016\/11\/zutabeak.jpg\u00bb custom_padding_tablet=\u00bb50px|0|50px|0&#8243; custom_padding_phone=\u00bb\u00bb transparent_background=\u00bboff\u00bb padding_mobile=\u00bboff\u00bb make_fullwidth=\u00bboff\u00bb use_custom_width=\u00bboff\u00bb width_unit=\u00bbon\u00bb custom_width_px=\u00bb1080px\u00bb custom_width_percent=\u00bb80%\u00bb global_colors_info=\u00bb{}\u00bb][et_pb_row padding_mobile=\u00bboff\u00bb column_padding_mobile=\u00bbon\u00bb admin_label=\u00bbFila\u00bb _builder_version=\u00bb4.16&#8243; background_color=\u00bbrgba(255,255,255,0)\u00bb background_size=\u00bbinitial\u00bb background_position=\u00bbtop_left\u00bb background_repeat=\u00bbrepeat\u00bb custom_margin=\u00bb-30px|||\u00bb make_fullwidth=\u00bboff\u00bb use_custom_width=\u00bboff\u00bb width_unit=\u00bbon\u00bb custom_width_px=\u00bb1080px\u00bb custom_width_percent=\u00bb80%\u00bb global_colors_info=\u00bb{}\u00bb][et_pb_column type=\u00bb4_4&#8243; _builder_version=\u00bb4.16&#8243; custom_padding=\u00bb|||\u00bb global_colors_info=\u00bb{}\u00bb custom_padding__hover=\u00bb|||\u00bb][et_pb_text admin_label=\u00bbTexto\u00bb _builder_version=\u00bb4.16&#8243; text_text_color=\u00bb#978a7c\u00bb header_font=\u00bbRoboto Condensed||||\u00bb header_text_color=\u00bb#978a7c\u00bb header_font_size=\u00bb45&#8243; background_size=\u00bbinitial\u00bb background_position=\u00bbtop_left\u00bb background_repeat=\u00bbrepeat\u00bb custom_margin=\u00bb-20px|||\u00bb header_font_size_tablet=\u00bb\u00bb header_font_size_phone=\u00bb30px\u00bb header_font_size_last_edited=\u00bbon|phone\u00bb use_border_color=\u00bboff\u00bb border_style=\u00bbsolid\u00bb global_colors_info=\u00bb{}\u00bb]<\/p>\n<h1><span style=\"color: #970237;\">TIPOS DE AYUDAS<\/span><\/h1>\n<hr \/>\n<p>&nbsp;<\/p>\n<p>[\/et_pb_text][\/et_pb_column][\/et_pb_row][et_pb_row padding_mobile=\u00bboff\u00bb column_padding_mobile=\u00bbon\u00bb admin_label=\u00bbrow\u00bb _builder_version=\u00bb4.16&#8243; background_color=\u00bbrgba(255,255,255,0)\u00bb background_size=\u00bbinitial\u00bb background_position=\u00bbtop_left\u00bb background_repeat=\u00bbrepeat\u00bb custom_margin=\u00bb-50px|||\u00bb make_fullwidth=\u00bboff\u00bb use_custom_width=\u00bboff\u00bb width_unit=\u00bbon\u00bb custom_width_px=\u00bb1080px\u00bb custom_width_percent=\u00bb80%\u00bb global_colors_info=\u00bb{}\u00bb column_structure=\u00bb1_3,2_3&#8243;][et_pb_column type=\u00bb1_3&#8243; _builder_version=\u00bb4.16&#8243; custom_padding=\u00bb|||\u00bb global_colors_info=\u00bb{}\u00bb custom_padding__hover=\u00bb|||\u00bb][et_pb_gallery gallery_ids=\u00bb381,377,380,382,378,379&#8243; fullwidth=\u00bbon\u00bb admin_label=\u00bbGaler\u00eda\u00bb _builder_version=\u00bb4.16&#8243; title_text_color=\u00bb#d4782f\u00bb caption_all_caps=\u00bboff\u00bb background_layout=\u00bbdark\u00bb auto=\u00bbon\u00bb use_border_color=\u00bboff\u00bb border_color=\u00bb#ffffff\u00bb border_width=\u00bb1px\u00bb border_style=\u00bbsolid\u00bb global_colors_info=\u00bb{}\u00bb] [\/et_pb_gallery][\/et_pb_column][et_pb_column type=\u00bb2_3&#8243; _builder_version=\u00bb4.16&#8243; custom_padding=\u00bb|||\u00bb global_colors_info=\u00bb{}\u00bb custom_padding__hover=\u00bb|||\u00bb][et_pb_text admin_label=\u00bbTexto\u00bb _builder_version=\u00bb4.16&#8243; header_text_color=\u00bb#32211e\u00bb background_size=\u00bbinitial\u00bb background_position=\u00bbtop_left\u00bb background_repeat=\u00bbrepeat\u00bb use_border_color=\u00bboff\u00bb border_style=\u00bbsolid\u00bb global_colors_info=\u00bb{}\u00bb]<\/p>\n<blockquote>\n<h1><span style=\"color: #d4782f;\">PRESTACI\u00d3N DE AYUDAS ENTRE LAS PERSONAS ASOCIADAS DE SUTEARO<\/span><\/h1>\n<\/blockquote>\n<p><span style=\"color: #32211e;\">Sutearo, continuadora de las hermandades de socorro mutuo, presta ayuda para la reparaci\u00f3n de los da\u00f1os que puedan ocurrir en las casas del medio rural.<\/span><\/p>\n<p><span style=\"color: #32211e;\">Hasta no remotos tiempos las ayudas que se prestaban a las personas asociadas en sus casas eran casi solamente en caso de incendio y viento.<\/span><\/p>\n<p><span style=\"color: #32211e;\">No obstante Sutearo a\u00f1o a a\u00f1o y por debate y acuerdo de sus personas asociadas, ha ido actualizando las ayudas adecu\u00e1ndolas a las necesidades de las casas de campo. Estas ayudas se van revisando y ajustando permanentemente.<\/span><br \/>\n[\/et_pb_text][et_pb_text admin_label=\u00bbTexto\u00bb _builder_version=\u00bb4.16&#8243; header_text_color=\u00bb#d4782f\u00bb background_size=\u00bbinitial\u00bb background_position=\u00bbtop_left\u00bb background_repeat=\u00bbrepeat\u00bb use_border_color=\u00bboff\u00bb border_style=\u00bbsolid\u00bb global_colors_info=\u00bb{}\u00bb]<strong>En la actualidad presta ayudas a la reparaci\u00f3n de da\u00f1os producidos por:<\/strong><\/p>\n<h2><span style=\"color: #d4782f;\">\u2022\u00a0<\/span><span style=\"color: #d4782f;\">INCENDIO, EXPLOSI\u00d3N Y RAYO<\/span><\/h2>\n<p>&#8211;\u00a0Incendio<br \/>\n&#8211; Explosi\u00f3n<br \/>\n&#8211; Rayo<br \/>\n&#8211; Efectos<br \/>\n&#8211; Otros<\/p>\n<h2><span style=\"color: #d4782f;\">\u2022\u00a0<\/span><span style=\"color: #d4782f;\">ELEMENTOS NATURALES<\/span><\/h2>\n<p>&#8211;\u00a0Lluvia<br \/>\n&#8211; Granizo o pedrisco<br \/>\n&#8211; Nieve<br \/>\n&#8211; Viento<\/p>\n<h2><span style=\"color: #d4782f;\">\u2022\u00a0<\/span><span style=\"color: #d4782f;\">DA\u00d1OS EN VARIOS ELEMENTOS<\/span><\/h2>\n<p>&#8211;\u00a0Rotura de cristales<br \/>\n&#8211; Accidentes en instalaciones de agua<br \/>\n&#8211; Rotura de loza sanitaria<br \/>\n&#8211; Da\u00f1os est\u00e9ticos<br \/>\n&#8211; Sustracci\u00f3n, p\u00e9rdida o rotura de llaves de casa<br \/>\n&#8211; G\u00e9nero agr\u00edcola y\/o profesional<br \/>\n&#8211; P\u00e9rdida o deterioro del g\u00e9nero en congeladores<br \/>\n&#8211; Choque de objetos externos<br \/>\n&#8211; Ayuda para ahuyentar abejas o avispas del edificio protegido<br \/>\n&#8211; Objetos de Valor<\/p>\n<h2><span style=\"color: #d4782f;\">\u2022\u00a0<\/span><span style=\"color: #d4782f;\">ROBO Y ACTOS DE VANDALISMO<\/span><\/h2>\n<p>&#8211;\u00a0Da\u00f1os al continente o al contenido<br \/>\n&#8211; Dinero sustra\u00eddo en la vivienda o en la calle<br \/>\n&#8211; Robo de utensilios o g\u00e9nero dom\u00e9stico<br \/>\n&#8211; Sustracci\u00f3n g\u00e9nero agr\u00edcola y\/o profesional<br \/>\n&#8211; Robo de joyas<br \/>\n&#8211; Sustracci\u00f3n de Objetos de Valor<\/p>\n<h2><span style=\"color: #d4782f;\">\u2022\u00a0<\/span><span style=\"color: #d4782f;\">ACCIDENTES EXCEPCIONALES<\/span><\/h2>\n<p>&#8211;\u00a0Inundaciones<br \/>\n&#8211; Vendavales<br \/>\n&#8211; Piedra<\/p>\n<h2><span style=\"color: #d4782f;\">\u2022\u00a0<\/span><span style=\"color: #d4782f;\">OTRAS CAUSAS<\/span><\/h2>\n<p>&#8211;\u00a0Reclamaciones<br \/>\n&#8211; Defensa jur\u00eddica<\/p>\n<p>&nbsp;<\/p>\n<h2><span style=\"color: #d4782f;\">\u2022 Responsabilidad Civil<\/span><\/h2>\n<p>Las personas asociadas est\u00e1n obligadas al mantenimiento de sus bienes en buen estado y a poner los medios necesarios para evitar riesgos o aminorar sus consecuencias.<\/p>\n<p>Son las personas asociadas:<\/p>\n<p>&#8211;\u00a0Las que acuerdan los da\u00f1os en los que pueda prestarse ayuda<br \/>\n&#8211; Las que los sufragan los da\u00f1os mediante derrama<br \/>\n&#8211; Las m\u00e1s interesadas en que ocurra el menor n\u00famero de incidentes<br \/>\n[\/et_pb_text][\/et_pb_column][\/et_pb_row][\/et_pb_section]<\/p>\n","protected":false},"excerpt":{"rendered":"<p>TIPOS DE AYUDAS &nbsp; PRESTACI\u00d3N DE AYUDAS ENTRE LAS PERSONAS ASOCIADAS DE SUTEARO Sutearo, continuadora de las hermandades de socorro mutuo, presta ayuda para la reparaci\u00f3n de los da\u00f1os que puedan ocurrir en las casas del medio rural. Hasta no remotos tiempos las ayudas que se prestaban a las personas asociadas en sus casas eran [&hellip;]<\/p>\n","protected":false},"author":1,"featured_media":0,"parent":0,"menu_order":0,"comment_status":"closed","ping_status":"closed","template":"","meta":{"_et_pb_use_builder":"on","_et_pb_old_content":"","_et_gb_content_width":"","footnotes":""},"class_list":["post-337","page","type-page","status-publish","hentry"],"yoast_head":"<!-- This site is optimized with the Yoast SEO plugin v27.2 - https:\/\/yoast.com\/product\/yoast-seo-wordpress\/ -->\n<title>TIPOS DE AYUDA - Sutearo. Elkarri Laguntzeko Erakundea. Entidad de ayuda mutua<\/title>\n<meta name=\"robots\" content=\"index, follow, max-snippet:-1, max-image-preview:large, max-video-preview:-1\" \/>\n<link rel=\"canonical\" href=\"https:\/\/www.sutearo.eus\/es\/tipos-de-ayuda\/\" \/>\n<meta property=\"og:locale\" content=\"es_ES\" \/>\n<meta property=\"og:type\" content=\"article\" \/>\n<meta property=\"og:title\" content=\"TIPOS DE AYUDA - Sutearo. Elkarri Laguntzeko Erakundea. Entidad de ayuda mutua\" \/>\n<meta property=\"og:description\" content=\"TIPOS DE AYUDAS &nbsp; PRESTACI\u00d3N DE AYUDAS ENTRE LAS PERSONAS ASOCIADAS DE SUTEARO Sutearo, continuadora de las hermandades de socorro mutuo, presta ayuda para la reparaci\u00f3n de los da\u00f1os que puedan ocurrir en las casas del medio rural. Hasta no remotos tiempos las ayudas que se prestaban a las personas asociadas en sus casas eran [&hellip;]\" \/>\n<meta property=\"og:url\" content=\"https:\/\/www.sutearo.eus\/es\/tipos-de-ayuda\/\" \/>\n<meta property=\"og:site_name\" content=\"Sutearo. Elkarri Laguntzeko Erakundea. Entidad de ayuda mutua\" \/>\n<meta property=\"article:modified_time\" content=\"2026-03-17T11:05:26+00:00\" \/>\n<meta name=\"twitter:card\" content=\"summary_large_image\" \/>\n<meta name=\"twitter:label1\" content=\"Tiempo de lectura\" \/>\n\t<meta name=\"twitter:data1\" content=\"4 minutos\" \/>\n<script type=\"application\/ld+json\" class=\"yoast-schema-graph\">{\"@context\":\"https:\/\/schema.org\",\"@graph\":[{\"@type\":\"WebPage\",\"@id\":\"https:\/\/www.sutearo.eus\/es\/tipos-de-ayuda\/\",\"url\":\"https:\/\/www.sutearo.eus\/es\/tipos-de-ayuda\/\",\"name\":\"TIPOS DE AYUDA - Sutearo. Elkarri Laguntzeko Erakundea. Entidad de ayuda mutua\",\"isPartOf\":{\"@id\":\"https:\/\/www.sutearo.eus\/#website\"},\"datePublished\":\"2016-11-29T09:36:03+00:00\",\"dateModified\":\"2026-03-17T11:05:26+00:00\",\"breadcrumb\":{\"@id\":\"https:\/\/www.sutearo.eus\/es\/tipos-de-ayuda\/#breadcrumb\"},\"inLanguage\":\"es\",\"potentialAction\":[{\"@type\":\"ReadAction\",\"target\":[\"https:\/\/www.sutearo.eus\/es\/tipos-de-ayuda\/\"]}]},{\"@type\":\"BreadcrumbList\",\"@id\":\"https:\/\/www.sutearo.eus\/es\/tipos-de-ayuda\/#breadcrumb\",\"itemListElement\":[{\"@type\":\"ListItem\",\"position\":1,\"name\":\"Portada\",\"item\":\"https:\/\/www.sutearo.eus\/es\/\"},{\"@type\":\"ListItem\",\"position\":2,\"name\":\"TIPOS DE AYUDA\"}]},{\"@type\":\"WebSite\",\"@id\":\"https:\/\/www.sutearo.eus\/#website\",\"url\":\"https:\/\/www.sutearo.eus\/\",\"name\":\"Sutearo. Elkarri Laguntzeko Erakundea. Entidad de ayuda mutua\",\"description\":\"Respondemos de los posibles da\u00f1os que se puedan ocasionar en nuestras viviendas\",\"potentialAction\":[{\"@type\":\"SearchAction\",\"target\":{\"@type\":\"EntryPoint\",\"urlTemplate\":\"https:\/\/www.sutearo.eus\/?s={search_term_string}\"},\"query-input\":{\"@type\":\"PropertyValueSpecification\",\"valueRequired\":true,\"valueName\":\"search_term_string\"}}],\"inLanguage\":\"es\"}]}<\/script>\n<!-- \/ Yoast SEO plugin. -->","yoast_head_json":{"title":"TIPOS DE AYUDA - Sutearo. Elkarri Laguntzeko Erakundea. Entidad de ayuda mutua","robots":{"index":"index","follow":"follow","max-snippet":"max-snippet:-1","max-image-preview":"max-image-preview:large","max-video-preview":"max-video-preview:-1"},"canonical":"https:\/\/www.sutearo.eus\/es\/tipos-de-ayuda\/","og_locale":"es_ES","og_type":"article","og_title":"TIPOS DE AYUDA - Sutearo. Elkarri Laguntzeko Erakundea. Entidad de ayuda mutua","og_description":"TIPOS DE AYUDAS &nbsp; PRESTACI\u00d3N DE AYUDAS ENTRE LAS PERSONAS ASOCIADAS DE SUTEARO Sutearo, continuadora de las hermandades de socorro mutuo, presta ayuda para la reparaci\u00f3n de los da\u00f1os que puedan ocurrir en las casas del medio rural. Hasta no remotos tiempos las ayudas que se prestaban a las personas asociadas en sus casas eran [&hellip;]","og_url":"https:\/\/www.sutearo.eus\/es\/tipos-de-ayuda\/","og_site_name":"Sutearo. Elkarri Laguntzeko Erakundea. Entidad de ayuda mutua","article_modified_time":"2026-03-17T11:05:26+00:00","twitter_card":"summary_large_image","twitter_misc":{"Tiempo de lectura":"4 minutos"},"schema":{"@context":"https:\/\/schema.org","@graph":[{"@type":"WebPage","@id":"https:\/\/www.sutearo.eus\/es\/tipos-de-ayuda\/","url":"https:\/\/www.sutearo.eus\/es\/tipos-de-ayuda\/","name":"TIPOS DE AYUDA - Sutearo. Elkarri Laguntzeko Erakundea. Entidad de ayuda mutua","isPartOf":{"@id":"https:\/\/www.sutearo.eus\/#website"},"datePublished":"2016-11-29T09:36:03+00:00","dateModified":"2026-03-17T11:05:26+00:00","breadcrumb":{"@id":"https:\/\/www.sutearo.eus\/es\/tipos-de-ayuda\/#breadcrumb"},"inLanguage":"es","potentialAction":[{"@type":"ReadAction","target":["https:\/\/www.sutearo.eus\/es\/tipos-de-ayuda\/"]}]},{"@type":"BreadcrumbList","@id":"https:\/\/www.sutearo.eus\/es\/tipos-de-ayuda\/#breadcrumb","itemListElement":[{"@type":"ListItem","position":1,"name":"Portada","item":"https:\/\/www.sutearo.eus\/es\/"},{"@type":"ListItem","position":2,"name":"TIPOS DE AYUDA"}]},{"@type":"WebSite","@id":"https:\/\/www.sutearo.eus\/#website","url":"https:\/\/www.sutearo.eus\/","name":"Sutearo. Elkarri Laguntzeko Erakundea. Entidad de ayuda mutua","description":"Respondemos de los posibles da\u00f1os que se puedan ocasionar en nuestras viviendas","potentialAction":[{"@type":"SearchAction","target":{"@type":"EntryPoint","urlTemplate":"https:\/\/www.sutearo.eus\/?s={search_term_string}"},"query-input":{"@type":"PropertyValueSpecification","valueRequired":true,"valueName":"search_term_string"}}],"inLanguage":"es"}]}},"_links":{"self":[{"href":"https:\/\/www.sutearo.eus\/es\/wp-json\/wp\/v2\/pages\/337","targetHints":{"allow":["GET"]}}],"collection":[{"href":"https:\/\/www.sutearo.eus\/es\/wp-json\/wp\/v2\/pages"}],"about":[{"href":"https:\/\/www.sutearo.eus\/es\/wp-json\/wp\/v2\/types\/page"}],"author":[{"embeddable":true,"href":"https:\/\/www.sutearo.eus\/es\/wp-json\/wp\/v2\/users\/1"}],"replies":[{"embeddable":true,"href":"https:\/\/www.sutearo.eus\/es\/wp-json\/wp\/v2\/comments?post=337"}],"version-history":[{"count":65,"href":"https:\/\/www.sutearo.eus\/es\/wp-json\/wp\/v2\/pages\/337\/revisions"}],"predecessor-version":[{"id":5756,"href":"https:\/\/www.sutearo.eus\/es\/wp-json\/wp\/v2\/pages\/337\/revisions\/5756"}],"wp:attachment":[{"href":"https:\/\/www.sutearo.eus\/es\/wp-json\/wp\/v2\/media?parent=337"}],"curies":[{"name":"wp","href":"https:\/\/api.w.org\/{rel}","templated":true}]}}