{"id":3452,"date":"2019-03-13T08:56:26","date_gmt":"2019-03-13T08:56:26","guid":{"rendered":"https:\/\/www.sutearo.eus\/?page_id=3452"},"modified":"2026-03-17T12:01:32","modified_gmt":"2026-03-17T11:01:32","slug":"quien-realiza-pago-al-reparador","status":"publish","type":"page","link":"https:\/\/www.sutearo.eus\/es\/quien-realiza-pago-al-reparador\/","title":{"rendered":"\u00bfQui\u00e9n realiza el pago al reparador?"},"content":{"rendered":"<p>[et_pb_section fb_built=\u00bb1&#8243; custom_padding_last_edited=\u00bbon|desktop\u00bb admin_label=\u00bbsection\u00bb _builder_version=\u00bb4.16&#8243; background_color=\u00bb#c7bfb6&#8243; custom_padding_tablet=\u00bb50px|0|50px|0&#8243; custom_padding_phone=\u00bb\u00bb transparent_background=\u00bboff\u00bb padding_mobile=\u00bboff\u00bb global_colors_info=\u00bb{}\u00bb][et_pb_row padding_mobile=\u00bboff\u00bb column_padding_mobile=\u00bbon\u00bb _builder_version=\u00bb4.16&#8243; background_size=\u00bbinitial\u00bb background_position=\u00bbtop_left\u00bb background_repeat=\u00bbrepeat\u00bb custom_margin=\u00bb-30px|||\u00bb global_colors_info=\u00bb{}\u00bb][et_pb_column type=\u00bb4_4&#8243; _builder_version=\u00bb4.16&#8243; custom_padding=\u00bb|||\u00bb global_colors_info=\u00bb{}\u00bb custom_padding__hover=\u00bb|||\u00bb][et_pb_text _builder_version=\u00bb4.16&#8243; text_text_color=\u00bb#978a7c\u00bb header_font=\u00bbRoboto Condensed||||\u00bb header_text_color=\u00bb#978a7c\u00bb header_font_size=\u00bb35px\u00bb background_size=\u00bbinitial\u00bb background_position=\u00bbtop_left\u00bb background_repeat=\u00bbrepeat\u00bb custom_margin=\u00bb-20px|||\u00bb use_border_color=\u00bboff\u00bb global_colors_info=\u00bb{}\u00bb]<\/p>\n<h1><span style=\"color: #ffffff;\">\u00bfQUI\u00c9N REALIZA EL PAGO AL REPARADOR?<\/span><\/h1>\n<hr \/>\n<p>[\/et_pb_text][\/et_pb_column][\/et_pb_row][et_pb_row use_custom_gutter=\u00bbon\u00bb gutter_width=\u00bb2&#8243; padding_mobile=\u00bboff\u00bb column_padding_mobile=\u00bbon\u00bb admin_label=\u00bbrow\u00bb _builder_version=\u00bb4.16&#8243; background_size=\u00bbinitial\u00bb background_position=\u00bbtop_left\u00bb background_repeat=\u00bbrepeat\u00bb custom_margin=\u00bb-50px|||\u00bb global_colors_info=\u00bb{}\u00bb column_structure=\u00bb1_3,1_3,1_3&#8243;][et_pb_column type=\u00bb1_3&#8243; _builder_version=\u00bb4.16&#8243; custom_padding=\u00bb|||\u00bb global_colors_info=\u00bb{}\u00bb custom_padding__hover=\u00bb|||\u00bb][et_pb_image src=\u00bbhttps:\/\/www.sutearo.eus\/wp-content\/uploads\/2019\/03\/konpontzaileari-ordaindu.jpg\u00bb align_tablet=\u00bbcenter\u00bb align_last_edited=\u00bbon|desktop\u00bb _builder_version=\u00bb4.16&#8243; use_border_color=\u00bboff\u00bb border_color=\u00bb#ffffff\u00bb border_width=\u00bb1px\u00bb border_style=\u00bbsolid\u00bb animation=\u00bboff\u00bb sticky=\u00bboff\u00bb global_colors_info=\u00bb{}\u00bb align_phone=\u00bbcenter\u00bb]<br \/>\n[\/et_pb_image][\/et_pb_column][et_pb_column type=\u00bb1_3&#8243; _builder_version=\u00bb4.16&#8243; custom_padding=\u00bb|||\u00bb global_colors_info=\u00bb{}\u00bb custom_padding__hover=\u00bb|||\u00bb][et_pb_toggle title=\u00bb\u00bfQui\u00e9n realiza el pago al reparador?\u00bb open_toggle_text_color=\u00bb#d4782f\u00bb closed_toggle_text_color=\u00bb#ffffff\u00bb closed_toggle_background_color=\u00bb#970237&#8243; icon_color=\u00bb#d4782f\u00bb open_icon_color=\u00bb#d4782f\u00bb admin_label=\u00bb\u00bfQui\u00e9n realiza el pago al reparador?\u00bb _builder_version=\u00bb4.16&#8243; title_font=\u00bbMerriweather||||\u00bb title_font_size=\u00bb22&#8243; title_line_height=\u00bb1.1em\u00bb body_text_color=\u00bb#32211e\u00bb use_border_color=\u00bboff\u00bb border_color=\u00bb#ffffff\u00bb border_width=\u00bb1px\u00bb border_style=\u00bbsolid\u00bb saved_tabs=\u00bball\u00bb global_colors_info=\u00bb{}\u00bb]<\/p>\n<p>Sutearo siempre va a indemnizar a la persona asociada y NO al profesional que haya realizado las tareas de reparaci\u00f3n, puesto que ha sido ella la que ha realizado el encargo de los trabajos.<\/p>\n<p>Tras el pago, la persona asociada recibir\u00e1 una notificaci\u00f3n con los datos del pago (fecha del pago, importe de la indemnizaci\u00f3n, n\u00famero de cuenta donde se ha realizado el ingreso, etc.), para que en caso de error o disconformidad se pueda actuar en consecuencia.<\/p>\n<p>\u00a0<\/p>\n<p>[\/et_pb_toggle][\/et_pb_column][et_pb_column type=\u00bb1_3&#8243; _builder_version=\u00bb4.16&#8243; custom_padding=\u00bb|||\u00bb global_colors_info=\u00bb{}\u00bb custom_padding__hover=\u00bb|||\u00bb][\/et_pb_column][\/et_pb_row][\/et_pb_section]<\/p>\n","protected":false},"excerpt":{"rendered":"<p>\u00bfQUI\u00c9N REALIZA EL PAGO AL REPARADOR? Sutearo siempre va a indemnizar a la persona asociada y NO al profesional que haya realizado las tareas de reparaci\u00f3n, puesto que ha sido ella la que ha realizado el encargo de los trabajos.Tras el pago, la persona asociada recibir\u00e1 una notificaci\u00f3n con los datos del pago (fecha del [&hellip;]<\/p>\n","protected":false},"author":1,"featured_media":0,"parent":0,"menu_order":0,"comment_status":"closed","ping_status":"closed","template":"","meta":{"_et_pb_use_builder":"on","_et_pb_old_content":"","_et_gb_content_width":"","footnotes":""},"class_list":["post-3452","page","type-page","status-publish","hentry"],"yoast_head":"<!-- This site is optimized with the Yoast SEO plugin v27.2 - https:\/\/yoast.com\/product\/yoast-seo-wordpress\/ -->\n<title>\u00bfQui\u00e9n realiza el pago al reparador? - Sutearo. Elkarri Laguntzeko Erakundea. Entidad de ayuda mutua<\/title>\n<meta name=\"robots\" content=\"index, follow, max-snippet:-1, max-image-preview:large, max-video-preview:-1\" \/>\n<link rel=\"canonical\" href=\"https:\/\/www.sutearo.eus\/es\/quien-realiza-pago-al-reparador\/\" \/>\n<meta property=\"og:locale\" content=\"es_ES\" \/>\n<meta property=\"og:type\" content=\"article\" \/>\n<meta property=\"og:title\" content=\"\u00bfQui\u00e9n realiza el pago al reparador? - Sutearo. Elkarri Laguntzeko Erakundea. Entidad de ayuda mutua\" \/>\n<meta property=\"og:description\" content=\"\u00bfQUI\u00c9N REALIZA EL PAGO AL REPARADOR? Sutearo siempre va a indemnizar a la persona asociada y NO al profesional que haya realizado las tareas de reparaci\u00f3n, puesto que ha sido ella la que ha realizado el encargo de los trabajos.Tras el pago, la persona asociada recibir\u00e1 una notificaci\u00f3n con los datos del pago (fecha del [&hellip;]\" \/>\n<meta property=\"og:url\" content=\"https:\/\/www.sutearo.eus\/es\/quien-realiza-pago-al-reparador\/\" \/>\n<meta property=\"og:site_name\" content=\"Sutearo. Elkarri Laguntzeko Erakundea. Entidad de ayuda mutua\" \/>\n<meta property=\"article:modified_time\" content=\"2026-03-17T11:01:32+00:00\" \/>\n<meta name=\"twitter:card\" content=\"summary_large_image\" \/>\n<meta name=\"twitter:label1\" content=\"Tiempo de lectura\" \/>\n\t<meta name=\"twitter:data1\" content=\"2 minutos\" \/>\n<script type=\"application\/ld+json\" class=\"yoast-schema-graph\">{\"@context\":\"https:\/\/schema.org\",\"@graph\":[{\"@type\":\"WebPage\",\"@id\":\"https:\/\/www.sutearo.eus\/es\/quien-realiza-pago-al-reparador\/\",\"url\":\"https:\/\/www.sutearo.eus\/es\/quien-realiza-pago-al-reparador\/\",\"name\":\"\u00bfQui\u00e9n realiza el pago al reparador? - Sutearo. Elkarri Laguntzeko Erakundea. Entidad de ayuda mutua\",\"isPartOf\":{\"@id\":\"https:\/\/www.sutearo.eus\/#website\"},\"datePublished\":\"2019-03-13T08:56:26+00:00\",\"dateModified\":\"2026-03-17T11:01:32+00:00\",\"breadcrumb\":{\"@id\":\"https:\/\/www.sutearo.eus\/es\/quien-realiza-pago-al-reparador\/#breadcrumb\"},\"inLanguage\":\"es\",\"potentialAction\":[{\"@type\":\"ReadAction\",\"target\":[\"https:\/\/www.sutearo.eus\/es\/quien-realiza-pago-al-reparador\/\"]}]},{\"@type\":\"BreadcrumbList\",\"@id\":\"https:\/\/www.sutearo.eus\/es\/quien-realiza-pago-al-reparador\/#breadcrumb\",\"itemListElement\":[{\"@type\":\"ListItem\",\"position\":1,\"name\":\"Portada\",\"item\":\"https:\/\/www.sutearo.eus\/es\/\"},{\"@type\":\"ListItem\",\"position\":2,\"name\":\"\u00bfQui\u00e9n realiza el pago al reparador?\"}]},{\"@type\":\"WebSite\",\"@id\":\"https:\/\/www.sutearo.eus\/#website\",\"url\":\"https:\/\/www.sutearo.eus\/\",\"name\":\"Sutearo. Elkarri Laguntzeko Erakundea. Entidad de ayuda mutua\",\"description\":\"Respondemos de los posibles da\u00f1os que se puedan ocasionar en nuestras viviendas\",\"potentialAction\":[{\"@type\":\"SearchAction\",\"target\":{\"@type\":\"EntryPoint\",\"urlTemplate\":\"https:\/\/www.sutearo.eus\/?s={search_term_string}\"},\"query-input\":{\"@type\":\"PropertyValueSpecification\",\"valueRequired\":true,\"valueName\":\"search_term_string\"}}],\"inLanguage\":\"es\"}]}<\/script>\n<!-- \/ Yoast SEO plugin. -->","yoast_head_json":{"title":"\u00bfQui\u00e9n realiza el pago al reparador? - Sutearo. Elkarri Laguntzeko Erakundea. Entidad de ayuda mutua","robots":{"index":"index","follow":"follow","max-snippet":"max-snippet:-1","max-image-preview":"max-image-preview:large","max-video-preview":"max-video-preview:-1"},"canonical":"https:\/\/www.sutearo.eus\/es\/quien-realiza-pago-al-reparador\/","og_locale":"es_ES","og_type":"article","og_title":"\u00bfQui\u00e9n realiza el pago al reparador? - Sutearo. Elkarri Laguntzeko Erakundea. Entidad de ayuda mutua","og_description":"\u00bfQUI\u00c9N REALIZA EL PAGO AL REPARADOR? Sutearo siempre va a indemnizar a la persona asociada y NO al profesional que haya realizado las tareas de reparaci\u00f3n, puesto que ha sido ella la que ha realizado el encargo de los trabajos.Tras el pago, la persona asociada recibir\u00e1 una notificaci\u00f3n con los datos del pago (fecha del [&hellip;]","og_url":"https:\/\/www.sutearo.eus\/es\/quien-realiza-pago-al-reparador\/","og_site_name":"Sutearo. Elkarri Laguntzeko Erakundea. Entidad de ayuda mutua","article_modified_time":"2026-03-17T11:01:32+00:00","twitter_card":"summary_large_image","twitter_misc":{"Tiempo de lectura":"2 minutos"},"schema":{"@context":"https:\/\/schema.org","@graph":[{"@type":"WebPage","@id":"https:\/\/www.sutearo.eus\/es\/quien-realiza-pago-al-reparador\/","url":"https:\/\/www.sutearo.eus\/es\/quien-realiza-pago-al-reparador\/","name":"\u00bfQui\u00e9n realiza el pago al reparador? - Sutearo. Elkarri Laguntzeko Erakundea. Entidad de ayuda mutua","isPartOf":{"@id":"https:\/\/www.sutearo.eus\/#website"},"datePublished":"2019-03-13T08:56:26+00:00","dateModified":"2026-03-17T11:01:32+00:00","breadcrumb":{"@id":"https:\/\/www.sutearo.eus\/es\/quien-realiza-pago-al-reparador\/#breadcrumb"},"inLanguage":"es","potentialAction":[{"@type":"ReadAction","target":["https:\/\/www.sutearo.eus\/es\/quien-realiza-pago-al-reparador\/"]}]},{"@type":"BreadcrumbList","@id":"https:\/\/www.sutearo.eus\/es\/quien-realiza-pago-al-reparador\/#breadcrumb","itemListElement":[{"@type":"ListItem","position":1,"name":"Portada","item":"https:\/\/www.sutearo.eus\/es\/"},{"@type":"ListItem","position":2,"name":"\u00bfQui\u00e9n realiza el pago al reparador?"}]},{"@type":"WebSite","@id":"https:\/\/www.sutearo.eus\/#website","url":"https:\/\/www.sutearo.eus\/","name":"Sutearo. Elkarri Laguntzeko Erakundea. Entidad de ayuda mutua","description":"Respondemos de los posibles da\u00f1os que se puedan ocasionar en nuestras viviendas","potentialAction":[{"@type":"SearchAction","target":{"@type":"EntryPoint","urlTemplate":"https:\/\/www.sutearo.eus\/?s={search_term_string}"},"query-input":{"@type":"PropertyValueSpecification","valueRequired":true,"valueName":"search_term_string"}}],"inLanguage":"es"}]}},"_links":{"self":[{"href":"https:\/\/www.sutearo.eus\/es\/wp-json\/wp\/v2\/pages\/3452","targetHints":{"allow":["GET"]}}],"collection":[{"href":"https:\/\/www.sutearo.eus\/es\/wp-json\/wp\/v2\/pages"}],"about":[{"href":"https:\/\/www.sutearo.eus\/es\/wp-json\/wp\/v2\/types\/page"}],"author":[{"embeddable":true,"href":"https:\/\/www.sutearo.eus\/es\/wp-json\/wp\/v2\/users\/1"}],"replies":[{"embeddable":true,"href":"https:\/\/www.sutearo.eus\/es\/wp-json\/wp\/v2\/comments?post=3452"}],"version-history":[{"count":5,"href":"https:\/\/www.sutearo.eus\/es\/wp-json\/wp\/v2\/pages\/3452\/revisions"}],"predecessor-version":[{"id":5749,"href":"https:\/\/www.sutearo.eus\/es\/wp-json\/wp\/v2\/pages\/3452\/revisions\/5749"}],"wp:attachment":[{"href":"https:\/\/www.sutearo.eus\/es\/wp-json\/wp\/v2\/media?parent=3452"}],"curies":[{"name":"wp","href":"https:\/\/api.w.org\/{rel}","templated":true}]}}