{"id":389,"date":"2016-11-29T10:59:24","date_gmt":"2016-11-29T10:59:24","guid":{"rendered":"https:\/\/www.sutearo.eus\/?page_id=389"},"modified":"2025-10-24T06:01:46","modified_gmt":"2025-10-24T05:01:46","slug":"responsabilidad-civil","status":"publish","type":"page","link":"https:\/\/www.sutearo.eus\/es\/responsabilidad-civil\/","title":{"rendered":"RESPONSABILIDAD CIVIL"},"content":{"rendered":"<p>[et_pb_section fb_built=\u00bb1&#8243; custom_padding_last_edited=\u00bbon|desktop\u00bb admin_label=\u00bbsection\u00bb _builder_version=\u00bb4.16&#8243; background_color=\u00bb#c7bfb6&#8243; background_image=\u00bbhttps:\/\/www.sutearo.eus\/wp-content\/uploads\/2016\/11\/baserri-iluna.jpg\u00bb custom_padding_tablet=\u00bb50px|0|50px|0&#8243; custom_padding_phone=\u00bb\u00bb transparent_background=\u00bboff\u00bb padding_mobile=\u00bboff\u00bb global_colors_info=\u00bb{}\u00bb][et_pb_row padding_mobile=\u00bboff\u00bb column_padding_mobile=\u00bbon\u00bb _builder_version=\u00bb4.16&#8243; background_size=\u00bbinitial\u00bb background_position=\u00bbtop_left\u00bb background_repeat=\u00bbrepeat\u00bb custom_margin=\u00bb-30px|||\u00bb global_colors_info=\u00bb{}\u00bb][et_pb_column type=\u00bb4_4&#8243; _builder_version=\u00bb4.16&#8243; custom_padding=\u00bb|||\u00bb global_colors_info=\u00bb{}\u00bb custom_padding__hover=\u00bb|||\u00bb][et_pb_text _builder_version=\u00bb4.16&#8243; text_text_color=\u00bb#978a7c\u00bb header_font=\u00bbRoboto Condensed||||\u00bb header_text_color=\u00bb#978a7c\u00bb header_font_size=\u00bb45px\u00bb background_size=\u00bbinitial\u00bb background_position=\u00bbtop_left\u00bb background_repeat=\u00bbrepeat\u00bb custom_margin=\u00bb-20px|||\u00bb header_font_size_tablet=\u00bb45px\u00bb header_font_size_phone=\u00bb30px\u00bb header_font_size_last_edited=\u00bbon|phone\u00bb header_letter_spacing_tablet=\u00bb\u00bb header_letter_spacing_phone=\u00bb\u00bb header_letter_spacing_last_edited=\u00bbon|desktop\u00bb use_border_color=\u00bboff\u00bb border_style=\u00bbsolid\u00bb global_colors_info=\u00bb{}\u00bb]<\/p>\n<h1><span style=\"color: #ffffff;\">RESPONSABILIDAD CIVIL<\/span><\/h1>\n<hr \/>\n<p>[\/et_pb_text][\/et_pb_column][\/et_pb_row][et_pb_row column_structure=\u00bb1_3,1_3,1_3&#8243; use_custom_gutter=\u00bbon\u00bb gutter_width=\u00bb2&#8243; padding_mobile=\u00bboff\u00bb column_padding_mobile=\u00bbon\u00bb admin_label=\u00bbrow\u00bb _builder_version=\u00bb4.16&#8243; background_size=\u00bbinitial\u00bb background_position=\u00bbtop_left\u00bb background_repeat=\u00bbrepeat\u00bb custom_margin=\u00bb-50px|||\u00bb global_colors_info=\u00bb{}\u00bb][et_pb_column type=\u00bb1_3&#8243; _builder_version=\u00bb4.16&#8243; custom_padding=\u00bb|||\u00bb global_colors_info=\u00bb{}\u00bb custom_padding__hover=\u00bb|||\u00bb][et_pb_text _builder_version=\u00bb4.16&#8243; text_font_size=\u00bb19&#8243; background_size=\u00bbinitial\u00bb background_position=\u00bbtop_left\u00bb background_repeat=\u00bbrepeat\u00bb use_border_color=\u00bboff\u00bb border_style=\u00bbsolid\u00bb saved_tabs=\u00bball\u00bb global_colors_info=\u00bb{}\u00bb]<span style=\"color: #ffffff;\">La Responsabilidad Civil cubre los da\u00f1os a terceros y en estos casos, Sutearo act\u00faa como mero tramitador.<\/span><\/p>\n<p><span style=\"color: #ffffff;\">En este momento existen 4 p\u00f3lizas de Responsabilidad Civil. Cada una de ellas tiene una cobertura o l\u00edmite de hasta 600.000\u20ac.<\/span><\/p>\n<p><span style=\"color: #ffffff;\">Dependiendo de la situaci\u00f3n de cada persona asociada, en el momento en el que se firma el contrato, habr\u00e1 que elegir una de estas cuatro p\u00f3lizas.<\/span><br \/>\n[\/et_pb_text][\/et_pb_column][et_pb_column type=\u00bb1_3&#8243; _builder_version=\u00bb4.16&#8243; custom_padding=\u00bb|||\u00bb global_colors_info=\u00bb{}\u00bb custom_padding__hover=\u00bb|||\u00bb][et_pb_toggle title=\u00bbRESPONSABILIDAD CIVIL INMUEBLE\u00bb open_toggle_text_color=\u00bb#d4782f\u00bb closed_toggle_text_color=\u00bb#ffffff\u00bb closed_toggle_background_color=\u00bb#970237&#8243; icon_color=\u00bb#d4782f\u00bb open_icon_color=\u00bb#d4782f\u00bb _builder_version=\u00bb4.16&#8243; title_font=\u00bbMerriweather||||\u00bb title_font_size=\u00bb22&#8243; title_line_height=\u00bb1.2em\u00bb body_text_color=\u00bb#32211e\u00bb background_size=\u00bbinitial\u00bb background_position=\u00bbtop_left\u00bb background_repeat=\u00bbrepeat\u00bb use_border_color=\u00bboff\u00bb saved_tabs=\u00bball\u00bb global_colors_info=\u00bb{}\u00bb]<\/p>\n<ul>\n<li>N\u00famero de contrato: <strong>X005015698<\/strong><\/li>\n<li>En qu\u00e9 casos se hace este contrato: cuando no vive nadie en la vivienda contratada, es decir, cuando el inmueble est\u00e9 vac\u00edo.<\/li>\n<li>Coste del contrato para la persona asociada a Sutearo: <strong><strong><strong><strong>26\u20ac.<\/strong><\/strong><\/strong><\/strong><\/li>\n<\/ul>\n<p>[\/et_pb_toggle][et_pb_toggle title=\u00bbRESPONSABILIDAD CIVIL DE CASER\u00cdO\u00bb open_toggle_text_color=\u00bb#d4782f\u00bb closed_toggle_text_color=\u00bb#ffffff\u00bb closed_toggle_background_color=\u00bb#d4782f\u00bb icon_color=\u00bb#970237&#8243; open_icon_color=\u00bb#970237&#8243; _builder_version=\u00bb4.16&#8243; title_font=\u00bbMerriweather||||\u00bb title_font_size=\u00bb22&#8243; title_line_height=\u00bb1.2em\u00bb body_text_color=\u00bb#32211e\u00bb background_size=\u00bbinitial\u00bb background_position=\u00bbtop_left\u00bb background_repeat=\u00bbrepeat\u00bb use_border_color=\u00bboff\u00bb saved_tabs=\u00bball\u00bb global_colors_info=\u00bb{}\u00bb]<\/p>\n<ul>\n<li>N\u00famero de contrato: <strong>X005009439<\/strong><\/li>\n<li>En que casos se hace este contrato:<br \/>&#8211; Cuando hay animales (si hay s\u00f3lo perros es suficiente con la Responsabilidad Civil Familiar) o cuando hay explotaci\u00f3n ganadera.<br \/>Coste: <strong>58\u20ac<\/strong>. Excepto cuando la persona asociada sea inquilino\/a que ser\u00e1 de <strong>110\u20ac<\/strong>.<br \/>&#8211; Cuando la casa\u00a0contratada sea Agroturismo o Casa Rural.<br \/>Coste: <strong>110\u20ac<\/strong>. Excepto cuando la persona asociada sea inquilino\/a que ser\u00e1 de <strong>163\u20ac<\/strong>.<\/li>\n<li>Este tipo de\u00a0contrato incluye la Responsabilidad Civil del inmueble y la familiar.<\/li>\n<\/ul>\n<p>[\/et_pb_toggle][\/et_pb_column][et_pb_column type=\u00bb1_3&#8243; _builder_version=\u00bb4.16&#8243; custom_padding=\u00bb|||\u00bb global_colors_info=\u00bb{}\u00bb custom_padding__hover=\u00bb|||\u00bb][et_pb_toggle title=\u00bbRESPONSABILIDAD CIVIL FAMILIAR\u00bb open_toggle_text_color=\u00bb#d4782f\u00bb closed_toggle_text_color=\u00bb#ffffff\u00bb closed_toggle_background_color=\u00bb#c31e1f\u00bb icon_color=\u00bb#970237&#8243; open_icon_color=\u00bb#970237&#8243; _builder_version=\u00bb4.16&#8243; title_font=\u00bbMerriweather||||\u00bb title_font_size=\u00bb22&#8243; title_line_height=\u00bb1.2em\u00bb body_text_color=\u00bb#32211e\u00bb background_size=\u00bbinitial\u00bb background_position=\u00bbtop_left\u00bb background_repeat=\u00bbrepeat\u00bb use_border_color=\u00bboff\u00bb saved_tabs=\u00bball\u00bb global_colors_info=\u00bb{}\u00bb]<\/p>\n<ul>\n<li>N\u00famero de\u00a0contrato: <strong>X005009440<\/strong><\/li>\n<li>En que casos se hace este contrato:<br \/>&#8211; Cuando la familia vive en la vivienda.<br \/>&#8211; Cuando hay animales de compa\u00f1\u00eda en la vivienda (por ejemplo perros).<\/li>\n<li>Este tipo de\u00a0contrato incluye la Responsabilidad Civil del inmueble.<\/li>\n<li>Coste del contrato para\u00a0la persona asociada a Sutearo: <strong><strong><strong><strong><strong>26\u20ac.<\/strong><\/strong><\/strong><\/strong><\/strong><\/li>\n<\/ul>\n<p>[\/et_pb_toggle][et_pb_toggle title=\u00bbRESPONSABILIDAD CIVIL TXOKO BAR O COMERCIO\u00bb open_toggle_text_color=\u00bb#d4782f\u00bb closed_toggle_text_color=\u00bb#ffffff\u00bb closed_toggle_background_color=\u00bb#978a7c\u00bb icon_color=\u00bb#970237&#8243; open_icon_color=\u00bb#970237&#8243; _builder_version=\u00bb4.16&#8243; title_font=\u00bbMerriweather||||\u00bb title_font_size=\u00bb22&#8243; title_line_height=\u00bb1.2em\u00bb body_text_color=\u00bb#32211e\u00bb background_size=\u00bbinitial\u00bb background_position=\u00bbtop_left\u00bb background_repeat=\u00bbrepeat\u00bb use_border_color=\u00bboff\u00bb saved_tabs=\u00bball\u00bb global_colors_info=\u00bb{}\u00bb]<\/p>\n<ul>\n<li>N\u00famero de contrato: <strong>X005015697<\/strong><\/li>\n<li>En que casos se hace este contrato: cuando el edificio sea un txoko, bar o tienda.<\/li>\n<li>Coste Bar\u00a0<strong>79\u20ac<\/strong>. Excepto cuando la persona asociada sea inquilino\/a, <strong>116\u20ac<\/strong>.<\/li>\n<li style=\"font-size: 17px;\">Coste Txoko\u00a0<strong style=\"font-size: 17px;\">105\u20ac<\/strong>. Excepto cuando la persona asociada sea inquilino\/a,\u00a0<strong style=\"font-size: 17px;\">158\u20ac<\/strong>.<\/li>\n<li style=\"font-size: 17px;\">Coste Comercio\u00a0<strong style=\"font-size: 17px;\">68\u20ac<\/strong>. Excepto cuando la persona asociada sea inquilino\/a,\u00a0<strong style=\"font-size: 17px;\">110\u20ac<\/strong>.<\/li>\n<\/ul>\n<p>[\/et_pb_toggle][\/et_pb_column][\/et_pb_row][\/et_pb_section]<\/p>\n","protected":false},"excerpt":{"rendered":"<p>RESPONSABILIDAD CIVIL La Responsabilidad Civil cubre los da\u00f1os a terceros y en estos casos, Sutearo act\u00faa como mero tramitador. En este momento existen 4 p\u00f3lizas de Responsabilidad Civil. Cada una de ellas tiene una cobertura o l\u00edmite de hasta 600.000\u20ac. Dependiendo de la situaci\u00f3n de cada persona asociada, en el momento en el que se [&hellip;]<\/p>\n","protected":false},"author":1,"featured_media":0,"parent":0,"menu_order":0,"comment_status":"closed","ping_status":"closed","template":"","meta":{"_et_pb_use_builder":"on","_et_pb_old_content":"","_et_gb_content_width":"","footnotes":""},"class_list":["post-389","page","type-page","status-publish","hentry"],"yoast_head":"<!-- This site is optimized with the Yoast SEO plugin v27.2 - https:\/\/yoast.com\/product\/yoast-seo-wordpress\/ -->\n<title>SUTEARO, RESPONSABILIDAD CIVIL: INMUEBLE, CASER\u00cdO, FAMILIAR<\/title>\n<meta name=\"description\" content=\"Cubre los da\u00f1os a terceros y en estos casos, Sutearo act\u00faa como mero tramitador y es Plus Ultra Seguros quien responde frente a este tipo de siniestros.\" \/>\n<meta name=\"robots\" content=\"index, follow, max-snippet:-1, max-image-preview:large, max-video-preview:-1\" \/>\n<link rel=\"canonical\" href=\"https:\/\/www.sutearo.eus\/erantzukizun-zibila\/\" \/>\n<meta property=\"og:locale\" content=\"es_ES\" \/>\n<meta property=\"og:type\" content=\"article\" \/>\n<meta property=\"og:title\" content=\"SUTEARO, RESPONSABILIDAD CIVIL: INMUEBLE, CASER\u00cdO, FAMILIAR\" \/>\n<meta property=\"og:description\" content=\"Cubre los da\u00f1os a terceros y en estos casos, Sutearo act\u00faa como mero tramitador y es Plus Ultra Seguros quien responde frente a este tipo de siniestros.\" \/>\n<meta property=\"og:url\" content=\"https:\/\/www.sutearo.eus\/erantzukizun-zibila\/\" \/>\n<meta property=\"og:site_name\" content=\"Sutearo. Elkarri Laguntzeko Erakundea. Entidad de ayuda mutua\" \/>\n<meta property=\"article:modified_time\" content=\"2025-10-24T05:01:46+00:00\" \/>\n<meta name=\"twitter:card\" content=\"summary_large_image\" \/>\n<meta name=\"twitter:label1\" content=\"Tiempo de lectura\" \/>\n\t<meta name=\"twitter:data1\" content=\"4 minutos\" \/>\n<script type=\"application\/ld+json\" class=\"yoast-schema-graph\">{\"@context\":\"https:\/\/schema.org\",\"@graph\":[{\"@type\":\"WebPage\",\"@id\":\"https:\/\/www.sutearo.eus\/erantzukizun-zibila\/\",\"url\":\"https:\/\/www.sutearo.eus\/erantzukizun-zibila\/\",\"name\":\"SUTEARO, RESPONSABILIDAD CIVIL: INMUEBLE, CASER\u00cdO, FAMILIAR\",\"isPartOf\":{\"@id\":\"https:\/\/www.sutearo.eus\/#website\"},\"datePublished\":\"2016-11-29T10:59:24+00:00\",\"dateModified\":\"2025-10-24T05:01:46+00:00\",\"description\":\"Cubre los da\u00f1os a terceros y en estos casos, Sutearo act\u00faa como mero tramitador y es Plus Ultra Seguros quien responde frente a este tipo de siniestros.\",\"breadcrumb\":{\"@id\":\"https:\/\/www.sutearo.eus\/erantzukizun-zibila\/#breadcrumb\"},\"inLanguage\":\"es\",\"potentialAction\":[{\"@type\":\"ReadAction\",\"target\":[\"https:\/\/www.sutearo.eus\/erantzukizun-zibila\/\"]}]},{\"@type\":\"BreadcrumbList\",\"@id\":\"https:\/\/www.sutearo.eus\/erantzukizun-zibila\/#breadcrumb\",\"itemListElement\":[{\"@type\":\"ListItem\",\"position\":1,\"name\":\"Portada\",\"item\":\"https:\/\/www.sutearo.eus\/es\/\"},{\"@type\":\"ListItem\",\"position\":2,\"name\":\"RESPONSABILIDAD CIVIL\"}]},{\"@type\":\"WebSite\",\"@id\":\"https:\/\/www.sutearo.eus\/#website\",\"url\":\"https:\/\/www.sutearo.eus\/\",\"name\":\"Sutearo. Elkarri Laguntzeko Erakundea. Entidad de ayuda mutua\",\"description\":\"Respondemos de los posibles da\u00f1os que se puedan ocasionar en nuestras viviendas\",\"potentialAction\":[{\"@type\":\"SearchAction\",\"target\":{\"@type\":\"EntryPoint\",\"urlTemplate\":\"https:\/\/www.sutearo.eus\/?s={search_term_string}\"},\"query-input\":{\"@type\":\"PropertyValueSpecification\",\"valueRequired\":true,\"valueName\":\"search_term_string\"}}],\"inLanguage\":\"es\"}]}<\/script>\n<!-- \/ Yoast SEO plugin. -->","yoast_head_json":{"title":"SUTEARO, RESPONSABILIDAD CIVIL: INMUEBLE, CASER\u00cdO, FAMILIAR","description":"Cubre los da\u00f1os a terceros y en estos casos, Sutearo act\u00faa como mero tramitador y es Plus Ultra Seguros quien responde frente a este tipo de siniestros.","robots":{"index":"index","follow":"follow","max-snippet":"max-snippet:-1","max-image-preview":"max-image-preview:large","max-video-preview":"max-video-preview:-1"},"canonical":"https:\/\/www.sutearo.eus\/erantzukizun-zibila\/","og_locale":"es_ES","og_type":"article","og_title":"SUTEARO, RESPONSABILIDAD CIVIL: INMUEBLE, CASER\u00cdO, FAMILIAR","og_description":"Cubre los da\u00f1os a terceros y en estos casos, Sutearo act\u00faa como mero tramitador y es Plus Ultra Seguros quien responde frente a este tipo de siniestros.","og_url":"https:\/\/www.sutearo.eus\/erantzukizun-zibila\/","og_site_name":"Sutearo. Elkarri Laguntzeko Erakundea. Entidad de ayuda mutua","article_modified_time":"2025-10-24T05:01:46+00:00","twitter_card":"summary_large_image","twitter_misc":{"Tiempo de lectura":"4 minutos"},"schema":{"@context":"https:\/\/schema.org","@graph":[{"@type":"WebPage","@id":"https:\/\/www.sutearo.eus\/erantzukizun-zibila\/","url":"https:\/\/www.sutearo.eus\/erantzukizun-zibila\/","name":"SUTEARO, RESPONSABILIDAD CIVIL: INMUEBLE, CASER\u00cdO, FAMILIAR","isPartOf":{"@id":"https:\/\/www.sutearo.eus\/#website"},"datePublished":"2016-11-29T10:59:24+00:00","dateModified":"2025-10-24T05:01:46+00:00","description":"Cubre los da\u00f1os a terceros y en estos casos, Sutearo act\u00faa como mero tramitador y es Plus Ultra Seguros quien responde frente a este tipo de siniestros.","breadcrumb":{"@id":"https:\/\/www.sutearo.eus\/erantzukizun-zibila\/#breadcrumb"},"inLanguage":"es","potentialAction":[{"@type":"ReadAction","target":["https:\/\/www.sutearo.eus\/erantzukizun-zibila\/"]}]},{"@type":"BreadcrumbList","@id":"https:\/\/www.sutearo.eus\/erantzukizun-zibila\/#breadcrumb","itemListElement":[{"@type":"ListItem","position":1,"name":"Portada","item":"https:\/\/www.sutearo.eus\/es\/"},{"@type":"ListItem","position":2,"name":"RESPONSABILIDAD CIVIL"}]},{"@type":"WebSite","@id":"https:\/\/www.sutearo.eus\/#website","url":"https:\/\/www.sutearo.eus\/","name":"Sutearo. Elkarri Laguntzeko Erakundea. Entidad de ayuda mutua","description":"Respondemos de los posibles da\u00f1os que se puedan ocasionar en nuestras viviendas","potentialAction":[{"@type":"SearchAction","target":{"@type":"EntryPoint","urlTemplate":"https:\/\/www.sutearo.eus\/?s={search_term_string}"},"query-input":{"@type":"PropertyValueSpecification","valueRequired":true,"valueName":"search_term_string"}}],"inLanguage":"es"}]}},"_links":{"self":[{"href":"https:\/\/www.sutearo.eus\/es\/wp-json\/wp\/v2\/pages\/389","targetHints":{"allow":["GET"]}}],"collection":[{"href":"https:\/\/www.sutearo.eus\/es\/wp-json\/wp\/v2\/pages"}],"about":[{"href":"https:\/\/www.sutearo.eus\/es\/wp-json\/wp\/v2\/types\/page"}],"author":[{"embeddable":true,"href":"https:\/\/www.sutearo.eus\/es\/wp-json\/wp\/v2\/users\/1"}],"replies":[{"embeddable":true,"href":"https:\/\/www.sutearo.eus\/es\/wp-json\/wp\/v2\/comments?post=389"}],"version-history":[{"count":100,"href":"https:\/\/www.sutearo.eus\/es\/wp-json\/wp\/v2\/pages\/389\/revisions"}],"predecessor-version":[{"id":5333,"href":"https:\/\/www.sutearo.eus\/es\/wp-json\/wp\/v2\/pages\/389\/revisions\/5333"}],"wp:attachment":[{"href":"https:\/\/www.sutearo.eus\/es\/wp-json\/wp\/v2\/media?parent=389"}],"curies":[{"name":"wp","href":"https:\/\/api.w.org\/{rel}","templated":true}]}}