{"id":455,"date":"2016-11-29T12:32:31","date_gmt":"2016-11-29T12:32:31","guid":{"rendered":"https:\/\/www.sutearo.eus\/?page_id=455"},"modified":"2019-11-09T06:52:44","modified_gmt":"2019-11-09T06:52:44","slug":"como-nos-organizamos","status":"publish","type":"page","link":"https:\/\/www.sutearo.eus\/es\/como-nos-organizamos\/","title":{"rendered":"C\u00d3MO NOS ORGANIZAMOS"},"content":{"rendered":"<p>[et_pb_section fb_built=\u00bb1&#8243; custom_padding_last_edited=\u00bbon|desktop\u00bb admin_label=\u00bbsection\u00bb _builder_version=\u00bb3.22.3&#8243; background_color=\u00bb#c7bfb6&#8243; background_image=\u00bbhttps:\/\/www.sutearo.eus\/wp-content\/uploads\/2016\/11\/batzar-nagusia-25-urte.jpg\u00bb custom_padding_tablet=\u00bb50px|0|50px|0&#8243; transparent_background=\u00bboff\u00bb padding_mobile=\u00bboff\u00bb make_fullwidth=\u00bboff\u00bb use_custom_width=\u00bboff\u00bb width_unit=\u00bbon\u00bb custom_width_px=\u00bb1080px\u00bb custom_width_percent=\u00bb80%\u00bb][et_pb_row padding_mobile=\u00bboff\u00bb custom_margin=\u00bb-30px|||\u00bb column_padding_mobile=\u00bbon\u00bb parallax_method_1=\u00bboff\u00bb admin_label=\u00bbFila\u00bb _builder_version=\u00bb3.22.3&#8243; background_size=\u00bbinitial\u00bb background_position=\u00bbtop_left\u00bb background_repeat=\u00bbrepeat\u00bb make_fullwidth=\u00bboff\u00bb use_custom_width=\u00bboff\u00bb width_unit=\u00bbon\u00bb custom_width_px=\u00bb1080px\u00bb custom_width_percent=\u00bb80%\u00bb][et_pb_column type=\u00bb4_4&#8243; _builder_version=\u00bb3.0.47&#8243;][et_pb_text admin_label=\u00bbTexto\u00bb _builder_version=\u00bb3.24.1&#8243; text_text_color=\u00bb#978a7c\u00bb header_font=\u00bbRoboto Condensed||||\u00bb header_text_color=\u00bb#978a7c\u00bb header_font_size=\u00bb45&#8243; background_color=\u00bbrgba(212,120,47,0)\u00bb background_size=\u00bbinitial\u00bb background_position=\u00bbtop_left\u00bb background_repeat=\u00bbrepeat\u00bb custom_margin=\u00bb-20px|||\u00bb hover_enabled=\u00bb0&#8243; use_border_color=\u00bboff\u00bb border_style=\u00bbsolid\u00bb header_font_size_last_edited=\u00bbon|phone\u00bb header_font_size_phone=\u00bb30px\u00bb]<\/p>\n<h1><span style=\"color: #ffffff;\">C\u00d3MO NOS ORGANIZAMOS<\/span><\/h1>\n<hr \/>\n<p>&nbsp;<\/p>\n<p>[\/et_pb_text][et_pb_text admin_label=\u00bbTexto\u00bb _builder_version=\u00bb3.0.87&#8243; text_text_color=\u00bb#d4782f\u00bb header_font=\u00bbMerriweather||||\u00bb header_line_height=\u00bb1.1em\u00bb background_color=\u00bbrgba(0,0,0,0)\u00bb background_size=\u00bbinitial\u00bb background_position=\u00bbtop_left\u00bb background_repeat=\u00bbrepeat\u00bb text_orientation=\u00bbright\u00bb background_layout=\u00bbdark\u00bb custom_margin=\u00bb-40px|||\u00bb use_border_color=\u00bboff\u00bb border_style=\u00bbsolid\u00bb]<\/p>\n<blockquote>\n<h1 style=\"text-align: left;\">Direcci\u00f3n y Organigrama de<br \/>\nla Federaci\u00f3n y de cada Sutearo<\/h1>\n<\/blockquote>\n<p>[\/et_pb_text][\/et_pb_column][\/et_pb_row][et_pb_row use_custom_gutter=\u00bbon\u00bb gutter_width=\u00bb1&#8243; custom_padding=\u00bb10px|||\u00bb padding_mobile=\u00bboff\u00bb custom_margin=\u00bb-50px|||\u00bb column_padding_mobile=\u00bbon\u00bb parallax_1=\u00bbon\u00bb parallax_2=\u00bbon\u00bb parallax_method_1=\u00bboff\u00bb parallax_method_2=\u00bboff\u00bb parallax_method_3=\u00bboff\u00bb admin_label=\u00bbrow\u00bb _builder_version=\u00bb3.22.3&#8243; background_size=\u00bbinitial\u00bb background_position=\u00bbtop_left\u00bb background_repeat=\u00bbrepeat\u00bb make_fullwidth=\u00bboff\u00bb use_custom_width=\u00bboff\u00bb width_unit=\u00bbon\u00bb custom_width_px=\u00bb1080px\u00bb custom_width_percent=\u00bb80%\u00bb][et_pb_column type=\u00bb1_3&#8243; _builder_version=\u00bb3.0.47&#8243;][et_pb_toggle title=\u00bbASAMBLEA GENERAL DE LA FEDERACION\u00bb open_toggle_text_color=\u00bb#d4782f\u00bb closed_toggle_text_color=\u00bb#ffffff\u00bb closed_toggle_background_color=\u00bbrgba(151,2,55,0.82)\u00bb icon_color=\u00bb#d4782f\u00bb admin_label=\u00bbOrganigrama 1&#8243; _builder_version=\u00bb3.0.87&#8243; title_font=\u00bbRoboto Condensed||||\u00bb title_font_size=\u00bb22&#8243; title_line_height=\u00bb1.1em\u00bb body_text_color=\u00bb#32211e\u00bb background_size=\u00bbinitial\u00bb background_position=\u00bbtop_left\u00bb background_repeat=\u00bbrepeat\u00bb use_border_color=\u00bboff\u00bb border_color=\u00bb#ffffff\u00bb border_width=\u00bb1px\u00bb border_style=\u00bbsolid\u00bb saved_tabs=\u00bball\u00bb]<\/p>\n<p>La Asamblea General de la Federaci\u00f3n la forman las personas compromisarias de todos los Sutearo federados (una por Sutearo y otra por cada 50 personas asociadas, por lo tanto un m\u00ednimo de 2 por Sutearo y tambi\u00e9n un m\u00e1ximo de 6).<\/p>\n<p>La Asamblea General es el \u00f3rgano m\u00e1ximo donde se pueden tratar y decidir todos los asuntos.<\/p>\n<p>[\/et_pb_toggle][et_pb_toggle title=\u00bbASAMBLEA GENERAL DE CADA SUTEARO\u00bb open_toggle_text_color=\u00bb#d4782f\u00bb closed_toggle_text_color=\u00bb#ffffff\u00bb closed_toggle_background_color=\u00bbrgba(151,2,55,0.82)\u00bb icon_color=\u00bb#d4782f\u00bb admin_label=\u00bbOrganigrama 1&#8243; _builder_version=\u00bb3.0.87&#8243; title_font=\u00bbRoboto Condensed||||\u00bb title_font_size=\u00bb22&#8243; title_line_height=\u00bb1.1em\u00bb body_text_color=\u00bb#32211e\u00bb background_size=\u00bbinitial\u00bb background_position=\u00bbtop_left\u00bb background_repeat=\u00bbrepeat\u00bb use_border_color=\u00bboff\u00bb border_color=\u00bb#ffffff\u00bb border_width=\u00bb1px\u00bb border_style=\u00bbsolid\u00bb saved_tabs=\u00bball\u00bb]<\/p>\n<p>La Asamblea General, compuesta por todas las personas asociadas, es el superior &Oacute;rgano de Gobierno de la Entidad. En la misma pueden tratarse todos los temas y sus decisiones obligan a todos los socios\/as.<\/p>\n<p>Cada Sutearo al estar federado, depende de &eacute;sta en temas de gesti&oacute;n cedidas a la misma, as&iacute; como en las decisiones tomadas por la mayor&iacute;a de los Sutearo federados. Cada Sutearo toma parte en la Asamblea General de la Federaci&oacute;n a trav&eacute;s de las personas representantes o compromisarias en proporci&oacute;n a sus afiliaci&oacute;n.<\/p>\n<p>[\/et_pb_toggle][et_pb_toggle title=\u00bb JUNTA DIRECTIVA DE LA FEDERACI\u00d3N\u00bb open_toggle_text_color=\u00bb#d4782f\u00bb closed_toggle_text_color=\u00bb#ffffff\u00bb closed_toggle_background_color=\u00bbrgba(151,2,55,0.82)\u00bb icon_color=\u00bb#d4782f\u00bb admin_label=\u00bbOrganigrama 2&#8243; _builder_version=\u00bb3.0.87&#8243; title_font=\u00bbRoboto Condensed||||\u00bb title_font_size=\u00bb22&#8243; title_line_height=\u00bb1.1em\u00bb body_text_color=\u00bb#32211e\u00bb background_size=\u00bbinitial\u00bb background_position=\u00bbtop_left\u00bb background_repeat=\u00bbrepeat\u00bb use_border_color=\u00bboff\u00bb border_color=\u00bb#ffffff\u00bb border_width=\u00bb1px\u00bb border_style=\u00bbsolid\u00bb saved_tabs=\u00bball\u00bb]<\/p>\n<p>Est\u00e1 compuesta por personas representantes de seis Sutearo, personas que ostenten la presidencia y vicepresidencia de la Federaci\u00f3n, una representaci\u00f3n del Consejo de Vigilancia y otra del Consejo de Promoci\u00f3n.<\/p>\n<p>Participan la Gerencia y una representaci\u00f3n de la oficina que realizan la labor de ponencia y secretar\u00eda.<\/p>\n<p>La Direcci\u00f3n de la Federaci\u00f3n entre Asambleas radica en la Junta Directiva. Su trabajo estriba en cumplir y hacer cumplir los Acuerdos de la Asamblea General, responsabilizarse de la buena gesti\u00f3n de la Federaci\u00f3n y las personas asociadas en cumplimiento de los estatutos y de la legislaci\u00f3n.<\/p>\n<p>Una vez al a\u00f1o m\u00ednimamente se celebra una Junta Directiva ampliada compuesta por una representaci\u00f3n de cada Sutearo.<\/p>\n<p>[\/et_pb_toggle][et_pb_toggle title=\u00bbJUNTA DIRECTIVA DE CADA SUTEARO\u00bb open_toggle_text_color=\u00bb#d4782f\u00bb closed_toggle_text_color=\u00bb#ffffff\u00bb closed_toggle_background_color=\u00bbrgba(151,2,55,0.82)\u00bb icon_color=\u00bb#d4782f\u00bb admin_label=\u00bbOrganigrama 2&#8243; _builder_version=\u00bb3.0.87&#8243; title_font=\u00bbRoboto Condensed||||\u00bb title_font_size=\u00bb22&#8243; title_line_height=\u00bb1.1em\u00bb body_text_color=\u00bb#32211e\u00bb background_size=\u00bbinitial\u00bb background_position=\u00bbtop_left\u00bb background_repeat=\u00bbrepeat\u00bb use_border_color=\u00bboff\u00bb border_color=\u00bb#ffffff\u00bb border_width=\u00bb1px\u00bb border_style=\u00bbsolid\u00bb saved_tabs=\u00bball\u00bb]<\/p>\n<p>Esta compuesta por una persona en representaci&oacute;n de cada barrio o zona turnadas por orden alfab&eacute;tico. Su n&uacute;mero es variable conforme al n&uacute;mero de afiliados\/as y la divisi&oacute;n de los barrios o zonas. Al d&iacute;a de hoy, el n&uacute;mero de personas que componen la Junta de cada Sutearo , oscila entre 2 y 13 .<\/p>\n<p>Entre Asambleas recae en ella la responsabilidad de todo aquello cuya gesti&oacute;n no haya sido cedida a la Federaci&oacute;n.<\/p>\n<p>A su vez, cuando le corresponda toma parte de la Junta de Direcci&oacute;n de la Federaci&oacute;n.<\/p>\n<p>Asiste a las reuniones Comarcales, a la Junta ampliada de la Federaci&oacute;n y a la Asamblea de &eacute;sta en n&uacute;mero que a cada Sutearo corresponde seg&uacute;n el n&uacute;mero de su afiliaci&oacute;n.<\/p>\n<p>[\/et_pb_toggle][et_pb_toggle title=\u00bbCONSEJO DE PERSONAS PROMOTARAS\u00bb open_toggle_text_color=\u00bb#d4782f\u00bb closed_toggle_text_color=\u00bb#32211e\u00bb closed_toggle_background_color=\u00bbrgba(212,120,47,0.82)\u00bb icon_color=\u00bb#970237&#8243; admin_label=\u00bbConsejo promotores\u00bb _builder_version=\u00bb3.0.87&#8243; title_font=\u00bbRoboto Condensed||||\u00bb title_font_size=\u00bb22&#8243; title_line_height=\u00bb1.1em\u00bb body_text_color=\u00bb#32211e\u00bb background_size=\u00bbinitial\u00bb background_position=\u00bbtop_left\u00bb background_repeat=\u00bbrepeat\u00bb use_border_color=\u00bboff\u00bb border_color=\u00bb#ffffff\u00bb border_width=\u00bb1px\u00bb border_style=\u00bbsolid\u00bb saved_tabs=\u00bball\u00bb]Compuesto por 8 personas, una por hermandad promotora. Su cometido es el de cuidar que Sutearo mantenga su filosof\u00eda. Si observaren que cambia de derrotero pueden convocar Asamblea General Extraordinaria.<br \/>\n[\/et_pb_toggle][et_pb_toggle title=\u00bbCONSEJO DE VIGILANCIA\u00bb open_toggle_text_color=\u00bb#d4782f\u00bb closed_toggle_text_color=\u00bb#32211e\u00bb closed_toggle_background_color=\u00bbrgba(212,120,47,0.82)\u00bb icon_color=\u00bb#970237&#8243; admin_label=\u00bbConsejo de vigilancia\u00bb _builder_version=\u00bb3.0.87&#8243; title_font=\u00bbRoboto Condensed||||\u00bb title_font_size=\u00bb22&#8243; title_line_height=\u00bb1.1em\u00bb body_text_color=\u00bb#32211e\u00bb background_size=\u00bbinitial\u00bb background_position=\u00bbtop_left\u00bb background_repeat=\u00bbrepeat\u00bb use_border_color=\u00bboff\u00bb border_color=\u00bb#ffffff\u00bb border_width=\u00bb1px\u00bb border_style=\u00bbsolid\u00bb saved_tabs=\u00bball\u00bb]<\/p>\n<p>Est&aacute; integrado por las tres &uacute;ltimas personas que han ostentado la presidencia y las que actualmente ostentan tanto la presidencia como la vicepresidencia, una en representaci&oacute;n del Consejo de promotores y la persona que ostenta la gerencia. Su misi&oacute;n es la vigilancia de la marcha diaria de la Federaci&oacute;n y los Sutearo, as&iacute; como tambi&eacute;n servir de apoyo y asesor&iacute;a a la Junta de Gobierno.<\/p>\n<p>[\/et_pb_toggle][et_pb_toggle title=\u00bbCOMISI\u00d3N DISCIPLINARIA\u00bb open_toggle_text_color=\u00bb#d4782f\u00bb closed_toggle_text_color=\u00bb#32211e\u00bb closed_toggle_background_color=\u00bbrgba(212,120,47,0.82)\u00bb icon_color=\u00bb#970237&#8243; admin_label=\u00bbDisciplinaria\u00bb _builder_version=\u00bb3.0.87&#8243; title_font=\u00bbRoboto Condensed||||\u00bb title_font_size=\u00bb22&#8243; title_line_height=\u00bb1.1em\u00bb body_text_color=\u00bb#32211e\u00bb background_size=\u00bbinitial\u00bb background_position=\u00bbtop_left\u00bb background_repeat=\u00bbrepeat\u00bb use_border_color=\u00bboff\u00bb border_color=\u00bb#ffffff\u00bb border_width=\u00bb1px\u00bb border_style=\u00bbsolid\u00bb saved_tabs=\u00bball\u00bb]Formada por 5 personas representantes de 5 Sutearo, tiene la misi\u00f3n de dirimir las relaciones conflictivas de las personas asociada<br \/>\n[\/et_pb_toggle][et_pb_toggle title=\u00bbGERENCIA Y OFICINA DE LA FEDERACION\u00bb open_toggle_text_color=\u00bb#d4782f\u00bb closed_toggle_text_color=\u00bb#32211e\u00bb closed_toggle_background_color=\u00bbrgba(212,120,47,0.82)\u00bb icon_color=\u00bb#970237&#8243; admin_label=\u00bbGerencia y Oficina\u00bb _builder_version=\u00bb3.0.87&#8243; title_font=\u00bbRoboto Condensed||||\u00bb title_font_size=\u00bb22&#8243; title_line_height=\u00bb1.1em\u00bb body_text_color=\u00bb#32211e\u00bb background_size=\u00bbinitial\u00bb background_position=\u00bbtop_left\u00bb background_repeat=\u00bbrepeat\u00bb use_border_color=\u00bboff\u00bb border_color=\u00bb#ffffff\u00bb border_width=\u00bb1px\u00bb border_style=\u00bbsolid\u00bb saved_tabs=\u00bball\u00bb]Es el equipo gestor tambi\u00e9n de cada Sutearo ya que estos han cedido su gesti\u00f3n a la Federaci\u00f3n, as\u00ed todos los encomendados a la oficina de la Federaci\u00f3n son tambi\u00e9n trabajos que realiza en nombre de cada Sutearo, por lo tanto es tambi\u00e9n su \u00d3rgano de Gesti\u00f3n.<br \/>\n[\/et_pb_toggle][\/et_pb_column][et_pb_column type=\u00bb1_3&#8243; _builder_version=\u00bb3.0.47&#8243;][\/et_pb_column][et_pb_column type=\u00bb1_3&#8243; _builder_version=\u00bb3.0.47&#8243;][\/et_pb_column][\/et_pb_row][\/et_pb_section]<\/p>\n","protected":false},"excerpt":{"rendered":"<p>C\u00d3MO NOS ORGANIZAMOS &nbsp; Direcci\u00f3n y Organigrama de la Federaci\u00f3n y de cada Sutearo La Asamblea General de la Federaci\u00f3n la forman las personas compromisarias de todos los Sutearo federados (una por Sutearo y otra por cada 50 personas asociadas, por lo tanto un m\u00ednimo de 2 por Sutearo y tambi\u00e9n un m\u00e1ximo de 6). [&hellip;]<\/p>\n","protected":false},"author":1,"featured_media":0,"parent":0,"menu_order":0,"comment_status":"closed","ping_status":"closed","template":"","meta":{"_et_pb_use_builder":"on","_et_pb_old_content":"","_et_gb_content_width":"","footnotes":""},"class_list":["post-455","page","type-page","status-publish","hentry"],"yoast_head":"<!-- This site is optimized with the Yoast SEO plugin v27.2 - https:\/\/yoast.com\/product\/yoast-seo-wordpress\/ -->\n<title>SUTEARO: \u00bfC\u00f3mo nos organizamos?<\/title>\n<meta name=\"description\" content=\"Direcci\u00f3n y organigrama de la Federaci\u00f3n y de cada Sutearo\" \/>\n<meta name=\"robots\" content=\"index, follow, max-snippet:-1, max-image-preview:large, max-video-preview:-1\" \/>\n<link rel=\"canonical\" href=\"https:\/\/www.sutearo.eus\/es\/como-nos-organizamos\/\" \/>\n<meta property=\"og:locale\" content=\"es_ES\" \/>\n<meta property=\"og:type\" content=\"article\" \/>\n<meta property=\"og:title\" content=\"SUTEARO: \u00bfC\u00f3mo nos organizamos?\" \/>\n<meta property=\"og:description\" content=\"Direcci\u00f3n y organigrama de la Federaci\u00f3n y de cada Sutearo\" \/>\n<meta property=\"og:url\" content=\"https:\/\/www.sutearo.eus\/es\/como-nos-organizamos\/\" \/>\n<meta property=\"og:site_name\" content=\"Sutearo. Elkarri Laguntzeko Erakundea. Entidad de ayuda mutua\" \/>\n<meta property=\"article:modified_time\" content=\"2019-11-09T06:52:44+00:00\" \/>\n<meta name=\"twitter:card\" content=\"summary_large_image\" \/>\n<meta name=\"twitter:label1\" content=\"Tiempo de lectura\" \/>\n\t<meta name=\"twitter:data1\" content=\"8 minutos\" \/>\n<script type=\"application\/ld+json\" class=\"yoast-schema-graph\">{\"@context\":\"https:\/\/schema.org\",\"@graph\":[{\"@type\":\"WebPage\",\"@id\":\"https:\/\/www.sutearo.eus\/es\/como-nos-organizamos\/\",\"url\":\"https:\/\/www.sutearo.eus\/es\/como-nos-organizamos\/\",\"name\":\"SUTEARO: \u00bfC\u00f3mo nos organizamos?\",\"isPartOf\":{\"@id\":\"https:\/\/www.sutearo.eus\/#website\"},\"datePublished\":\"2016-11-29T12:32:31+00:00\",\"dateModified\":\"2019-11-09T06:52:44+00:00\",\"description\":\"Direcci\u00f3n y organigrama de la Federaci\u00f3n y de cada Sutearo\",\"breadcrumb\":{\"@id\":\"https:\/\/www.sutearo.eus\/es\/como-nos-organizamos\/#breadcrumb\"},\"inLanguage\":\"es\",\"potentialAction\":[{\"@type\":\"ReadAction\",\"target\":[\"https:\/\/www.sutearo.eus\/es\/como-nos-organizamos\/\"]}]},{\"@type\":\"BreadcrumbList\",\"@id\":\"https:\/\/www.sutearo.eus\/es\/como-nos-organizamos\/#breadcrumb\",\"itemListElement\":[{\"@type\":\"ListItem\",\"position\":1,\"name\":\"Portada\",\"item\":\"https:\/\/www.sutearo.eus\/es\/\"},{\"@type\":\"ListItem\",\"position\":2,\"name\":\"C\u00d3MO NOS ORGANIZAMOS\"}]},{\"@type\":\"WebSite\",\"@id\":\"https:\/\/www.sutearo.eus\/#website\",\"url\":\"https:\/\/www.sutearo.eus\/\",\"name\":\"Sutearo. Elkarri Laguntzeko Erakundea. Entidad de ayuda mutua\",\"description\":\"Respondemos de los posibles da\u00f1os que se puedan ocasionar en nuestras viviendas\",\"potentialAction\":[{\"@type\":\"SearchAction\",\"target\":{\"@type\":\"EntryPoint\",\"urlTemplate\":\"https:\/\/www.sutearo.eus\/?s={search_term_string}\"},\"query-input\":{\"@type\":\"PropertyValueSpecification\",\"valueRequired\":true,\"valueName\":\"search_term_string\"}}],\"inLanguage\":\"es\"}]}<\/script>\n<!-- \/ Yoast SEO plugin. -->","yoast_head_json":{"title":"SUTEARO: \u00bfC\u00f3mo nos organizamos?","description":"Direcci\u00f3n y organigrama de la Federaci\u00f3n y de cada Sutearo","robots":{"index":"index","follow":"follow","max-snippet":"max-snippet:-1","max-image-preview":"max-image-preview:large","max-video-preview":"max-video-preview:-1"},"canonical":"https:\/\/www.sutearo.eus\/es\/como-nos-organizamos\/","og_locale":"es_ES","og_type":"article","og_title":"SUTEARO: \u00bfC\u00f3mo nos organizamos?","og_description":"Direcci\u00f3n y organigrama de la Federaci\u00f3n y de cada Sutearo","og_url":"https:\/\/www.sutearo.eus\/es\/como-nos-organizamos\/","og_site_name":"Sutearo. Elkarri Laguntzeko Erakundea. Entidad de ayuda mutua","article_modified_time":"2019-11-09T06:52:44+00:00","twitter_card":"summary_large_image","twitter_misc":{"Tiempo de lectura":"8 minutos"},"schema":{"@context":"https:\/\/schema.org","@graph":[{"@type":"WebPage","@id":"https:\/\/www.sutearo.eus\/es\/como-nos-organizamos\/","url":"https:\/\/www.sutearo.eus\/es\/como-nos-organizamos\/","name":"SUTEARO: \u00bfC\u00f3mo nos organizamos?","isPartOf":{"@id":"https:\/\/www.sutearo.eus\/#website"},"datePublished":"2016-11-29T12:32:31+00:00","dateModified":"2019-11-09T06:52:44+00:00","description":"Direcci\u00f3n y organigrama de la Federaci\u00f3n y de cada Sutearo","breadcrumb":{"@id":"https:\/\/www.sutearo.eus\/es\/como-nos-organizamos\/#breadcrumb"},"inLanguage":"es","potentialAction":[{"@type":"ReadAction","target":["https:\/\/www.sutearo.eus\/es\/como-nos-organizamos\/"]}]},{"@type":"BreadcrumbList","@id":"https:\/\/www.sutearo.eus\/es\/como-nos-organizamos\/#breadcrumb","itemListElement":[{"@type":"ListItem","position":1,"name":"Portada","item":"https:\/\/www.sutearo.eus\/es\/"},{"@type":"ListItem","position":2,"name":"C\u00d3MO NOS ORGANIZAMOS"}]},{"@type":"WebSite","@id":"https:\/\/www.sutearo.eus\/#website","url":"https:\/\/www.sutearo.eus\/","name":"Sutearo. Elkarri Laguntzeko Erakundea. Entidad de ayuda mutua","description":"Respondemos de los posibles da\u00f1os que se puedan ocasionar en nuestras viviendas","potentialAction":[{"@type":"SearchAction","target":{"@type":"EntryPoint","urlTemplate":"https:\/\/www.sutearo.eus\/?s={search_term_string}"},"query-input":{"@type":"PropertyValueSpecification","valueRequired":true,"valueName":"search_term_string"}}],"inLanguage":"es"}]}},"_links":{"self":[{"href":"https:\/\/www.sutearo.eus\/es\/wp-json\/wp\/v2\/pages\/455","targetHints":{"allow":["GET"]}}],"collection":[{"href":"https:\/\/www.sutearo.eus\/es\/wp-json\/wp\/v2\/pages"}],"about":[{"href":"https:\/\/www.sutearo.eus\/es\/wp-json\/wp\/v2\/types\/page"}],"author":[{"embeddable":true,"href":"https:\/\/www.sutearo.eus\/es\/wp-json\/wp\/v2\/users\/1"}],"replies":[{"embeddable":true,"href":"https:\/\/www.sutearo.eus\/es\/wp-json\/wp\/v2\/comments?post=455"}],"version-history":[{"count":128,"href":"https:\/\/www.sutearo.eus\/es\/wp-json\/wp\/v2\/pages\/455\/revisions"}],"predecessor-version":[{"id":4200,"href":"https:\/\/www.sutearo.eus\/es\/wp-json\/wp\/v2\/pages\/455\/revisions\/4200"}],"wp:attachment":[{"href":"https:\/\/www.sutearo.eus\/es\/wp-json\/wp\/v2\/media?parent=455"}],"curies":[{"name":"wp","href":"https:\/\/api.w.org\/{rel}","templated":true}]}}