{"id":776,"date":"2016-12-01T07:38:57","date_gmt":"2016-12-01T07:38:57","guid":{"rendered":"https:\/\/www.sutearo.eus\/?page_id=776"},"modified":"2026-03-17T12:07:43","modified_gmt":"2026-03-17T11:07:43","slug":"economia","status":"publish","type":"page","link":"https:\/\/www.sutearo.eus\/es\/economia\/","title":{"rendered":"ECONOM\u00cdA"},"content":{"rendered":"<p>[et_pb_section fb_built=\u00bb1&#8243; custom_padding_last_edited=\u00bbon|desktop\u00bb admin_label=\u00bbsection\u00bb _builder_version=\u00bb4.16&#8243; background_color=\u00bb#c7bfb6&#8243; custom_padding_tablet=\u00bb50px|0|50px|0&#8243; transparent_background=\u00bboff\u00bb padding_mobile=\u00bboff\u00bb make_fullwidth=\u00bboff\u00bb use_custom_width=\u00bboff\u00bb width_unit=\u00bbon\u00bb custom_width_px=\u00bb1080px\u00bb custom_width_percent=\u00bb80%\u00bb global_colors_info=\u00bb{}\u00bb custom_padding_phone=\u00bb50px|0|50px|0&#8243;][et_pb_row padding_mobile=\u00bboff\u00bb column_padding_mobile=\u00bbon\u00bb admin_label=\u00bbFila\u00bb _builder_version=\u00bb4.16&#8243; background_size=\u00bbinitial\u00bb background_position=\u00bbtop_left\u00bb background_repeat=\u00bbrepeat\u00bb custom_margin=\u00bb-30px|||\u00bb make_fullwidth=\u00bboff\u00bb use_custom_width=\u00bboff\u00bb width_unit=\u00bbon\u00bb custom_width_px=\u00bb1080px\u00bb custom_width_percent=\u00bb80%\u00bb global_colors_info=\u00bb{}\u00bb column_structure=\u00bb1_2,1_2&#8243;][et_pb_column type=\u00bb1_2&#8243; _builder_version=\u00bb4.16&#8243; custom_padding=\u00bb|||\u00bb global_colors_info=\u00bb{}\u00bb custom_padding__hover=\u00bb|||\u00bb][et_pb_text admin_label=\u00bbTexto\u00bb _builder_version=\u00bb4.16&#8243; text_text_color=\u00bb#978a7c\u00bb header_font=\u00bbRoboto Condensed||||\u00bb header_text_color=\u00bb#978a7c\u00bb header_font_size=\u00bb45&#8243; background_size=\u00bbinitial\u00bb background_position=\u00bbtop_left\u00bb background_repeat=\u00bbrepeat\u00bb use_border_color=\u00bboff\u00bb border_color=\u00bb#ffffff\u00bb border_style=\u00bbsolid\u00bb global_colors_info=\u00bb{}\u00bb]<\/p>\n<h1><span style=\"color: #970237;\">ECONOM\u00cdA<\/span><\/h1>\n<hr \/>\n<p>&nbsp;<br \/>\n[\/et_pb_text][et_pb_image src=\u00bbhttps:\/\/www.sutearo.eus\/wp-content\/uploads\/2016\/12\/ekonomia.png\u00bb align_tablet=\u00bbcenter\u00bb align_last_edited=\u00bbon|desktop\u00bb admin_label=\u00bbImagen\u00bb _builder_version=\u00bb4.16&#8243; custom_margin=\u00bb-50px|||\u00bb use_border_color=\u00bboff\u00bb border_color=\u00bb#ffffff\u00bb border_style=\u00bbsolid\u00bb animation=\u00bboff\u00bb sticky=\u00bboff\u00bb always_center_on_mobile=\u00bbon\u00bb global_colors_info=\u00bb{}\u00bb align_phone=\u00bbcenter\u00bb] [\/et_pb_image][et_pb_text admin_label=\u00bbTexto\u00bb _builder_version=\u00bb4.16&#8243; header_text_color=\u00bb#32211e\u00bb background_size=\u00bbinitial\u00bb background_position=\u00bbtop_left\u00bb background_repeat=\u00bbrepeat\u00bb use_border_color=\u00bboff\u00bb border_color=\u00bb#ffffff\u00bb border_style=\u00bbsolid\u00bb global_colors_info=\u00bb{}\u00bb]<\/p>\n<h3>Sutearo es una entidad <strong>sin \u00e1nimo de lucro<\/strong>.<\/h3>\n<h3>Las aportaciones de los socios y socias se utilizan para pagar los gastos de siniestros y de gesti\u00f3n que se puedan originar y el remanente queda en la \u201cbolsa\u201d de cada socio o socia a su propio nombre.<\/h3>\n<p>&nbsp;<\/p>\n<h3><strong>Los ingresos de la entidad se destinar\u00e1n<\/strong>, entre otros, a los siguientes fines:<\/h3>\n<ul>\n<li>\n<h3>A la constituci\u00f3n de los fondos para el cumplimiento de las obligaciones contra\u00eddas con las personas asociadas, de acuerdo con los objetivos de la Entidad.<\/h3>\n<\/li>\n<li>\n<h3>Al mantenimiento de los gastos corrientes y de gesti\u00f3n de la Entidad.<\/h3>\n<\/li>\n<li>\n<h3>A otras actividades que tiendan a la consecuci\u00f3n de los fines sociales de la Entidad.<\/h3>\n<\/li>\n<\/ul>\n<p>[\/et_pb_text][\/et_pb_column][et_pb_column type=\u00bb1_2&#8243; _builder_version=\u00bb4.16&#8243; custom_padding=\u00bb|||\u00bb global_colors_info=\u00bb{}\u00bb custom_padding__hover=\u00bb|||\u00bb][et_pb_text admin_label=\u00bbTexto\u00bb _builder_version=\u00bb4.16&#8243; header_font=\u00bbMerriweather||||\u00bb header_text_color=\u00bb#d4782f\u00bb header_font_size=\u00bb30&#8243; background_size=\u00bbinitial\u00bb background_position=\u00bbtop_left\u00bb background_repeat=\u00bbrepeat\u00bb use_border_color=\u00bboff\u00bb border_color=\u00bb#ffffff\u00bb border_style=\u00bbsolid\u00bb global_colors_info=\u00bb{}\u00bb]<\/p>\n<h1>Somos una entidad<br \/>\nsin \u00e1nimo de lucro<\/h1>\n<p>[\/et_pb_text][et_pb_image src=\u00bbhttps:\/\/www.sutearo.eus\/wp-content\/uploads\/2016\/12\/ekonomia.jpg\u00bb align_tablet=\u00bbcenter\u00bb align_last_edited=\u00bbon|desktop\u00bb admin_label=\u00bbImagen\u00bb _builder_version=\u00bb4.16&#8243; use_border_color=\u00bboff\u00bb border_color=\u00bb#ffffff\u00bb border_style=\u00bbsolid\u00bb animation=\u00bboff\u00bb sticky=\u00bboff\u00bb always_center_on_mobile=\u00bbon\u00bb global_colors_info=\u00bb{}\u00bb align_phone=\u00bbcenter\u00bb] [\/et_pb_image][\/et_pb_column][\/et_pb_row][\/et_pb_section]<\/p>\n","protected":false},"excerpt":{"rendered":"<p>ECONOM\u00cdA &nbsp; Sutearo es una entidad sin \u00e1nimo de lucro. Las aportaciones de los socios y socias se utilizan para pagar los gastos de siniestros y de gesti\u00f3n que se puedan originar y el remanente queda en la \u201cbolsa\u201d de cada socio o socia a su propio nombre. &nbsp; Los ingresos de la entidad se [&hellip;]<\/p>\n","protected":false},"author":1,"featured_media":0,"parent":0,"menu_order":0,"comment_status":"closed","ping_status":"closed","template":"","meta":{"_et_pb_use_builder":"on","_et_pb_old_content":"","_et_gb_content_width":"","footnotes":""},"class_list":["post-776","page","type-page","status-publish","hentry"],"yoast_head":"<!-- This site is optimized with the Yoast SEO plugin v27.2 - https:\/\/yoast.com\/product\/yoast-seo-wordpress\/ -->\n<title>ECONOM\u00cdA: Sutearo es una organizaci\u00f3n sin \u00e1nimo de lucro<\/title>\n<meta name=\"description\" content=\"Las aportaciones de los socios y socias se utilizan para pagar los gastos de siniestros y de gesti\u00f3n que se puedan originar.\" \/>\n<meta name=\"robots\" content=\"index, follow, max-snippet:-1, max-image-preview:large, max-video-preview:-1\" \/>\n<link rel=\"canonical\" href=\"https:\/\/www.sutearo.eus\/es\/economia\/\" \/>\n<meta property=\"og:locale\" content=\"es_ES\" \/>\n<meta property=\"og:type\" content=\"article\" \/>\n<meta property=\"og:title\" content=\"ECONOM\u00cdA: Sutearo es una organizaci\u00f3n sin \u00e1nimo de lucro\" \/>\n<meta property=\"og:description\" content=\"Las aportaciones de los socios y socias se utilizan para pagar los gastos de siniestros y de gesti\u00f3n que se puedan originar.\" \/>\n<meta property=\"og:url\" content=\"https:\/\/www.sutearo.eus\/es\/economia\/\" \/>\n<meta property=\"og:site_name\" content=\"Sutearo. Elkarri Laguntzeko Erakundea. Entidad de ayuda mutua\" \/>\n<meta property=\"article:modified_time\" content=\"2026-03-17T11:07:43+00:00\" \/>\n<meta name=\"twitter:card\" content=\"summary_large_image\" \/>\n<meta name=\"twitter:label1\" content=\"Tiempo de lectura\" \/>\n\t<meta name=\"twitter:data1\" content=\"3 minutos\" \/>\n<script type=\"application\/ld+json\" class=\"yoast-schema-graph\">{\"@context\":\"https:\/\/schema.org\",\"@graph\":[{\"@type\":\"WebPage\",\"@id\":\"https:\/\/www.sutearo.eus\/es\/economia\/\",\"url\":\"https:\/\/www.sutearo.eus\/es\/economia\/\",\"name\":\"ECONOM\u00cdA: Sutearo es una organizaci\u00f3n sin \u00e1nimo de lucro\",\"isPartOf\":{\"@id\":\"https:\/\/www.sutearo.eus\/#website\"},\"datePublished\":\"2016-12-01T07:38:57+00:00\",\"dateModified\":\"2026-03-17T11:07:43+00:00\",\"description\":\"Las aportaciones de los socios y socias se utilizan para pagar los gastos de siniestros y de gesti\u00f3n que se puedan originar.\",\"breadcrumb\":{\"@id\":\"https:\/\/www.sutearo.eus\/es\/economia\/#breadcrumb\"},\"inLanguage\":\"es\",\"potentialAction\":[{\"@type\":\"ReadAction\",\"target\":[\"https:\/\/www.sutearo.eus\/es\/economia\/\"]}]},{\"@type\":\"BreadcrumbList\",\"@id\":\"https:\/\/www.sutearo.eus\/es\/economia\/#breadcrumb\",\"itemListElement\":[{\"@type\":\"ListItem\",\"position\":1,\"name\":\"Portada\",\"item\":\"https:\/\/www.sutearo.eus\/es\/\"},{\"@type\":\"ListItem\",\"position\":2,\"name\":\"ECONOM\u00cdA\"}]},{\"@type\":\"WebSite\",\"@id\":\"https:\/\/www.sutearo.eus\/#website\",\"url\":\"https:\/\/www.sutearo.eus\/\",\"name\":\"Sutearo. Elkarri Laguntzeko Erakundea. Entidad de ayuda mutua\",\"description\":\"Respondemos de los posibles da\u00f1os que se puedan ocasionar en nuestras viviendas\",\"potentialAction\":[{\"@type\":\"SearchAction\",\"target\":{\"@type\":\"EntryPoint\",\"urlTemplate\":\"https:\/\/www.sutearo.eus\/?s={search_term_string}\"},\"query-input\":{\"@type\":\"PropertyValueSpecification\",\"valueRequired\":true,\"valueName\":\"search_term_string\"}}],\"inLanguage\":\"es\"}]}<\/script>\n<!-- \/ Yoast SEO plugin. -->","yoast_head_json":{"title":"ECONOM\u00cdA: Sutearo es una organizaci\u00f3n sin \u00e1nimo de lucro","description":"Las aportaciones de los socios y socias se utilizan para pagar los gastos de siniestros y de gesti\u00f3n que se puedan originar.","robots":{"index":"index","follow":"follow","max-snippet":"max-snippet:-1","max-image-preview":"max-image-preview:large","max-video-preview":"max-video-preview:-1"},"canonical":"https:\/\/www.sutearo.eus\/es\/economia\/","og_locale":"es_ES","og_type":"article","og_title":"ECONOM\u00cdA: Sutearo es una organizaci\u00f3n sin \u00e1nimo de lucro","og_description":"Las aportaciones de los socios y socias se utilizan para pagar los gastos de siniestros y de gesti\u00f3n que se puedan originar.","og_url":"https:\/\/www.sutearo.eus\/es\/economia\/","og_site_name":"Sutearo. Elkarri Laguntzeko Erakundea. Entidad de ayuda mutua","article_modified_time":"2026-03-17T11:07:43+00:00","twitter_card":"summary_large_image","twitter_misc":{"Tiempo de lectura":"3 minutos"},"schema":{"@context":"https:\/\/schema.org","@graph":[{"@type":"WebPage","@id":"https:\/\/www.sutearo.eus\/es\/economia\/","url":"https:\/\/www.sutearo.eus\/es\/economia\/","name":"ECONOM\u00cdA: Sutearo es una organizaci\u00f3n sin \u00e1nimo de lucro","isPartOf":{"@id":"https:\/\/www.sutearo.eus\/#website"},"datePublished":"2016-12-01T07:38:57+00:00","dateModified":"2026-03-17T11:07:43+00:00","description":"Las aportaciones de los socios y socias se utilizan para pagar los gastos de siniestros y de gesti\u00f3n que se puedan originar.","breadcrumb":{"@id":"https:\/\/www.sutearo.eus\/es\/economia\/#breadcrumb"},"inLanguage":"es","potentialAction":[{"@type":"ReadAction","target":["https:\/\/www.sutearo.eus\/es\/economia\/"]}]},{"@type":"BreadcrumbList","@id":"https:\/\/www.sutearo.eus\/es\/economia\/#breadcrumb","itemListElement":[{"@type":"ListItem","position":1,"name":"Portada","item":"https:\/\/www.sutearo.eus\/es\/"},{"@type":"ListItem","position":2,"name":"ECONOM\u00cdA"}]},{"@type":"WebSite","@id":"https:\/\/www.sutearo.eus\/#website","url":"https:\/\/www.sutearo.eus\/","name":"Sutearo. Elkarri Laguntzeko Erakundea. Entidad de ayuda mutua","description":"Respondemos de los posibles da\u00f1os que se puedan ocasionar en nuestras viviendas","potentialAction":[{"@type":"SearchAction","target":{"@type":"EntryPoint","urlTemplate":"https:\/\/www.sutearo.eus\/?s={search_term_string}"},"query-input":{"@type":"PropertyValueSpecification","valueRequired":true,"valueName":"search_term_string"}}],"inLanguage":"es"}]}},"_links":{"self":[{"href":"https:\/\/www.sutearo.eus\/es\/wp-json\/wp\/v2\/pages\/776","targetHints":{"allow":["GET"]}}],"collection":[{"href":"https:\/\/www.sutearo.eus\/es\/wp-json\/wp\/v2\/pages"}],"about":[{"href":"https:\/\/www.sutearo.eus\/es\/wp-json\/wp\/v2\/types\/page"}],"author":[{"embeddable":true,"href":"https:\/\/www.sutearo.eus\/es\/wp-json\/wp\/v2\/users\/1"}],"replies":[{"embeddable":true,"href":"https:\/\/www.sutearo.eus\/es\/wp-json\/wp\/v2\/comments?post=776"}],"version-history":[{"count":20,"href":"https:\/\/www.sutearo.eus\/es\/wp-json\/wp\/v2\/pages\/776\/revisions"}],"predecessor-version":[{"id":5760,"href":"https:\/\/www.sutearo.eus\/es\/wp-json\/wp\/v2\/pages\/776\/revisions\/5760"}],"wp:attachment":[{"href":"https:\/\/www.sutearo.eus\/es\/wp-json\/wp\/v2\/media?parent=776"}],"curies":[{"name":"wp","href":"https:\/\/api.w.org\/{rel}","templated":true}]}}