{"id":795,"date":"2016-12-01T07:55:42","date_gmt":"2016-12-01T07:55:42","guid":{"rendered":"https:\/\/www.sutearo.eus\/?page_id=795"},"modified":"2026-03-17T12:06:13","modified_gmt":"2026-03-17T11:06:13","slug":"no-somos-una-compania-de-seguros","status":"publish","type":"page","link":"https:\/\/www.sutearo.eus\/es\/no-somos-una-compania-de-seguros\/","title":{"rendered":"NO SOMOS UNA COMPA\u00d1\u00cdA DE SEGUROS"},"content":{"rendered":"<p>[et_pb_section fb_built=\u00bb1&#8243; custom_padding_last_edited=\u00bbon|desktop\u00bb admin_label=\u00bbsection\u00bb _builder_version=\u00bb4.16&#8243; background_color=\u00bb#c7bfb6&#8243; custom_padding_tablet=\u00bb50px|0|50px|0&#8243; custom_padding_phone=\u00bb\u00bb transparent_background=\u00bboff\u00bb padding_mobile=\u00bboff\u00bb make_fullwidth=\u00bboff\u00bb use_custom_width=\u00bboff\u00bb width_unit=\u00bbon\u00bb custom_width_px=\u00bb1080px\u00bb custom_width_percent=\u00bb80%\u00bb global_colors_info=\u00bb{}\u00bb][et_pb_row padding_mobile=\u00bboff\u00bb column_padding_mobile=\u00bbon\u00bb admin_label=\u00bbFila\u00bb _builder_version=\u00bb4.16&#8243; background_size=\u00bbinitial\u00bb background_position=\u00bbtop_left\u00bb background_repeat=\u00bbrepeat\u00bb custom_margin=\u00bb-30px|||\u00bb make_fullwidth=\u00bboff\u00bb use_custom_width=\u00bboff\u00bb width_unit=\u00bbon\u00bb custom_width_px=\u00bb1080px\u00bb custom_width_percent=\u00bb80%\u00bb global_colors_info=\u00bb{}\u00bb][et_pb_column type=\u00bb4_4&#8243; _builder_version=\u00bb4.16&#8243; custom_padding=\u00bb|||\u00bb global_colors_info=\u00bb{}\u00bb custom_padding__hover=\u00bb|||\u00bb][et_pb_text admin_label=\u00bbTexto\u00bb _builder_version=\u00bb4.16&#8243; text_text_color=\u00bb#978a7c\u00bb header_font=\u00bbRoboto Condensed||||\u00bb header_text_color=\u00bb#970237&#8243; header_font_size=\u00bb45px\u00bb background_size=\u00bbinitial\u00bb background_position=\u00bbtop_left\u00bb background_repeat=\u00bbrepeat\u00bb use_border_color=\u00bboff\u00bb border_style=\u00bbsolid\u00bb global_colors_info=\u00bb{}\u00bb]<\/p>\n<h1><span style=\"color: #970237;\">NO SOMOS UNA COMPA\u00d1\u00cdA DE SEGUROS<\/span><\/h1>\n<hr \/>\n<p>&nbsp;<\/p>\n<p>[\/et_pb_text][\/et_pb_column][\/et_pb_row][et_pb_row padding_mobile=\u00bboff\u00bb column_padding_mobile=\u00bbon\u00bb admin_label=\u00bbrow\u00bb _builder_version=\u00bb4.16&#8243; background_color=\u00bbrgba(255,255,255,0)\u00bb background_size=\u00bbinitial\u00bb background_position=\u00bbtop_left\u00bb background_repeat=\u00bbrepeat\u00bb custom_margin=\u00bb-50px|||\u00bb make_fullwidth=\u00bboff\u00bb use_custom_width=\u00bboff\u00bb width_unit=\u00bbon\u00bb custom_width_px=\u00bb1080px\u00bb custom_width_percent=\u00bb80%\u00bb global_colors_info=\u00bb{}\u00bb column_structure=\u00bb1_2,1_2&#8243;][et_pb_column type=\u00bb1_2&#8243; _builder_version=\u00bb4.16&#8243; custom_padding=\u00bb|||\u00bb global_colors_info=\u00bb{}\u00bb custom_padding__hover=\u00bb|||\u00bb][et_pb_gallery gallery_ids=\u00bb381,377,380,382,378,379&#8243; fullwidth=\u00bbon\u00bb admin_label=\u00bbGaler\u00eda\u00bb _builder_version=\u00bb4.16&#8243; title_text_color=\u00bb#d4782f\u00bb caption_all_caps=\u00bboff\u00bb background_layout=\u00bbdark\u00bb auto=\u00bbon\u00bb use_border_color=\u00bboff\u00bb border_color=\u00bb#ffffff\u00bb border_width=\u00bb1px\u00bb border_style=\u00bbsolid\u00bb global_colors_info=\u00bb{}\u00bb] [\/et_pb_gallery][\/et_pb_column][et_pb_column type=\u00bb1_2&#8243; _builder_version=\u00bb4.16&#8243; custom_padding=\u00bb|||\u00bb global_colors_info=\u00bb{}\u00bb custom_padding__hover=\u00bb|||\u00bb][et_pb_text admin_label=\u00bbTexto\u00bb _builder_version=\u00bb4.16&#8243; header_text_color=\u00bb#d4782f\u00bb background_size=\u00bbinitial\u00bb background_position=\u00bbtop_left\u00bb background_repeat=\u00bbrepeat\u00bb use_border_color=\u00bboff\u00bb border_style=\u00bbsolid\u00bb global_colors_info=\u00bb{}\u00bb]<\/p>\n<h2><span style=\"color: #d4782f;\"><strong>&iquest;Cu&aacute;les son las semejanzas de Sutearo<br \/> con una compa&ntilde;&iacute;a aseguradora?<\/strong><\/span><\/h2>\n<ol>\n<li>\n<h4>Respondemos de los posibles da&ntilde;os que se puedan ocasionar en nuestras viviendas o valores inscritos como consecuencia de los supuestos establecidos en el contrato; incendio, explosi&oacute;n, rayo, lluvia, viento, robo, piedra&hellip;.<\/h4>\n<\/li>\n<li>\n<h4>Gestionamos asimismo los da&ntilde;os que se puedan derivar de nuestra responsabilidad civil.<\/h4>\n<h4>Y hasta aqu&iacute; las semejanzas.<\/h4>\n<\/li>\n<\/ol>\n<h2><span style=\"color: #d4782f;\"><strong>&iquest;Qu&eacute; nos diferencia de<br \/> las compa&ntilde;&iacute;as aseguradoras?<\/strong><\/span><\/h2>\n<ol>\n<li>\n<h4>En primer lugar el propio t&eacute;rmino de &ldquo;compa&ntilde;&iacute;a&rdquo; porque Sutearo es una Entidad , Asociaci&oacute;n o Agrupaci&oacute;n de ayuda mutua compuesta y gestionada por socios\/as.<\/h4>\n<\/li>\n<li>\n<h4>Somos los propios socios\/as de Sutearo los que decidimos de forma conjunta y asamblearia el alcance de las ayudas y las normas de funcionamiento que rigen nuestro d&iacute;a a d&iacute;a.<\/h4>\n<\/li>\n<li>\n<h4>Las compa&ntilde;&iacute;as aseguradoras son empresas que tienen como &uacute;ltimo fin obtener beneficios. En Sutearo NO tenemos beneficios. Las aportaciones de las personas asociadas se utilizan para pagar los gastos de siniestros y de gesti&oacute;n que se puedan originar y el remanente queda en la &ldquo;bolsa&rdquo; de cada persona asociada&nbsp;a su popio nombre.<\/h4>\n<\/li>\n<li>\n<h4>Sutearo se ha centrado en la protecci&oacute;n de caser&iacute;os o viviendas situadas en &aacute;mbito rural debido en primer lugar a que es en ese &aacute;mbito donde se constituyeron nuestras primeras Hermandades y en segundo lugar a que las soluciones que se ofrec&iacute;an desde las compa&ntilde;&iacute;as aseguradoras tradicionales no se ajustaban a las necesidades de este tipo de viviendas.<\/h4>\n<\/li>\n<\/ol>\n<p>[\/et_pb_text][\/et_pb_column][\/et_pb_row][\/et_pb_section]<\/p>\n","protected":false},"excerpt":{"rendered":"<p>NO SOMOS UNA COMPA\u00d1\u00cdA DE SEGUROS &nbsp; &iquest;Cu&aacute;les son las semejanzas de Sutearo con una compa&ntilde;&iacute;a aseguradora? Respondemos de los posibles da&ntilde;os que se puedan ocasionar en nuestras viviendas o valores inscritos como consecuencia de los supuestos establecidos en el contrato; incendio, explosi&oacute;n, rayo, lluvia, viento, robo, piedra&hellip;. Gestionamos asimismo los da&ntilde;os que se puedan [&hellip;]<\/p>\n","protected":false},"author":1,"featured_media":0,"parent":0,"menu_order":0,"comment_status":"closed","ping_status":"closed","template":"","meta":{"_et_pb_use_builder":"on","_et_pb_old_content":"","_et_gb_content_width":"","footnotes":""},"class_list":["post-795","page","type-page","status-publish","hentry"],"yoast_head":"<!-- This site is optimized with the Yoast SEO plugin v27.2 - https:\/\/yoast.com\/product\/yoast-seo-wordpress\/ -->\n<title>NO SOMOS UNA COMPA\u00d1\u00cdA DE SEGUROS - Sutearo. Elkarri Laguntzeko Erakundea. Entidad de ayuda mutua<\/title>\n<meta name=\"robots\" content=\"index, follow, max-snippet:-1, max-image-preview:large, max-video-preview:-1\" \/>\n<link rel=\"canonical\" href=\"https:\/\/www.sutearo.eus\/es\/no-somos-una-compania-de-seguros\/\" \/>\n<meta property=\"og:locale\" content=\"es_ES\" \/>\n<meta property=\"og:type\" content=\"article\" \/>\n<meta property=\"og:title\" content=\"NO SOMOS UNA COMPA\u00d1\u00cdA DE SEGUROS - Sutearo. Elkarri Laguntzeko Erakundea. Entidad de ayuda mutua\" \/>\n<meta property=\"og:description\" content=\"NO SOMOS UNA COMPA\u00d1\u00cdA DE SEGUROS &nbsp; &iquest;Cu&aacute;les son las semejanzas de Sutearo con una compa&ntilde;&iacute;a aseguradora? Respondemos de los posibles da&ntilde;os que se puedan ocasionar en nuestras viviendas o valores inscritos como consecuencia de los supuestos establecidos en el contrato; incendio, explosi&oacute;n, rayo, lluvia, viento, robo, piedra&hellip;. Gestionamos asimismo los da&ntilde;os que se puedan [&hellip;]\" \/>\n<meta property=\"og:url\" content=\"https:\/\/www.sutearo.eus\/es\/no-somos-una-compania-de-seguros\/\" \/>\n<meta property=\"og:site_name\" content=\"Sutearo. Elkarri Laguntzeko Erakundea. Entidad de ayuda mutua\" \/>\n<meta property=\"article:modified_time\" content=\"2026-03-17T11:06:13+00:00\" \/>\n<meta name=\"twitter:card\" content=\"summary_large_image\" \/>\n<meta name=\"twitter:label1\" content=\"Tiempo de lectura\" \/>\n\t<meta name=\"twitter:data1\" content=\"3 minutos\" \/>\n<script type=\"application\/ld+json\" class=\"yoast-schema-graph\">{\"@context\":\"https:\/\/schema.org\",\"@graph\":[{\"@type\":\"WebPage\",\"@id\":\"https:\/\/www.sutearo.eus\/es\/no-somos-una-compania-de-seguros\/\",\"url\":\"https:\/\/www.sutearo.eus\/es\/no-somos-una-compania-de-seguros\/\",\"name\":\"NO SOMOS UNA COMPA\u00d1\u00cdA DE SEGUROS - Sutearo. Elkarri Laguntzeko Erakundea. Entidad de ayuda mutua\",\"isPartOf\":{\"@id\":\"https:\/\/www.sutearo.eus\/#website\"},\"datePublished\":\"2016-12-01T07:55:42+00:00\",\"dateModified\":\"2026-03-17T11:06:13+00:00\",\"breadcrumb\":{\"@id\":\"https:\/\/www.sutearo.eus\/es\/no-somos-una-compania-de-seguros\/#breadcrumb\"},\"inLanguage\":\"es\",\"potentialAction\":[{\"@type\":\"ReadAction\",\"target\":[\"https:\/\/www.sutearo.eus\/es\/no-somos-una-compania-de-seguros\/\"]}]},{\"@type\":\"BreadcrumbList\",\"@id\":\"https:\/\/www.sutearo.eus\/es\/no-somos-una-compania-de-seguros\/#breadcrumb\",\"itemListElement\":[{\"@type\":\"ListItem\",\"position\":1,\"name\":\"Portada\",\"item\":\"https:\/\/www.sutearo.eus\/es\/\"},{\"@type\":\"ListItem\",\"position\":2,\"name\":\"NO SOMOS UNA COMPA\u00d1\u00cdA DE SEGUROS\"}]},{\"@type\":\"WebSite\",\"@id\":\"https:\/\/www.sutearo.eus\/#website\",\"url\":\"https:\/\/www.sutearo.eus\/\",\"name\":\"Sutearo. Elkarri Laguntzeko Erakundea. Entidad de ayuda mutua\",\"description\":\"Respondemos de los posibles da\u00f1os que se puedan ocasionar en nuestras viviendas\",\"potentialAction\":[{\"@type\":\"SearchAction\",\"target\":{\"@type\":\"EntryPoint\",\"urlTemplate\":\"https:\/\/www.sutearo.eus\/?s={search_term_string}\"},\"query-input\":{\"@type\":\"PropertyValueSpecification\",\"valueRequired\":true,\"valueName\":\"search_term_string\"}}],\"inLanguage\":\"es\"}]}<\/script>\n<!-- \/ Yoast SEO plugin. -->","yoast_head_json":{"title":"NO SOMOS UNA COMPA\u00d1\u00cdA DE SEGUROS - Sutearo. Elkarri Laguntzeko Erakundea. Entidad de ayuda mutua","robots":{"index":"index","follow":"follow","max-snippet":"max-snippet:-1","max-image-preview":"max-image-preview:large","max-video-preview":"max-video-preview:-1"},"canonical":"https:\/\/www.sutearo.eus\/es\/no-somos-una-compania-de-seguros\/","og_locale":"es_ES","og_type":"article","og_title":"NO SOMOS UNA COMPA\u00d1\u00cdA DE SEGUROS - Sutearo. Elkarri Laguntzeko Erakundea. Entidad de ayuda mutua","og_description":"NO SOMOS UNA COMPA\u00d1\u00cdA DE SEGUROS &nbsp; &iquest;Cu&aacute;les son las semejanzas de Sutearo con una compa&ntilde;&iacute;a aseguradora? Respondemos de los posibles da&ntilde;os que se puedan ocasionar en nuestras viviendas o valores inscritos como consecuencia de los supuestos establecidos en el contrato; incendio, explosi&oacute;n, rayo, lluvia, viento, robo, piedra&hellip;. Gestionamos asimismo los da&ntilde;os que se puedan [&hellip;]","og_url":"https:\/\/www.sutearo.eus\/es\/no-somos-una-compania-de-seguros\/","og_site_name":"Sutearo. Elkarri Laguntzeko Erakundea. Entidad de ayuda mutua","article_modified_time":"2026-03-17T11:06:13+00:00","twitter_card":"summary_large_image","twitter_misc":{"Tiempo de lectura":"3 minutos"},"schema":{"@context":"https:\/\/schema.org","@graph":[{"@type":"WebPage","@id":"https:\/\/www.sutearo.eus\/es\/no-somos-una-compania-de-seguros\/","url":"https:\/\/www.sutearo.eus\/es\/no-somos-una-compania-de-seguros\/","name":"NO SOMOS UNA COMPA\u00d1\u00cdA DE SEGUROS - Sutearo. Elkarri Laguntzeko Erakundea. Entidad de ayuda mutua","isPartOf":{"@id":"https:\/\/www.sutearo.eus\/#website"},"datePublished":"2016-12-01T07:55:42+00:00","dateModified":"2026-03-17T11:06:13+00:00","breadcrumb":{"@id":"https:\/\/www.sutearo.eus\/es\/no-somos-una-compania-de-seguros\/#breadcrumb"},"inLanguage":"es","potentialAction":[{"@type":"ReadAction","target":["https:\/\/www.sutearo.eus\/es\/no-somos-una-compania-de-seguros\/"]}]},{"@type":"BreadcrumbList","@id":"https:\/\/www.sutearo.eus\/es\/no-somos-una-compania-de-seguros\/#breadcrumb","itemListElement":[{"@type":"ListItem","position":1,"name":"Portada","item":"https:\/\/www.sutearo.eus\/es\/"},{"@type":"ListItem","position":2,"name":"NO SOMOS UNA COMPA\u00d1\u00cdA DE SEGUROS"}]},{"@type":"WebSite","@id":"https:\/\/www.sutearo.eus\/#website","url":"https:\/\/www.sutearo.eus\/","name":"Sutearo. Elkarri Laguntzeko Erakundea. Entidad de ayuda mutua","description":"Respondemos de los posibles da\u00f1os que se puedan ocasionar en nuestras viviendas","potentialAction":[{"@type":"SearchAction","target":{"@type":"EntryPoint","urlTemplate":"https:\/\/www.sutearo.eus\/?s={search_term_string}"},"query-input":{"@type":"PropertyValueSpecification","valueRequired":true,"valueName":"search_term_string"}}],"inLanguage":"es"}]}},"_links":{"self":[{"href":"https:\/\/www.sutearo.eus\/es\/wp-json\/wp\/v2\/pages\/795","targetHints":{"allow":["GET"]}}],"collection":[{"href":"https:\/\/www.sutearo.eus\/es\/wp-json\/wp\/v2\/pages"}],"about":[{"href":"https:\/\/www.sutearo.eus\/es\/wp-json\/wp\/v2\/types\/page"}],"author":[{"embeddable":true,"href":"https:\/\/www.sutearo.eus\/es\/wp-json\/wp\/v2\/users\/1"}],"replies":[{"embeddable":true,"href":"https:\/\/www.sutearo.eus\/es\/wp-json\/wp\/v2\/comments?post=795"}],"version-history":[{"count":19,"href":"https:\/\/www.sutearo.eus\/es\/wp-json\/wp\/v2\/pages\/795\/revisions"}],"predecessor-version":[{"id":5757,"href":"https:\/\/www.sutearo.eus\/es\/wp-json\/wp\/v2\/pages\/795\/revisions\/5757"}],"wp:attachment":[{"href":"https:\/\/www.sutearo.eus\/es\/wp-json\/wp\/v2\/media?parent=795"}],"curies":[{"name":"wp","href":"https:\/\/api.w.org\/{rel}","templated":true}]}}